{"id":62396,"date":"2025-02-11T14:20:24","date_gmt":"2025-02-11T14:20:24","guid":{"rendered":"https:\/\/e.kosmolat.eu\/product\/great-sausas-smarzas-orange-blossom-25-gr\/"},"modified":"2025-09-02T17:00:48","modified_gmt":"2025-09-02T17:00:48","slug":"great-apelsina-zieds-daudzfunkc-aromatisk-maisins-25-g","status":"publish","type":"product","link":"https:\/\/e.kosmolat.eu\/lv\/product\/great-apelsina-zieds-daudzfunkc-aromatisk-maisins-25-g\/","title":{"rendered":"GREAT Apels\u012bna zieds Daudzfunkc. arom\u0101tisk. maisi\u0146\u0161, 25 g"},"content":{"rendered":"","protected":false},"excerpt":{"rendered":"","protected":false},"featured_media":0,"template":"","meta":[],"product_cat":[1522],"product_tag":[],"class_list":{"0":"post-62396","1":"product","2":"type-product","3":"status-publish","5":"product_brand-sora_tr","6":"product_cat-gaisa-atsvaidzinataji-majas-aromati","8":"first","9":"instock","10":"taxable","11":"shipping-taxable","12":"product-type-simple"},"_links":{"self":[{"href":"https:\/\/e.kosmolat.eu\/lv\/wp-json\/wp\/v2\/product\/62396","targetHints":{"allow":["GET"]}}],"collection":[{"href":"https:\/\/e.kosmolat.eu\/lv\/wp-json\/wp\/v2\/product"}],"about":[{"href":"https:\/\/e.kosmolat.eu\/lv\/wp-json\/wp\/v2\/types\/product"}],"wp:attachment":[{"href":"https:\/\/e.kosmolat.eu\/lv\/wp-json\/wp\/v2\/media?parent=62396"}],"wp:term":[{"taxonomy":"product_cat","embeddable":true,"href":"https:\/\/e.kosmolat.eu\/lv\/wp-json\/wp\/v2\/product_cat?post=62396"},{"taxonomy":"product_tag","embeddable":true,"href":"https:\/\/e.kosmolat.eu\/lv\/wp-json\/wp\/v2\/product_tag?post=62396"}],"curies":[{"name":"wp","href":"https:\/\/api.w.org\/{rel}","templated":true}]}}