{"id":62350,"date":"2025-02-08T05:02:57","date_gmt":"2025-02-08T05:02:57","guid":{"rendered":"https:\/\/e.kosmolat.eu\/product\/gp-ilangilangs-un-sarkanais-apelsins-kermena-migla-150-ml\/"},"modified":"2026-04-22T07:24:05","modified_gmt":"2026-04-22T07:24:05","slug":"gp-ilangilangs-un-sarkanais-apelsins-kermena-migla-150-ml","status":"publish","type":"product","link":"https:\/\/e.kosmolat.eu\/lv\/product\/gp-ilangilangs-un-sarkanais-apelsins-kermena-migla-150-ml\/","title":{"rendered":"GP \u012alang\u012blangs un sarkanais apels\u012bns \u0137erme\u0146a migla, 150 ml"},"content":{"rendered":"<p>Dermatolo\u0123iski test\u0113ts.<\/p>\n<p>Lieto\u0161ana: izsmidzin\u0101t uz \u0101das, turot pudeli vertik\u0101li 15-20 cm att\u0101lum\u0101 no \u0101das.<\/p>\n<p>Piesardz\u012bbas pas\u0101kumi: nelietot b\u0113rniem l\u012bdz 6 gadu vecumam.<\/p>\n<p>Uzglab\u0101t temperat\u016br\u0101 no +5\u00b0C l\u012bdz +25\u00b0C.<\/p>\n<p>Der\u012bguma termi\u0146\u0161: 30 m\u0113ne\u0161i no izgatavo\u0161anas datuma.<\/p>\n","protected":false},"excerpt":{"rendered":"<p>Dermatolo\u0123iski test\u0113ts. Lieto\u0161ana: izsmidzin\u0101t uz \u0101das, turot pudeli vertik\u0101li 15-20 cm att\u0101lum\u0101 no \u0101das. Piesardz\u012bbas pas\u0101kumi: nelietot b\u0113rniem l\u012bdz 6 gadu vecumam. Uzglab\u0101t temperat\u016br\u0101 no +5\u00b0C l\u012bdz +25\u00b0C. Der\u012bguma termi\u0146\u0161: 30 m\u0113ne\u0161i no izgatavo\u0161anas datuma.<\/p>\n","protected":false},"featured_media":93186,"template":"","meta":[],"product_cat":[1999],"product_tag":[],"class_list":{"0":"post-62350","1":"product","2":"type-product","3":"status-publish","4":"has-post-thumbnail","6":"product_brand-elfa_ua","7":"product_cat-bez-kategorijas","9":"first","10":"instock","11":"taxable","12":"shipping-taxable","13":"product-type-simple"},"_links":{"self":[{"href":"https:\/\/e.kosmolat.eu\/lv\/wp-json\/wp\/v2\/product\/62350","targetHints":{"allow":["GET"]}}],"collection":[{"href":"https:\/\/e.kosmolat.eu\/lv\/wp-json\/wp\/v2\/product"}],"about":[{"href":"https:\/\/e.kosmolat.eu\/lv\/wp-json\/wp\/v2\/types\/product"}],"wp:featuredmedia":[{"embeddable":true,"href":"https:\/\/e.kosmolat.eu\/lv\/wp-json\/wp\/v2\/media\/93186"}],"wp:attachment":[{"href":"https:\/\/e.kosmolat.eu\/lv\/wp-json\/wp\/v2\/media?parent=62350"}],"wp:term":[{"taxonomy":"product_cat","embeddable":true,"href":"https:\/\/e.kosmolat.eu\/lv\/wp-json\/wp\/v2\/product_cat?post=62350"},{"taxonomy":"product_tag","embeddable":true,"href":"https:\/\/e.kosmolat.eu\/lv\/wp-json\/wp\/v2\/product_tag?post=62350"}],"curies":[{"name":"wp","href":"https:\/\/api.w.org\/{rel}","templated":true}]}}