{"id":62321,"date":"2025-02-07T05:02:20","date_gmt":"2025-02-07T05:02:20","guid":{"rendered":"https:\/\/e.kosmolat.eu\/product\/gp-bambuss-niacinamids-koncentr-pret-adas-nepilnibam-30-ml\/"},"modified":"2026-04-20T05:54:49","modified_gmt":"2026-04-20T05:54:49","slug":"gp-bambuss-niacinamids-koncentr-pret-adas-nepilnibam-30-ml","status":"publish","type":"product","link":"https:\/\/e.kosmolat.eu\/lv\/product\/gp-bambuss-niacinamids-koncentr-pret-adas-nepilnibam-30-ml\/","title":{"rendered":"GP Bambuss + niacinam\u012bds Koncentr. pret \u0101das nepiln\u012bb\u0101m, 30 ml"},"content":{"rendered":"<p>\u0160\u012bs s\u0113rijas produktu lieto\u0161ana pal\u012bdz\u0113s l\u012bdzsvarot da\u017e\u0101das kombin\u0113t\u0101s \u0101das vajadz\u012bbas, nodro\u0161inot mat\u0113jo\u0161u un mitrino\u0161u efektu, k\u0101 ar\u012b pie\u0161\u0137irot \u0101dai vesel\u012bgu izskatu.<\/p>\n<p>Akt\u012bv\u0101s sast\u0101vda\u013cas:<br \/>\n\u2022 Niacinam\u012bds (B3\/PP vitam\u012bns) normaliz\u0113 sebuma izstr\u0101di, izl\u012bdzina \u0101du, pal\u012bdz samazin\u0101t poru redzam\u012bbu, izl\u012bdzina \u0101das toni, nov\u0113r\u0161 pigment\u0101cijas un \u0101das nepiln\u012bbu veido\u0161anos.<br \/>\n\u2022 Ferment\u0113ts bambusa ekstrakts saglab\u0101 \u0101du lielisk\u0101 st\u0101vokl\u012b, m\u012bkstina un izl\u012bdzina to. Pal\u012bdz notur\u0113t mitrumu \u0101d\u0101 un uzlabo t\u0101s elast\u012bbu. Ferment\u0101cijas process atvieglo visu bambusa labv\u0113l\u012bgo vielu uzs\u016bk\u0161anos \u0101d\u0101, nodro\u0161inot \u0101tru atjauno\u0161anu un baro\u0161anu. Tas ne tikai detoksic\u0113, bet ar\u012b atjauno un mitrina \u0101du.<br \/>\nKoncentr\u0101ts pret \u0101das nepiln\u012bb\u0101m pa\u0101trina \u0101das atjauno\u0161anos, samazina poru redzam\u012bbu, mitrina un uzlabo \u0101das st\u0101vokli.<\/p>\n<p>\u012apa\u0161\u012bbas:<br \/>\n\u2022 \u0101das nepiln\u012bbu samazin\u0101\u0161ana;<br \/>\n\u2022 2 vien\u0101: mitrin\u0101\u0161ana un mat\u0113\u0161ana;<br \/>\n\u2022 \u0101das sp\u012bduma nov\u0113r\u0161ana T zon\u0101;<br \/>\n\u2022 poru redzam\u012bbas samazin\u0101\u0161ana;<br \/>\n\u2022 nomierino\u0161a iedarb\u012bba;<br \/>\n\u2022 \u0101das to\u0146a izl\u012bdzin\u0101\u0161ana.<\/p>\n<p>Lieto\u0161ana: uzkl\u0101t nelielu koncentr\u0101ta daudzumu uz sejas \u0101das. Lietot 2 reizes dien\u0101.<\/p>\n<p>Piesardz\u012bbas pas\u0101kumi: iesp\u0113jama paaugstin\u0101ta individu\u0101l\u0101 jut\u012bba pret atsevi\u0161\u0137\u0101m sast\u0101vda\u013c\u0101m.<\/p>\n<p>Uzglab\u0101t temperat\u016br\u0101 no +5\u00b0C l\u012bdz +25\u00b0C.<\/p>\n<p>Der\u012bguma termi\u0146\u0161: 30 m\u0113ne\u0161i no izgatavo\u0161anas datuma.<\/p>\n","protected":false},"excerpt":{"rendered":"<p>\u0160\u012bs s\u0113rijas produktu lieto\u0161ana pal\u012bdz\u0113s l\u012bdzsvarot da\u017e\u0101das kombin\u0113t\u0101s \u0101das vajadz\u012bbas, nodro\u0161inot mat\u0113jo\u0161u un mitrino\u0161u efektu, k\u0101 ar\u012b pie\u0161\u0137irot \u0101dai vesel\u012bgu izskatu. Akt\u012bv\u0101s sast\u0101vda\u013cas: \u2022 Niacinam\u012bds (B3\/PP vitam\u012bns) normaliz\u0113 sebuma izstr\u0101di, izl\u012bdzina \u0101du, pal\u012bdz samazin\u0101t poru redzam\u012bbu, izl\u012bdzina \u0101das toni, nov\u0113r\u0161 pigment\u0101cijas un \u0101das nepiln\u012bbu veido\u0161anos. \u2022 Ferment\u0113ts bambusa ekstrakts saglab\u0101 \u0101du lielisk\u0101 st\u0101vokl\u012b, m\u012bkstina un [&#8230;]\n","protected":false},"featured_media":93126,"template":"","meta":[],"product_cat":[1325],"product_tag":[],"class_list":{"0":"post-62321","1":"product","2":"type-product","3":"status-publish","4":"has-post-thumbnail","6":"product_brand-elfa_ua","7":"product_cat-serumi","9":"first","10":"instock","11":"taxable","12":"shipping-taxable","13":"product-type-simple"},"_links":{"self":[{"href":"https:\/\/e.kosmolat.eu\/lv\/wp-json\/wp\/v2\/product\/62321","targetHints":{"allow":["GET"]}}],"collection":[{"href":"https:\/\/e.kosmolat.eu\/lv\/wp-json\/wp\/v2\/product"}],"about":[{"href":"https:\/\/e.kosmolat.eu\/lv\/wp-json\/wp\/v2\/types\/product"}],"wp:featuredmedia":[{"embeddable":true,"href":"https:\/\/e.kosmolat.eu\/lv\/wp-json\/wp\/v2\/media\/93126"}],"wp:attachment":[{"href":"https:\/\/e.kosmolat.eu\/lv\/wp-json\/wp\/v2\/media?parent=62321"}],"wp:term":[{"taxonomy":"product_cat","embeddable":true,"href":"https:\/\/e.kosmolat.eu\/lv\/wp-json\/wp\/v2\/product_cat?post=62321"},{"taxonomy":"product_tag","embeddable":true,"href":"https:\/\/e.kosmolat.eu\/lv\/wp-json\/wp\/v2\/product_tag?post=62321"}],"curies":[{"name":"wp","href":"https:\/\/api.w.org\/{rel}","templated":true}]}}