{"id":62305,"date":"2025-02-06T05:18:14","date_gmt":"2025-02-06T05:18:14","guid":{"rendered":"https:\/\/e.kosmolat.eu\/product\/gp-kaktuss-skvalans-kr-adai-ap-acim-15-ml\/"},"modified":"2026-05-08T17:00:55","modified_gmt":"2026-05-08T17:00:55","slug":"gp-kaktuss-skvalans-kr-adai-ap-acim-15-ml","status":"publish","type":"product","link":"https:\/\/e.kosmolat.eu\/lv\/product\/gp-kaktuss-skvalans-kr-adai-ap-acim-15-ml\/","title":{"rendered":"GP Kaktuss + skval\u0101ns Kr. \u0101dai ap ac\u012bm, 15 ml"},"content":{"rendered":"<p>\u0160\u012bs s\u0113rijas produktu lieto\u0161ana pal\u012bdz efekt\u012bvi c\u012bn\u012bties ar sejas \u0101das sausumu, nodro\u0161inot t\u0101s atjauno\u0161anu, mitrin\u0101\u0161anu un nomierin\u0101\u0161anu.<\/p>\n<p>\u2022 Kaktusa ekstrakts (Opuntia Ficus-Indica Extract) \u2013 ide\u0101la sast\u0101vda\u013ca gan sausai, gan taukainai \u0101dai. Nodro\u0161ina intens\u012bvu mitrin\u0101\u0161anu un \u0101das toniz\u0113\u0161anu. Pateicoties augstajam vitam\u012bnu un miner\u0101lvielu saturam, kaktusa ekstrakts pies\u0101tina \u0101du ar mitrumu, padara to elast\u012bgu un pie\u0161\u0137ir tai mirdzumu.<br \/>\n\u2022 Skval\u0101ns \u2013 augu izcelsmes komponents, kas ieg\u016bts no ol\u012bve\u013c\u013cas. Tas iedarbojas uz \u0101du visaptvero\u0161i: mitrina un nov\u0113r\u0161 p\u0101rm\u0113r\u012bgu mitruma zudumu, padarot \u0101du maigu un elast\u012bgu.<br \/>\nPateicoties savai delik\u0101tajai formulai, kr\u0113ms mitrina, nomierina, sniedz \u0101dai ap ac\u012bm komforta saj\u016btu un nov\u0113r\u0161 sausuma probl\u0113mu.<\/p>\n<p>\u012apa\u0161\u012bbas:<br \/>\n\u2022 mitrin\u0101\u0161ana;<br \/>\n\u2022 nomierino\u0161a un izl\u012bdzino\u0161a iedarb\u012bba;<br \/>\n\u2022 \u0101das elast\u012bbas palielin\u0101\u0161ana;<br \/>\n\u2022 diskomforta saj\u016btas nov\u0113r\u0161ana;<br \/>\n\u2022 sausuma probl\u0113mas nov\u0113r\u0161ana;<br \/>\n\u2022 grumbu redzam\u012bbas samazin\u0101\u0161ana.<\/p>\n<p>Lieto\u0161ana: uzkl\u0101t nelielu daudzumu kr\u0113ma uz \u0101das ap ac\u012bm no r\u012bta un vakar\u0101.<\/p>\n<p>Piesardz\u012bbas pas\u0101kumi: iesp\u0113jama paaugstin\u0101ta individu\u0101l\u0101 jut\u012bba pret atsevi\u0161\u0137\u0101m sast\u0101vda\u013c\u0101m.<\/p>\n<p>Uzglab\u0101t temperat\u016br\u0101 no +5\u00b0C l\u012bdz +25\u00b0C.<\/p>\n<p>Der\u012bguma termi\u0146\u0161: 30 m\u0113ne\u0161i no izga-tavo\u0161anas datuma.<\/p>\n","protected":false},"excerpt":{"rendered":"<p>\u0160\u012bs s\u0113rijas produktu lieto\u0161ana pal\u012bdz efekt\u012bvi c\u012bn\u012bties ar sejas \u0101das sausumu, nodro\u0161inot t\u0101s atjauno\u0161anu, mitrin\u0101\u0161anu un nomierin\u0101\u0161anu. \u2022 Kaktusa ekstrakts (Opuntia Ficus-Indica Extract) \u2013 ide\u0101la sast\u0101vda\u013ca gan sausai, gan taukainai \u0101dai. Nodro\u0161ina intens\u012bvu mitrin\u0101\u0161anu un \u0101das toniz\u0113\u0161anu. Pateicoties augstajam vitam\u012bnu un miner\u0101lvielu saturam, kaktusa ekstrakts pies\u0101tina \u0101du ar mitrumu, padara to elast\u012bgu un pie\u0161\u0137ir tai [&#8230;]\n","protected":false},"featured_media":93146,"template":"","meta":[],"product_cat":[1589],"product_tag":[],"class_list":{"0":"post-62305","1":"product","2":"type-product","3":"status-publish","4":"has-post-thumbnail","6":"product_brand-elfa_ua","7":"product_cat-1589","9":"first","10":"instock","11":"taxable","12":"shipping-taxable","13":"product-type-simple"},"_links":{"self":[{"href":"https:\/\/e.kosmolat.eu\/lv\/wp-json\/wp\/v2\/product\/62305","targetHints":{"allow":["GET"]}}],"collection":[{"href":"https:\/\/e.kosmolat.eu\/lv\/wp-json\/wp\/v2\/product"}],"about":[{"href":"https:\/\/e.kosmolat.eu\/lv\/wp-json\/wp\/v2\/types\/product"}],"wp:featuredmedia":[{"embeddable":true,"href":"https:\/\/e.kosmolat.eu\/lv\/wp-json\/wp\/v2\/media\/93146"}],"wp:attachment":[{"href":"https:\/\/e.kosmolat.eu\/lv\/wp-json\/wp\/v2\/media?parent=62305"}],"wp:term":[{"taxonomy":"product_cat","embeddable":true,"href":"https:\/\/e.kosmolat.eu\/lv\/wp-json\/wp\/v2\/product_cat?post=62305"},{"taxonomy":"product_tag","embeddable":true,"href":"https:\/\/e.kosmolat.eu\/lv\/wp-json\/wp\/v2\/product_tag?post=62305"}],"curies":[{"name":"wp","href":"https:\/\/api.w.org\/{rel}","templated":true}]}}