{"id":62297,"date":"2025-02-06T05:17:53","date_gmt":"2025-02-06T05:17:53","guid":{"rendered":"https:\/\/e.kosmolat.eu\/product\/green-sharmacy-bamboo-niacinamide-face-toner-200ml\/"},"modified":"2026-05-08T17:00:25","modified_gmt":"2026-05-08T17:00:25","slug":"gp-bambuss-niacinamids-sejas-toniks-200-ml","status":"publish","type":"product","link":"https:\/\/e.kosmolat.eu\/lv\/product\/gp-bambuss-niacinamids-sejas-toniks-200-ml\/","title":{"rendered":"GP Bambuss + niacinam\u012bds Sejas toniks, 200 ml"},"content":{"rendered":"<p>Att\u012bra \u0101du no net\u012brumiem un liek\u0101 sebuma, uzlabo \u0101das st\u0101vokli, toniz\u0113 un nomierina, atjaunojot t\u0101s l\u012bdzsvaru.<\/p>\n<p>Lieto\u0161ana: uzkl\u0101t nelielu tonika daudzumu uz vates diska. Maigi not\u012br\u012bt \u0101du izvairoties no zonas ap ac\u012bm. <\/p>\n<p>Piesardz\u012bbas pas\u0101kumi: iesp\u0113jama paaugstin\u0101ta individu\u0101l\u0101 jut\u012bba pret atsevi\u0161\u0137\u0101m sast\u0101vda\u013c\u0101m.<\/p>\n<p>Uzglab\u0101t temperat\u016br\u0101 no +5\u00b0C l\u012bdz +25\u00b0C.<\/p>\n<p>Der\u012bguma termi\u0146\u0161: 30 m\u0113ne\u0161i no izgatavo\u0161anas datuma.<\/p>\n","protected":false},"excerpt":{"rendered":"<p>Att\u012bra \u0101du no net\u012brumiem un liek\u0101 sebuma, uzlabo \u0101das st\u0101vokli, toniz\u0113 un nomierina, atjaunojot t\u0101s l\u012bdzsvaru. Lieto\u0161ana: uzkl\u0101t nelielu tonika daudzumu uz vates diska. Maigi not\u012br\u012bt \u0101du izvairoties no zonas ap ac\u012bm. Piesardz\u012bbas pas\u0101kumi: iesp\u0113jama paaugstin\u0101ta individu\u0101l\u0101 jut\u012bba pret atsevi\u0161\u0137\u0101m sast\u0101vda\u013c\u0101m. Uzglab\u0101t temperat\u016br\u0101 no +5\u00b0C l\u012bdz +25\u00b0C. Der\u012bguma termi\u0146\u0161: 30 m\u0113ne\u0161i no izgatavo\u0161anas datuma.<\/p>\n","protected":false},"featured_media":93138,"template":"","meta":[],"product_cat":[1580],"product_tag":[],"class_list":{"0":"post-62297","1":"product","2":"type-product","3":"status-publish","4":"has-post-thumbnail","6":"product_brand-elfa_ua","7":"product_cat-losjonai-ir-tonikai","9":"first","10":"instock","11":"taxable","12":"shipping-taxable","13":"product-type-simple"},"_links":{"self":[{"href":"https:\/\/e.kosmolat.eu\/lv\/wp-json\/wp\/v2\/product\/62297","targetHints":{"allow":["GET"]}}],"collection":[{"href":"https:\/\/e.kosmolat.eu\/lv\/wp-json\/wp\/v2\/product"}],"about":[{"href":"https:\/\/e.kosmolat.eu\/lv\/wp-json\/wp\/v2\/types\/product"}],"wp:featuredmedia":[{"embeddable":true,"href":"https:\/\/e.kosmolat.eu\/lv\/wp-json\/wp\/v2\/media\/93138"}],"wp:attachment":[{"href":"https:\/\/e.kosmolat.eu\/lv\/wp-json\/wp\/v2\/media?parent=62297"}],"wp:term":[{"taxonomy":"product_cat","embeddable":true,"href":"https:\/\/e.kosmolat.eu\/lv\/wp-json\/wp\/v2\/product_cat?post=62297"},{"taxonomy":"product_tag","embeddable":true,"href":"https:\/\/e.kosmolat.eu\/lv\/wp-json\/wp\/v2\/product_tag?post=62297"}],"curies":[{"name":"wp","href":"https:\/\/api.w.org\/{rel}","templated":true}]}}