{"id":62281,"date":"2025-02-06T05:17:11","date_gmt":"2025-02-06T05:17:11","guid":{"rendered":"https:\/\/e.kosmolat.eu\/product\/green-sharmacy-bamboo-niacinamide-face-day-cream-50ml\/"},"modified":"2026-04-17T13:45:29","modified_gmt":"2026-04-17T13:45:29","slug":"gp-bambuss-niacinamids-dienas-sejas-krms-50-ml","status":"publish","type":"product","link":"https:\/\/e.kosmolat.eu\/lv\/product\/gp-bambuss-niacinamids-dienas-sejas-krms-50-ml\/","title":{"rendered":"GP Bambuss + niacinam\u012bds Dienas sejas kr?ms, 50 ml"},"content":{"rendered":"<p>\u0160\u012bs s\u0113rijas produktu lieto\u0161ana pal\u012bdz\u0113s l\u012bdzsvarot da\u017e\u0101das kombin\u0113t\u0101s \u0101das vajadz\u012bbas, nodro\u0161inot mat\u0113jo\u0161u un mitrino\u0161u efektu, k\u0101 ar\u012b pie\u0161\u0137irot \u0101dai vesel\u012bgu izskatu.<\/p>\n<p>Akt\u012bv\u0101s sast\u0101vda\u013cas:<br \/>\n\u2022 Niacinam\u012bds (B3\/PP vitam\u012bns) normaliz\u0113 sebuma izstr\u0101di, izl\u012bdzina \u0101du, pal\u012bdz samazin\u0101t poru redzam\u012bbu, izl\u012bdzina \u0101das toni, nov\u0113r\u0161 pigment\u0101cijas un \u0101das nepiln\u012bbu veido\u0161anos.<br \/>\n\u2022 Ferment\u0113ts bambusa ekstrakts saglab\u0101 \u0101du lielisk\u0101 st\u0101vokl\u012b, m\u012bkstina un izl\u012bdzina to. Pal\u012bdz notur\u0113t mitrumu \u0101d\u0101 un uzlabo t\u0101s elast\u012bbu. Ferment\u0101cijas process atvieglo visu bambusa labv\u0113l\u012bgo vielu uzs\u016bk\u0161anos \u0101d\u0101, nodro\u0161inot \u0101tru atjauno\u0161anu un baro\u0161anu. <\/p>\n<p>Tas ne tikai detoksic\u0113, bet ar\u012b atjauno un mitrina \u0101du.<br \/>\nKombin\u0113t\u0101s \u0101das kop\u0161ana prasa divpak\u0101pju pieeju. T\u0101p\u0113c dienas kr\u0113ms mitrina un mat\u0113, 2 vien\u0101. Tam ir viegla formula, kas nenoslogo \u0101du. Kr\u0113ms \u0101tri uzs\u016bcas un sagatavo \u0101du grima uzkl\u0101\u0161anai. Veg\u0101nisks produkts.<\/p>\n<p>\u012apa\u0161\u012bbas:<br \/>\n\u2022 2 vien\u0101: mitrin\u0101\u0161ana un mat\u0113\u0161ana;<br \/>\n\u2022 T zonas sp\u012bduma nov\u0113r\u0161ana;<br \/>\n\u2022 poru redzam\u012bbas samazin\u0101\u0161ana;<br \/>\n\u2022 \u0101das nepiln\u012bbu par\u0101d\u012b\u0161an\u0101s nov\u0113r\u0161ana;<br \/>\n\u2022 \u0101das st\u0101vok\u013ca uzlabo\u0161ana 10 dienu laik\u0101;<br \/>\n\u2022 m\u012bkstin\u0101\u0161ana un nomierin\u0101\u0161ana;<br \/>\n\u2022 \u0101das to\u0146a izl\u012bdzin\u0101\u0161ana;<br \/>\n\u2022 piem\u0113rots lieto\u0161anai k\u0101 grima b\u0101ze.<\/p>\n<p>Lieto\u0161ana: uzkl\u0101t nelielu kr\u0113ma daudzumu uz sejas \u0101das dienas laik\u0101.<\/p>\n<p>Piesardz\u012bbas pas\u0101kumi: iesp\u0113jama paaugstin\u0101ta individu\u0101l\u0101 jut\u012bba pret atsevi\u0161\u0137\u0101m sast\u0101vda\u013c\u0101m.<\/p>\n<p>Uzglab\u0101t temperat\u016br\u0101 no +5\u00b0C l\u012bdz +25\u00b0C.<\/p>\n<p>Der\u012bguma termi\u0146\u0161: 30 m\u0113ne\u0161i no izgatavo\u0161anas datuma.<\/p>\n","protected":false},"excerpt":{"rendered":"<p>\u0160\u012bs s\u0113rijas produktu lieto\u0161ana pal\u012bdz\u0113s l\u012bdzsvarot da\u017e\u0101das kombin\u0113t\u0101s \u0101das vajadz\u012bbas, nodro\u0161inot mat\u0113jo\u0161u un mitrino\u0161u efektu, k\u0101 ar\u012b pie\u0161\u0137irot \u0101dai vesel\u012bgu izskatu. Akt\u012bv\u0101s sast\u0101vda\u013cas: \u2022 Niacinam\u012bds (B3\/PP vitam\u012bns) normaliz\u0113 sebuma izstr\u0101di, izl\u012bdzina \u0101du, pal\u012bdz samazin\u0101t poru redzam\u012bbu, izl\u012bdzina \u0101das toni, nov\u0113r\u0161 pigment\u0101cijas un \u0101das nepiln\u012bbu veido\u0161anos. \u2022 Ferment\u0113ts bambusa ekstrakts saglab\u0101 \u0101du lielisk\u0101 st\u0101vokl\u012b, m\u012bkstina un [&#8230;]\n","protected":false},"featured_media":93122,"template":"","meta":[],"product_cat":[1320],"product_tag":[],"class_list":{"0":"post-62281","1":"product","2":"type-product","3":"status-publish","4":"has-post-thumbnail","6":"product_brand-elfa_ua","7":"product_cat-sejas-kremi","9":"first","10":"instock","11":"taxable","12":"shipping-taxable","13":"product-type-simple"},"_links":{"self":[{"href":"https:\/\/e.kosmolat.eu\/lv\/wp-json\/wp\/v2\/product\/62281","targetHints":{"allow":["GET"]}}],"collection":[{"href":"https:\/\/e.kosmolat.eu\/lv\/wp-json\/wp\/v2\/product"}],"about":[{"href":"https:\/\/e.kosmolat.eu\/lv\/wp-json\/wp\/v2\/types\/product"}],"wp:featuredmedia":[{"embeddable":true,"href":"https:\/\/e.kosmolat.eu\/lv\/wp-json\/wp\/v2\/media\/93122"}],"wp:attachment":[{"href":"https:\/\/e.kosmolat.eu\/lv\/wp-json\/wp\/v2\/media?parent=62281"}],"wp:term":[{"taxonomy":"product_cat","embeddable":true,"href":"https:\/\/e.kosmolat.eu\/lv\/wp-json\/wp\/v2\/product_cat?post=62281"},{"taxonomy":"product_tag","embeddable":true,"href":"https:\/\/e.kosmolat.eu\/lv\/wp-json\/wp\/v2\/product_tag?post=62281"}],"curies":[{"name":"wp","href":"https:\/\/api.w.org\/{rel}","templated":true}]}}