{"id":62273,"date":"2025-02-06T05:06:11","date_gmt":"2025-02-06T05:06:11","guid":{"rendered":"https:\/\/e.kosmolat.eu\/product\/green-sharmacy-bamboo-niacinamide-face-foam-150ml\/"},"modified":"2026-04-10T06:28:31","modified_gmt":"2026-04-10T06:28:31","slug":"gp-bambuss-niacinamids-sejas-mazg-putas-150-ml","status":"publish","type":"product","link":"https:\/\/e.kosmolat.eu\/lv\/product\/gp-bambuss-niacinamids-sejas-mazg-putas-150-ml\/","title":{"rendered":"GP Bambuss + niacinam\u012bds Sejas mazg. putas, 150 ml"},"content":{"rendered":"<p>Att\u012bra seju, no\u0146em lieko sebumu un kosm\u0113tiku, samazina poru redzam\u012bbu, nov\u0113r\u0161 \u0101das nepiln\u012bbas un sp\u012bdumu T zon\u0101.<\/p>\n<p>Lieto\u0161ana: uzkl\u0101t putas uz mitras sejas \u0101das ar viegl\u0101m, mas\u0113jo\u0161\u0101m ap\u013cveida kust\u012bb\u0101m. Noskalot ar \u016bdeni.<\/p>\n<p>Piesardz\u012bbas pas\u0101kumi: iesp\u0113jama paaugstin\u0101ta individu\u0101l\u0101 jut\u012bba pret atsevi\u0161\u0137\u0101m sast\u0101vda\u013c\u0101m.<\/p>\n<p>Uzglab\u0101t temperat\u016br\u0101 no +5\u00b0C l\u012bdz +25\u00b0C.<\/p>\n<p>Der\u012bguma termi\u0146\u0161: 30 m\u0113ne\u0161i no izgatavo\u0161anas datuma.<\/p>\n","protected":false},"excerpt":{"rendered":"<p>Att\u012bra seju, no\u0146em lieko sebumu un kosm\u0113tiku, samazina poru redzam\u012bbu, nov\u0113r\u0161 \u0101das nepiln\u012bbas un sp\u012bdumu T zon\u0101. Lieto\u0161ana: uzkl\u0101t putas uz mitras sejas \u0101das ar viegl\u0101m, mas\u0113jo\u0161\u0101m ap\u013cveida kust\u012bb\u0101m. Noskalot ar \u016bdeni. Piesardz\u012bbas pas\u0101kumi: iesp\u0113jama paaugstin\u0101ta individu\u0101l\u0101 jut\u012bba pret atsevi\u0161\u0137\u0101m sast\u0101vda\u013c\u0101m. Uzglab\u0101t temperat\u016br\u0101 no +5\u00b0C l\u012bdz +25\u00b0C. Der\u012bguma termi\u0146\u0161: 30 m\u0113ne\u0161i no izgatavo\u0161anas datuma.<\/p>\n","protected":false},"featured_media":93134,"template":"","meta":[],"product_cat":[1835],"product_tag":[],"class_list":{"0":"post-62273","1":"product","2":"type-product","3":"status-publish","4":"has-post-thumbnail","6":"product_brand-elfa_ua","7":"product_cat-prausimosi-putos","9":"first","10":"instock","11":"taxable","12":"shipping-taxable","13":"product-type-simple"},"_links":{"self":[{"href":"https:\/\/e.kosmolat.eu\/lv\/wp-json\/wp\/v2\/product\/62273","targetHints":{"allow":["GET"]}}],"collection":[{"href":"https:\/\/e.kosmolat.eu\/lv\/wp-json\/wp\/v2\/product"}],"about":[{"href":"https:\/\/e.kosmolat.eu\/lv\/wp-json\/wp\/v2\/types\/product"}],"wp:featuredmedia":[{"embeddable":true,"href":"https:\/\/e.kosmolat.eu\/lv\/wp-json\/wp\/v2\/media\/93134"}],"wp:attachment":[{"href":"https:\/\/e.kosmolat.eu\/lv\/wp-json\/wp\/v2\/media?parent=62273"}],"wp:term":[{"taxonomy":"product_cat","embeddable":true,"href":"https:\/\/e.kosmolat.eu\/lv\/wp-json\/wp\/v2\/product_cat?post=62273"},{"taxonomy":"product_tag","embeddable":true,"href":"https:\/\/e.kosmolat.eu\/lv\/wp-json\/wp\/v2\/product_tag?post=62273"}],"curies":[{"name":"wp","href":"https:\/\/api.w.org\/{rel}","templated":true}]}}