{"id":62264,"date":"2025-02-05T05:03:09","date_gmt":"2025-02-05T05:03:09","guid":{"rendered":"https:\/\/e.kosmolat.eu\/product\/gp-kaktuss-skvalans-sejas-serums-30-ml\/"},"modified":"2026-04-17T13:45:42","modified_gmt":"2026-04-17T13:45:42","slug":"gp-kaktuss-skvalans-sejas-serums-30-ml","status":"publish","type":"product","link":"https:\/\/e.kosmolat.eu\/lv\/product\/gp-kaktuss-skvalans-sejas-serums-30-ml\/","title":{"rendered":"GP Kaktuss + skval\u0101ns Sejas serums, 30 ml"},"content":{"rendered":"<p>\u0160\u012bs s\u0113rijas produktu lieto\u0161ana pal\u012bdz efekt\u012bvi c\u012bn\u012bties ar sejas \u0101das sausumu, nodro\u0161inot t\u0101s atjauno\u0161anu, mitrin\u0101\u0161anu un nomierin\u0101\u0161anu.<\/p>\n<p>\u2022 Kaktusa ekstrakts (Opuntia Ficus-Indica Extract) \u2013 ide\u0101la sast\u0101vda\u013ca gan sausai, gan taukainai \u0101dai. Nodro\u0161ina intens\u012bvu mitrin\u0101\u0161anu un \u0101das toniz\u0113\u0161anu. Pateicoties augstajam vitam\u012bnu un miner\u0101lvielu saturam, kaktusa ekstrakts pies\u0101tina \u0101du ar mitrumu, padara to elast\u012bgu un pie\u0161\u0137ir tai mirdzumu.<br \/>\n\u2022 Skval\u0101ns \u2013 augu izcelsmes komponents, kas ieg\u016bts no ol\u012bve\u013c\u013cas. Tas iedarbojas uz \u0101du visaptvero\u0161i: mitrina un nov\u0113r\u0161 p\u0101rm\u0113r\u012bgu mitruma zudumu, padarot \u0101du maigu un elast\u012bgu.<br \/>\nPateicoties vieglajai tekst\u016brai, serums \u0101tri ies\u016bcas, bet bag\u0101t\u012bgais akt\u012bvo sast\u0101vda\u013cu komplekss pal\u012bdz uzlabot \u0101das st\u0101vokli.<\/p>\n<p>\u012apa\u0161\u012bbas:<br \/>\n\u2022 mitrina \u0101du;<br \/>\n\u2022 uzlabo t\u0101s tekst\u016bru;<br \/>\n\u2022 nomierina;<br \/>\n\u2022 palielina elast\u012bbu;<br \/>\n\u2022 samazina priek\u0161laic\u012bgas noveco\u0161an\u0101s paz\u012bmes;<br \/>\n\u2022 pie\u0161\u0137ir mirdzumu;<br \/>\n\u2022 mazina grumbu redzam\u012bbu;<br \/>\n\u2022 saglab\u0101 \u0101das jaun\u012bbu un elast\u012bbu.<\/p>\n<p>Lieto\u0161ana: uzkl\u0101t nelielu seruma daudzumu uz sejas \u0101das. Lietot 2 reizes dien\u0101. <\/p>\n<p>Piesardz\u012bbas pas\u0101kumi: iesp\u0113jama paaugstin\u0101ta individu\u0101l\u0101 jut\u012bba pret atsevi\u0161\u0137\u0101m sast\u0101vda\u013c\u0101m.<\/p>\n<p>Uzglab\u0101t temperat\u016br\u0101 no +5\u00b0C l\u012bdz +25\u00b0C.<\/p>\n<p>Der\u012bguma termi\u0146\u0161: 30 m\u0113ne\u0161i no izgatavo\u0161anas datuma.<\/p>\n","protected":false},"excerpt":{"rendered":"<p>\u0160\u012bs s\u0113rijas produktu lieto\u0161ana pal\u012bdz efekt\u012bvi c\u012bn\u012bties ar sejas \u0101das sausumu, nodro\u0161inot t\u0101s atjauno\u0161anu, mitrin\u0101\u0161anu un nomierin\u0101\u0161anu. \u2022 Kaktusa ekstrakts (Opuntia Ficus-Indica Extract) \u2013 ide\u0101la sast\u0101vda\u013ca gan sausai, gan taukainai \u0101dai. Nodro\u0161ina intens\u012bvu mitrin\u0101\u0161anu un \u0101das toniz\u0113\u0161anu. Pateicoties augstajam vitam\u012bnu un miner\u0101lvielu saturam, kaktusa ekstrakts pies\u0101tina \u0101du ar mitrumu, padara to elast\u012bgu un pie\u0161\u0137ir tai [&#8230;]\n","protected":false},"featured_media":93162,"template":"","meta":[],"product_cat":[1325],"product_tag":[],"class_list":{"0":"post-62264","1":"product","2":"type-product","3":"status-publish","4":"has-post-thumbnail","6":"product_brand-elfa_ua","7":"product_cat-serumi","9":"first","10":"instock","11":"taxable","12":"shipping-taxable","13":"product-type-simple"},"_links":{"self":[{"href":"https:\/\/e.kosmolat.eu\/lv\/wp-json\/wp\/v2\/product\/62264","targetHints":{"allow":["GET"]}}],"collection":[{"href":"https:\/\/e.kosmolat.eu\/lv\/wp-json\/wp\/v2\/product"}],"about":[{"href":"https:\/\/e.kosmolat.eu\/lv\/wp-json\/wp\/v2\/types\/product"}],"wp:featuredmedia":[{"embeddable":true,"href":"https:\/\/e.kosmolat.eu\/lv\/wp-json\/wp\/v2\/media\/93162"}],"wp:attachment":[{"href":"https:\/\/e.kosmolat.eu\/lv\/wp-json\/wp\/v2\/media?parent=62264"}],"wp:term":[{"taxonomy":"product_cat","embeddable":true,"href":"https:\/\/e.kosmolat.eu\/lv\/wp-json\/wp\/v2\/product_cat?post=62264"},{"taxonomy":"product_tag","embeddable":true,"href":"https:\/\/e.kosmolat.eu\/lv\/wp-json\/wp\/v2\/product_tag?post=62264"}],"curies":[{"name":"wp","href":"https:\/\/api.w.org\/{rel}","templated":true}]}}