{"id":62256,"date":"2025-02-05T05:02:52","date_gmt":"2025-02-05T05:02:52","guid":{"rendered":"https:\/\/e.kosmolat.eu\/product\/gp-kaktuss-skvalans-sejas-mazg-putas-150-ml\/"},"modified":"2026-04-08T06:32:25","modified_gmt":"2026-04-08T06:32:25","slug":"gp-kaktuss-skvalans-sejas-mazg-putas-150-ml","status":"publish","type":"product","link":"https:\/\/e.kosmolat.eu\/lv\/product\/gp-kaktuss-skvalans-sejas-mazg-putas-150-ml\/","title":{"rendered":"GP Kaktuss + skval\u0101ns Sejas mazg. putas, 150 ml"},"content":{"rendered":"<p>Putas lieliski att\u012bra \u0101du, sagatavojot to turpm\u0101kaj\u0101m kop\u0161anas proced\u016br\u0101m. \u0112rti lietojamas. Veg\u0101nisks produkts.<\/p>\n<p>Lieto\u0161ana: uzkl\u0101t putas uz mitras sejas \u0101das ar viegl\u0101m, mas\u0113jo\u0161\u0101m ap\u013cveida kust\u012bb\u0101m. Noskalot ar \u016bdeni.<\/p>\n<p>Piesardz\u012bbas pas\u0101kumi: iesp\u0113jama paaugstin\u0101ta individu\u0101l\u0101 jut\u012bba pret atsevi\u0161\u0137\u0101m sast\u0101vda\u013c\u0101m.<\/p>\n<p>Uzglab\u0101t temperat\u016br\u0101 no +5\u00b0C l\u012bdz +25\u00b0C.<\/p>\n<p>Der\u012bguma termi\u0146\u0161: 30 m\u0113ne\u0161i no izgatavo\u0161anas datuma.<\/p>\n","protected":false},"excerpt":{"rendered":"<p>Putas lieliski att\u012bra \u0101du, sagatavojot to turpm\u0101kaj\u0101m kop\u0161anas proced\u016br\u0101m. \u0112rti lietojamas. Veg\u0101nisks produkts. Lieto\u0161ana: uzkl\u0101t putas uz mitras sejas \u0101das ar viegl\u0101m, mas\u0113jo\u0161\u0101m ap\u013cveida kust\u012bb\u0101m. Noskalot ar \u016bdeni. Piesardz\u012bbas pas\u0101kumi: iesp\u0113jama paaugstin\u0101ta individu\u0101l\u0101 jut\u012bba pret atsevi\u0161\u0137\u0101m sast\u0101vda\u013c\u0101m. Uzglab\u0101t temperat\u016br\u0101 no +5\u00b0C l\u012bdz +25\u00b0C. Der\u012bguma termi\u0146\u0161: 30 m\u0113ne\u0161i no izgatavo\u0161anas datuma.<\/p>\n","protected":false},"featured_media":93158,"template":"","meta":[],"product_cat":[1833],"product_tag":[],"class_list":{"0":"post-62256","1":"product","2":"type-product","3":"status-publish","4":"has-post-thumbnail","6":"product_brand-elfa_ua","7":"product_cat-putas-sejas-mazgasanai","9":"first","10":"instock","11":"taxable","12":"shipping-taxable","13":"product-type-simple"},"_links":{"self":[{"href":"https:\/\/e.kosmolat.eu\/lv\/wp-json\/wp\/v2\/product\/62256","targetHints":{"allow":["GET"]}}],"collection":[{"href":"https:\/\/e.kosmolat.eu\/lv\/wp-json\/wp\/v2\/product"}],"about":[{"href":"https:\/\/e.kosmolat.eu\/lv\/wp-json\/wp\/v2\/types\/product"}],"wp:featuredmedia":[{"embeddable":true,"href":"https:\/\/e.kosmolat.eu\/lv\/wp-json\/wp\/v2\/media\/93158"}],"wp:attachment":[{"href":"https:\/\/e.kosmolat.eu\/lv\/wp-json\/wp\/v2\/media?parent=62256"}],"wp:term":[{"taxonomy":"product_cat","embeddable":true,"href":"https:\/\/e.kosmolat.eu\/lv\/wp-json\/wp\/v2\/product_cat?post=62256"},{"taxonomy":"product_tag","embeddable":true,"href":"https:\/\/e.kosmolat.eu\/lv\/wp-json\/wp\/v2\/product_tag?post=62256"}],"curies":[{"name":"wp","href":"https:\/\/api.w.org\/{rel}","templated":true}]}}