{"id":62248,"date":"2025-02-05T05:02:37","date_gmt":"2025-02-05T05:02:37","guid":{"rendered":"https:\/\/e.kosmolat.eu\/product\/gp-kaktuss-skvalans-micelarais-ud-200-ml\/"},"modified":"2026-04-08T11:13:32","modified_gmt":"2026-04-08T11:13:32","slug":"gp-kaktuss-skvalans-micelarais-ud-200-ml","status":"publish","type":"product","link":"https:\/\/e.kosmolat.eu\/lv\/product\/gp-kaktuss-skvalans-micelarais-ud-200-ml\/","title":{"rendered":"GP Kaktuss + skval\u0101ns Micel\u0101rais \u016bd., 200 ml"},"content":{"rendered":"<p>Micer\u0101lais \u016bdens ar vieglu, e\u013c\u013cu nesaturo\u0161u formulu, kas efekt\u012bvi no\u0146em net\u012brumus, grimu un lieko sebumu. Ide\u0101li piem\u0113rots sausai un dehidr\u0113tai \u0101dai. Veg\u0101nisks produkts. <\/p>\n<p>Lieto\u0161ana: uzkl\u0101t nelielu micel\u0101r\u0101 \u016bdens daudzumu uz vates diska. Maigi not\u012br\u012bt net\u012brumus no sejas, acu zonas un l\u016bp\u0101m. Nav nepiecie\u0161ams noskalot.<\/p>\n<p>Piesardz\u012bbas pas\u0101kumi: iesp\u0113jama paaugstin\u0101ta individu\u0101l\u0101 jut\u012bba pret atsevi\u0161\u0137\u0101m sast\u0101vda\u013c\u0101m.<\/p>\n<p>Uzglab\u0101t temperat\u016br\u0101 no +5\u00b0C l\u012bdz +25\u00b0C.<\/p>\n<p>Der\u012bguma termi\u0146\u0161: 30 m\u0113ne\u0161i no izgatavo\u0161anas datuma.<\/p>\n","protected":false},"excerpt":{"rendered":"<p>Micer\u0101lais \u016bdens ar vieglu, e\u013c\u013cu nesaturo\u0161u formulu, kas efekt\u012bvi no\u0146em net\u012brumus, grimu un lieko sebumu. Ide\u0101li piem\u0113rots sausai un dehidr\u0113tai \u0101dai. Veg\u0101nisks produkts. Lieto\u0161ana: uzkl\u0101t nelielu micel\u0101r\u0101 \u016bdens daudzumu uz vates diska. Maigi not\u012br\u012bt net\u012brumus no sejas, acu zonas un l\u016bp\u0101m. Nav nepiecie\u0161ams noskalot. Piesardz\u012bbas pas\u0101kumi: iesp\u0113jama paaugstin\u0101ta individu\u0101l\u0101 jut\u012bba pret atsevi\u0161\u0137\u0101m sast\u0101vda\u013c\u0101m. Uzglab\u0101t temperat\u016br\u0101 [&#8230;]\n","protected":false},"featured_media":93150,"template":"","meta":[],"product_cat":[1568],"product_tag":[],"class_list":{"0":"post-62248","1":"product","2":"type-product","3":"status-publish","4":"has-post-thumbnail","6":"product_brand-elfa_ua","7":"product_cat-micelarais-udens","9":"first","10":"instock","11":"taxable","12":"shipping-taxable","13":"product-type-simple"},"_links":{"self":[{"href":"https:\/\/e.kosmolat.eu\/lv\/wp-json\/wp\/v2\/product\/62248","targetHints":{"allow":["GET"]}}],"collection":[{"href":"https:\/\/e.kosmolat.eu\/lv\/wp-json\/wp\/v2\/product"}],"about":[{"href":"https:\/\/e.kosmolat.eu\/lv\/wp-json\/wp\/v2\/types\/product"}],"wp:featuredmedia":[{"embeddable":true,"href":"https:\/\/e.kosmolat.eu\/lv\/wp-json\/wp\/v2\/media\/93150"}],"wp:attachment":[{"href":"https:\/\/e.kosmolat.eu\/lv\/wp-json\/wp\/v2\/media?parent=62248"}],"wp:term":[{"taxonomy":"product_cat","embeddable":true,"href":"https:\/\/e.kosmolat.eu\/lv\/wp-json\/wp\/v2\/product_cat?post=62248"},{"taxonomy":"product_tag","embeddable":true,"href":"https:\/\/e.kosmolat.eu\/lv\/wp-json\/wp\/v2\/product_tag?post=62248"}],"curies":[{"name":"wp","href":"https:\/\/api.w.org\/{rel}","templated":true}]}}