{"id":62216,"date":"2025-02-04T07:20:23","date_gmt":"2025-02-04T07:20:23","guid":{"rendered":"https:\/\/e.kosmolat.eu\/product\/dsc-collagen-pretgrumbu-serums-adai-ap-ac-50-ml\/"},"modified":"2026-04-23T09:32:43","modified_gmt":"2026-04-23T09:32:43","slug":"dsc-collagen-pretgrumbu-sejas-serums-ar-kolag-un-naves-jur-miner-50-ml","status":"publish","type":"product","link":"https:\/\/e.kosmolat.eu\/lv\/product\/dsc-collagen-pretgrumbu-sejas-serums-ar-kolag-un-naves-jur-miner-50-ml\/","title":{"rendered":"DSC Collagen Pretgrumbu sejas serums ar kolag. un N\u0101ves j\u016br. miner., 50 ml"},"content":{"rendered":"<p>Bag\u0101t\u012bg\u0101 un intens\u012bv\u0101 kolag\u0113na seruma formula stimul\u0113 \u0161\u012b struktur\u0101l\u0101 prote\u012bna veido\u0161anos, kas atbild par \u0101das jaun\u012bbu un elast\u012bbu, k\u0101 ar\u012b pal\u012bdz c\u012bn\u012bties ar s\u012bk\u0101m grumbi\u0146\u0101m. N\u0101ves j\u016bras miner\u0101li un kolag\u0113ns seruma sast\u0101v\u0101 pal\u012bdz \u0101dai izskat\u012bties jaunai un gludai.<\/p>\n<p>Lieto\u0161ana: Uzkl\u0101jiet katru r\u012btu un vakaru pirms dienas un nakts kr\u0113ma, viegli iemas\u0113jot \u0101d\u0101.<\/p>\n<p>Satur A vitam\u012bnu. L\u016bgums pirms lieto\u0161anas p\u0101rdom\u0101t savu dienas devu.<\/p>\n","protected":false},"excerpt":{"rendered":"<p>Bag\u0101t\u012bg\u0101 un intens\u012bv\u0101 kolag\u0113na seruma formula stimul\u0113 \u0161\u012b struktur\u0101l\u0101 prote\u012bna veido\u0161anos, kas atbild par \u0101das jaun\u012bbu un elast\u012bbu, k\u0101 ar\u012b pal\u012bdz c\u012bn\u012bties ar s\u012bk\u0101m grumbi\u0146\u0101m. N\u0101ves j\u016bras miner\u0101li un kolag\u0113ns seruma sast\u0101v\u0101 pal\u012bdz \u0101dai izskat\u012bties jaunai un gludai. Lieto\u0161ana: Uzkl\u0101jiet katru r\u012btu un vakaru pirms dienas un nakts kr\u0113ma, viegli iemas\u0113jot \u0101d\u0101. Satur A vitam\u012bnu. [&#8230;]\n","protected":false},"featured_media":93114,"template":"","meta":[],"product_cat":[1328],"product_tag":[],"class_list":{"0":"post-62216","1":"product","2":"type-product","3":"status-publish","4":"has-post-thumbnail","6":"product_brand-dead-sea_il","7":"product_cat-1328","9":"first","10":"instock","11":"taxable","12":"shipping-taxable","13":"product-type-simple"},"_links":{"self":[{"href":"https:\/\/e.kosmolat.eu\/lv\/wp-json\/wp\/v2\/product\/62216","targetHints":{"allow":["GET"]}}],"collection":[{"href":"https:\/\/e.kosmolat.eu\/lv\/wp-json\/wp\/v2\/product"}],"about":[{"href":"https:\/\/e.kosmolat.eu\/lv\/wp-json\/wp\/v2\/types\/product"}],"wp:featuredmedia":[{"embeddable":true,"href":"https:\/\/e.kosmolat.eu\/lv\/wp-json\/wp\/v2\/media\/93114"}],"wp:attachment":[{"href":"https:\/\/e.kosmolat.eu\/lv\/wp-json\/wp\/v2\/media?parent=62216"}],"wp:term":[{"taxonomy":"product_cat","embeddable":true,"href":"https:\/\/e.kosmolat.eu\/lv\/wp-json\/wp\/v2\/product_cat?post=62216"},{"taxonomy":"product_tag","embeddable":true,"href":"https:\/\/e.kosmolat.eu\/lv\/wp-json\/wp\/v2\/product_tag?post=62216"}],"curies":[{"name":"wp","href":"https:\/\/api.w.org\/{rel}","templated":true}]}}