{"id":62208,"date":"2025-02-03T11:06:29","date_gmt":"2025-02-03T11:06:29","guid":{"rendered":"https:\/\/e.kosmolat.eu\/product\/dsc-24k-gold-collagen-dienas-sejas-kr-50-ml\/"},"modified":"2026-04-23T13:13:03","modified_gmt":"2026-04-23T13:13:03","slug":"dsc-24k-gold-collagen-atjaunin-un-atjaun-dienas-sejas-kr-ar-24k-zeltu-un-kolag-50-ml","status":"publish","type":"product","link":"https:\/\/e.kosmolat.eu\/lv\/product\/dsc-24k-gold-collagen-atjaunin-un-atjaun-dienas-sejas-kr-ar-24k-zeltu-un-kolag-50-ml\/","title":{"rendered":"DSC 24k Gold &#038; Collagen Atjaunin. un atjaun. dienas sejas kr. ar 24K zeltu un kolag., 50 ml"},"content":{"rendered":"<p>\u0160is mitrino\u0161s kr\u0113ms satur 24 kar\u0101tu zeltu, kolag\u0113nu un N\u0101ves j\u016bras miner\u0101lus, lai mitrin\u0101tu sausu un dehidrat\u0113tu \u0101du, pal\u012bdzot atjaunot zaud\u0113to elast\u012bbu un tvirtumu. \u0100da k\u013c\u016bst mitrin\u0101ta, atjaunota un tvirt\u0101ka, ieg\u016bstot jaunekl\u012bgu un svaigu izskatu.<\/p>\n<p>Lieto\u0161ana: Vienm\u0113r\u012bgi uzkl\u0101jiet kr\u0113mu pl\u0101n\u0101 k\u0101rt\u0101 uz sejas un kakla. Maigi iemas\u0113jiet \u0101d\u0101. Lietojiet katru r\u012btu un dienas laik\u0101 p\u0113c nepiecie\u0161am\u012bbas. Tikai \u0101r\u012bgai lieto\u0161anai. Izvairieties no saskares ar ac\u012bm. Iev\u0113rojiet lieto\u0161anas nor\u0101d\u012bjumus. Nelietojiet uz boj\u0101tas vai kairin\u0101tas \u0101das.<\/p>\n","protected":false},"excerpt":{"rendered":"<p>\u0160is mitrino\u0161s kr\u0113ms satur 24 kar\u0101tu zeltu, kolag\u0113nu un N\u0101ves j\u016bras miner\u0101lus, lai mitrin\u0101tu sausu un dehidrat\u0113tu \u0101du, pal\u012bdzot atjaunot zaud\u0113to elast\u012bbu un tvirtumu. \u0100da k\u013c\u016bst mitrin\u0101ta, atjaunota un tvirt\u0101ka, ieg\u016bstot jaunekl\u012bgu un svaigu izskatu. Lieto\u0161ana: Vienm\u0113r\u012bgi uzkl\u0101jiet kr\u0113mu pl\u0101n\u0101 k\u0101rt\u0101 uz sejas un kakla. Maigi iemas\u0113jiet \u0101d\u0101. Lietojiet katru r\u012btu un dienas laik\u0101 p\u0113c [&#8230;]\n","protected":false},"featured_media":93074,"template":"","meta":[],"product_cat":[1323],"product_tag":[],"class_list":{"0":"post-62208","1":"product","2":"type-product","3":"status-publish","4":"has-post-thumbnail","6":"product_brand-dead-sea_il","7":"product_cat-1323","9":"first","10":"instock","11":"taxable","12":"shipping-taxable","13":"product-type-simple"},"_links":{"self":[{"href":"https:\/\/e.kosmolat.eu\/lv\/wp-json\/wp\/v2\/product\/62208","targetHints":{"allow":["GET"]}}],"collection":[{"href":"https:\/\/e.kosmolat.eu\/lv\/wp-json\/wp\/v2\/product"}],"about":[{"href":"https:\/\/e.kosmolat.eu\/lv\/wp-json\/wp\/v2\/types\/product"}],"wp:featuredmedia":[{"embeddable":true,"href":"https:\/\/e.kosmolat.eu\/lv\/wp-json\/wp\/v2\/media\/93074"}],"wp:attachment":[{"href":"https:\/\/e.kosmolat.eu\/lv\/wp-json\/wp\/v2\/media?parent=62208"}],"wp:term":[{"taxonomy":"product_cat","embeddable":true,"href":"https:\/\/e.kosmolat.eu\/lv\/wp-json\/wp\/v2\/product_cat?post=62208"},{"taxonomy":"product_tag","embeddable":true,"href":"https:\/\/e.kosmolat.eu\/lv\/wp-json\/wp\/v2\/product_tag?post=62208"}],"curies":[{"name":"wp","href":"https:\/\/api.w.org\/{rel}","templated":true}]}}