{"id":62195,"date":"2025-02-02T09:51:43","date_gmt":"2025-02-02T09:51:43","guid":{"rendered":"https:\/\/e.kosmolat.eu\/product\/green-sharmacy-bakuchiol-postbiotics-eye-cream-15ml\/"},"modified":"2026-04-10T07:54:01","modified_gmt":"2026-04-10T07:54:01","slug":"gp-bakuciols-postbiotikas-krems-adai-ap-ac-15-ml","status":"publish","type":"product","link":"https:\/\/e.kosmolat.eu\/lv\/product\/gp-bakuciols-postbiotikas-krems-adai-ap-ac-15-ml\/","title":{"rendered":"GP Baku\u010diols + postbiotikas Kr\u0113ms \u0101dai ap ac., 15 ml"},"content":{"rendered":"<p>\u0160\u012bs s\u0113rijas produktu lieto\u0161ana pal\u012bdz uzlabot \u0101das st\u0101vokli, nodro\u0161inot izl\u012bdzino\u0161u un mitrino\u0161u efektu, k\u0101 ar\u012b atjaunojot \u0101das elast\u012bbu.<\/p>\n<p>Akt\u012bv\u0101s sast\u0101vda\u013cas:<br \/>\n\u2022Postbiotikas (Duoferm Kombu) \u2014 ferment\u0113ts meln\u0101s t\u0113jas ekstrakts, kas bag\u0101ts ar organiskaj\u0101m sk\u0101b\u0113m un vitam\u012bniem. Kombu\u010da satur dab\u012bgas sk\u0101bes, piem\u0113ram, eti\u0137sk\u0101bi un glikonsk\u0101bi, kas maigi noloba \u0101du, stimul\u0113jot \u0161\u016bnu atjauno\u0161anos un samazinot smalko grumbu redzam\u012bbu. Kombu\u010d\u0101 eso\u0161ie antioksidanti, piem\u0113ram, C vitam\u012bns, aizsarg\u0101 \u0101du no br\u012bvajiem radik\u0101\u013ciem un ultravioleto starojumu rad\u012btiem boj\u0101jumiem, pal\u012bdzot nov\u0113rst priek\u0161laic\u012bgu \u0101das noveco\u0161anos un saglab\u0101t jaunekl\u012bgu izskatu. Kombu\u010da ir bag\u0101ta ar vitam\u012bniem un miner\u0101lviel\u0101m, kas pal\u012bdz mitrin\u0101t \u0101du un uztur\u0113t t\u0101s dabisko aizsargbarjeru. Rezult\u0101ts ir elast\u012bga un mirdzo\u0161a \u0101da.<br \/>\n\u2022Baku\u010diols \u2014 Psoralea corylifolia ekstrakts, dab\u012bga alternat\u012bva retinolam. Daudzfunkcion\u0101la sast\u0101vda\u013ca ar pla\u0161u pielietojuma kl\u0101stu \u0101das kop\u0161an\u0101:<br \/>\n\u2022 redzam\u0101m noveco\u0161an\u0101s paz\u012bm\u0113m, kad jau ir par\u0101d\u012bju\u0161\u0101s grumbas un smalk\u0101s l\u012bnijas;<br \/>\n\u2022 \u0101das nostiprin\u0101\u0161anai un elast\u012bbas uzlabo\u0161anai;<br \/>\n\u2022 \u0101dai ar noslieci uz nepiln\u012bb\u0101m, kas izskat\u0101s b\u0101la un pel\u0113ka.<\/p>\n<p>Kr\u0113ms \u0101dai ap ac\u012bm nodro\u0161ina intens\u012bvu mitrin\u0101\u0161anu, nov\u0113r\u0161ot sausumu un saglab\u0101jot m\u012bkstumu un elast\u012bbu. Pateicoties vieglajai un gludajai tekst\u016brai, tas maigi r\u016bp\u0113jas par delik\u0101to \u0101du ap ac\u012bm.<\/p>\n<p>\u012apa\u0161\u012bbas:<br \/>\n\u2022 mitrin\u0101\u0161ana;<br \/>\n\u2022 grumbu un smalko l\u012bniju redzam\u012bbas samazin\u0101\u0161ana;<br \/>\n\u2022 nomierino\u0161s efekts;<br \/>\n\u2022 m\u012bkstin\u0101\u0161ana un elast\u012bba;<br \/>\n\u2022 svaigs un atp\u016bties izskats;<br \/>\n\u2022 delik\u0101t\u0101s \u0101das ap ac\u012bm nomierin\u0101\u0161ana.<\/p>\n<p>Lieto\u0161ana: uzkl\u0101t nelielu daudzumu kr\u0113ma uz \u0101das ap ac\u012bm no r\u012bta un vakar\u0101.<\/p>\n<p>Piesardz\u012bbas pas\u0101kumi: iesp\u0113jama paaugstin\u0101ta individu\u0101l\u0101 jut\u012bba pret atsevi\u0161\u0137\u0101m sast\u0101vda\u013c\u0101m.<\/p>\n<p>Uzglab\u0101t temperat\u016br\u0101 no +5\u00b0C l\u012bdz +25\u00b0C.<\/p>\n<p>Der\u012bguma termi\u0146\u0161: 30 m\u0113ne\u0161i no izgatavo\u0161anas datuma.<\/p>\n","protected":false},"excerpt":{"rendered":"<p>\u0160\u012bs s\u0113rijas produktu lieto\u0161ana pal\u012bdz uzlabot \u0101das st\u0101vokli, nodro\u0161inot izl\u012bdzino\u0161u un mitrino\u0161u efektu, k\u0101 ar\u012b atjaunojot \u0101das elast\u012bbu. Akt\u012bv\u0101s sast\u0101vda\u013cas: \u2022Postbiotikas (Duoferm Kombu) \u2014 ferment\u0113ts meln\u0101s t\u0113jas ekstrakts, kas bag\u0101ts ar organiskaj\u0101m sk\u0101b\u0113m un vitam\u012bniem. Kombu\u010da satur dab\u012bgas sk\u0101bes, piem\u0113ram, eti\u0137sk\u0101bi un glikonsk\u0101bi, kas maigi noloba \u0101du, stimul\u0113jot \u0161\u016bnu atjauno\u0161anos un samazinot smalko grumbu redzam\u012bbu. [&#8230;]\n","protected":false},"featured_media":93174,"template":"","meta":[],"product_cat":[1590],"product_tag":[],"class_list":{"0":"post-62195","1":"product","2":"type-product","3":"status-publish","4":"has-post-thumbnail","6":"product_brand-elfa_ua","7":"product_cat-paakiu-kremai","9":"first","10":"outofstock","11":"taxable","12":"shipping-taxable","13":"product-type-simple"},"_links":{"self":[{"href":"https:\/\/e.kosmolat.eu\/lv\/wp-json\/wp\/v2\/product\/62195","targetHints":{"allow":["GET"]}}],"collection":[{"href":"https:\/\/e.kosmolat.eu\/lv\/wp-json\/wp\/v2\/product"}],"about":[{"href":"https:\/\/e.kosmolat.eu\/lv\/wp-json\/wp\/v2\/types\/product"}],"wp:featuredmedia":[{"embeddable":true,"href":"https:\/\/e.kosmolat.eu\/lv\/wp-json\/wp\/v2\/media\/93174"}],"wp:attachment":[{"href":"https:\/\/e.kosmolat.eu\/lv\/wp-json\/wp\/v2\/media?parent=62195"}],"wp:term":[{"taxonomy":"product_cat","embeddable":true,"href":"https:\/\/e.kosmolat.eu\/lv\/wp-json\/wp\/v2\/product_cat?post=62195"},{"taxonomy":"product_tag","embeddable":true,"href":"https:\/\/e.kosmolat.eu\/lv\/wp-json\/wp\/v2\/product_tag?post=62195"}],"curies":[{"name":"wp","href":"https:\/\/api.w.org\/{rel}","templated":true}]}}