{"id":62179,"date":"2025-02-02T09:51:02","date_gmt":"2025-02-02T09:51:02","guid":{"rendered":"https:\/\/e.kosmolat.eu\/product\/green-sharmacy-bakuchiol-postbiotics-wash-face-gel-200ml\/"},"modified":"2026-04-21T10:13:48","modified_gmt":"2026-04-21T10:13:48","slug":"gp-bakuciols-postbiotikas-sejas-mazg-zeleja-200-ml","status":"publish","type":"product","link":"https:\/\/e.kosmolat.eu\/lv\/product\/gp-bakuciols-postbiotikas-sejas-mazg-zeleja-200-ml\/","title":{"rendered":"GP Baku\u010diols + postbiotikas Sejas mazg. \u017eeleja, 200 ml"},"content":{"rendered":"<p>Sejas mazg\u0101\u0161anas \u017eeleja pal\u012bdz att\u012br\u012bt \u0101du no net\u012brumiem un kosm\u0113tikas. Pateicoties \u012bpa\u0161i izstr\u0101d\u0101tajai formulai, t\u0101 neizraisa sausumu un uztur \u0101das dabisko aizsargbarjeru.<\/p>\n<p>Lieto\u0161ana: uzkl\u0101t \u017eeleju uz mitras sejas \u0101das ar viegl\u0101m, mas\u0113jo\u0161\u0101m ap\u013cveida kust\u012bb\u0101m. Noskalot ar \u016bdeni. Lietot 2 reizes dien\u0101. <\/p>\n<p>Piesardz\u012bbas pas\u0101kumi: iesp\u0113jama paaugstin\u0101ta individu\u0101l\u0101 jut\u012bba pret atsevi\u0161\u0137\u0101m sast\u0101vda\u013c\u0101m.<\/p>\n<p>Uzglab\u0101t temperat\u016br\u0101 no +5\u00b0C l\u012bdz +25\u00b0C.<\/p>\n<p>Der\u012bguma termi\u0146\u0161: 30 m\u0113ne\u0161i no izgatavo\u0161anas datuma.<\/p>\n","protected":false},"excerpt":{"rendered":"<p>Sejas mazg\u0101\u0161anas \u017eeleja pal\u012bdz att\u012br\u012bt \u0101du no net\u012brumiem un kosm\u0113tikas. Pateicoties \u012bpa\u0161i izstr\u0101d\u0101tajai formulai, t\u0101 neizraisa sausumu un uztur \u0101das dabisko aizsargbarjeru. Lieto\u0161ana: uzkl\u0101t \u017eeleju uz mitras sejas \u0101das ar viegl\u0101m, mas\u0113jo\u0161\u0101m ap\u013cveida kust\u012bb\u0101m. Noskalot ar \u016bdeni. Lietot 2 reizes dien\u0101. Piesardz\u012bbas pas\u0101kumi: iesp\u0113jama paaugstin\u0101ta individu\u0101l\u0101 jut\u012bba pret atsevi\u0161\u0137\u0101m sast\u0101vda\u013c\u0101m. Uzglab\u0101t temperat\u016br\u0101 no +5\u00b0C l\u012bdz [&#8230;]\n","protected":false},"featured_media":93166,"template":"","meta":[],"product_cat":[1999],"product_tag":[],"class_list":{"0":"post-62179","1":"product","2":"type-product","3":"status-publish","4":"has-post-thumbnail","6":"product_brand-elfa_ua","7":"product_cat-bez-kategorijas","9":"first","10":"instock","11":"taxable","12":"shipping-taxable","13":"product-type-simple"},"_links":{"self":[{"href":"https:\/\/e.kosmolat.eu\/lv\/wp-json\/wp\/v2\/product\/62179","targetHints":{"allow":["GET"]}}],"collection":[{"href":"https:\/\/e.kosmolat.eu\/lv\/wp-json\/wp\/v2\/product"}],"about":[{"href":"https:\/\/e.kosmolat.eu\/lv\/wp-json\/wp\/v2\/types\/product"}],"wp:featuredmedia":[{"embeddable":true,"href":"https:\/\/e.kosmolat.eu\/lv\/wp-json\/wp\/v2\/media\/93166"}],"wp:attachment":[{"href":"https:\/\/e.kosmolat.eu\/lv\/wp-json\/wp\/v2\/media?parent=62179"}],"wp:term":[{"taxonomy":"product_cat","embeddable":true,"href":"https:\/\/e.kosmolat.eu\/lv\/wp-json\/wp\/v2\/product_cat?post=62179"},{"taxonomy":"product_tag","embeddable":true,"href":"https:\/\/e.kosmolat.eu\/lv\/wp-json\/wp\/v2\/product_tag?post=62179"}],"curies":[{"name":"wp","href":"https:\/\/api.w.org\/{rel}","templated":true}]}}