{"id":62155,"date":"2025-02-02T09:49:49","date_gmt":"2025-02-02T09:49:49","guid":{"rendered":"https:\/\/e.kosmolat.eu\/product\/green-sharmacy-bakuchiol-postbiotics-micellar-water-200ml\/"},"modified":"2026-04-22T07:23:03","modified_gmt":"2026-04-22T07:23:03","slug":"gp-bakuciols-postbiotikas-micelarais-udens-200-ml","status":"publish","type":"product","link":"https:\/\/e.kosmolat.eu\/lv\/product\/gp-bakuciols-postbiotikas-micelarais-udens-200-ml\/","title":{"rendered":"GP Baku\u010diols + postbiotikas Micel\u0101rais \u016bdens, 200 ml"},"content":{"rendered":"<p>Micer\u0101lais \u016bdens ir maigs un efekt\u012bvs sejas att\u012br\u012b\u0161anas l\u012bdzeklis. Tas satur micellas \u2013 mikroskopiskas molekulas, kas piesaista net\u012brumus un kosm\u0113tiku, pal\u012bdzot tos no\u0146emt no \u0101das bez \u016bdens izmanto\u0161anas. Piem\u0113rots visiem \u0101das tipiem.<\/p>\n<p>Lieto\u0161ana: uzkl\u0101t nelielu micel\u0101r\u0101 \u016bdens daudzumu uz vates diska. Maigi not\u012br\u012bt net\u012brumus no sejas, acu zonas un l\u016bp\u0101m. Nav nepiecie\u0161ams noskalot.<\/p>\n<p>Piesardz\u012bbas pas\u0101kumi: iesp\u0113jama paaugstin\u0101ta individu\u0101l\u0101 jut\u012bba pret atsevi\u0161\u0137\u0101m sast\u0101vda\u013c\u0101m.<\/p>\n<p>Uzglab\u0101t temperat\u016br\u0101 no +5\u00b0C l\u012bdz +25\u00b0C.<\/p>\n<p>Der\u012bguma termi\u0146\u0161: 30 m\u0113ne\u0161i no izgatavo\u0161anas datuma.<\/p>\n","protected":false},"excerpt":{"rendered":"<p>Micer\u0101lais \u016bdens ir maigs un efekt\u012bvs sejas att\u012br\u012b\u0161anas l\u012bdzeklis. Tas satur micellas \u2013 mikroskopiskas molekulas, kas piesaista net\u012brumus un kosm\u0113tiku, pal\u012bdzot tos no\u0146emt no \u0101das bez \u016bdens izmanto\u0161anas. Piem\u0113rots visiem \u0101das tipiem. Lieto\u0161ana: uzkl\u0101t nelielu micel\u0101r\u0101 \u016bdens daudzumu uz vates diska. Maigi not\u012br\u012bt net\u012brumus no sejas, acu zonas un l\u016bp\u0101m. Nav nepiecie\u0161ams noskalot. Piesardz\u012bbas pas\u0101kumi: [&#8230;]\n","protected":false},"featured_media":93102,"template":"","meta":[],"product_cat":[2182],"product_tag":[],"class_list":{"0":"post-62155","1":"product","2":"type-product","3":"status-publish","4":"has-post-thumbnail","6":"product_brand-elfa_ua","7":"product_cat-bez-kategorijas-ru","9":"first","10":"instock","11":"taxable","12":"shipping-taxable","13":"product-type-simple"},"_links":{"self":[{"href":"https:\/\/e.kosmolat.eu\/lv\/wp-json\/wp\/v2\/product\/62155","targetHints":{"allow":["GET"]}}],"collection":[{"href":"https:\/\/e.kosmolat.eu\/lv\/wp-json\/wp\/v2\/product"}],"about":[{"href":"https:\/\/e.kosmolat.eu\/lv\/wp-json\/wp\/v2\/types\/product"}],"wp:featuredmedia":[{"embeddable":true,"href":"https:\/\/e.kosmolat.eu\/lv\/wp-json\/wp\/v2\/media\/93102"}],"wp:attachment":[{"href":"https:\/\/e.kosmolat.eu\/lv\/wp-json\/wp\/v2\/media?parent=62155"}],"wp:term":[{"taxonomy":"product_cat","embeddable":true,"href":"https:\/\/e.kosmolat.eu\/lv\/wp-json\/wp\/v2\/product_cat?post=62155"},{"taxonomy":"product_tag","embeddable":true,"href":"https:\/\/e.kosmolat.eu\/lv\/wp-json\/wp\/v2\/product_tag?post=62155"}],"curies":[{"name":"wp","href":"https:\/\/api.w.org\/{rel}","templated":true}]}}