{"id":62137,"date":"2025-01-31T05:03:50","date_gmt":"2025-01-31T05:03:50","guid":{"rendered":"https:\/\/e.kosmolat.eu\/product\/gp-damaskas-roze-keramidi-nakts-sejas-krems-50-ml\/"},"modified":"2026-05-08T21:15:51","modified_gmt":"2026-05-08T21:15:51","slug":"gp-damaskas-roze-keramidi-nakts-sejas-krems-50-ml","status":"publish","type":"product","link":"https:\/\/e.kosmolat.eu\/lv\/product\/gp-damaskas-roze-keramidi-nakts-sejas-krems-50-ml\/","title":{"rendered":"GP Damaskas roze + keram\u012bdi Nakts sejas kr\u0113ms, 50 ml"},"content":{"rendered":"<p>\u0160\u012bs s\u0113rijas produkti pal\u012bdz barot un mitrin\u0101t \u0101du, atjaunojot t\u0101s jaun\u012bbu.<\/p>\n<p>Akt\u012bv\u0101s sast\u0101vda\u013cas:<br \/>\n\u2022 Damaskas rozes ekstrakts aizsarg\u0101 \u0101du no stresa negat\u012bv\u0101s ietekmes un atjauno t\u0101s tvirtumu un elast\u012bbu. Ide\u0101li piem\u0113rots nobriedu\u0161ai, sausai un jut\u012bgai \u0101dai.<br \/>\n\u2022 Keram\u012bdu mais\u012bjums (Ceramide NP, Ceramide AP, Ceramide EOP) stiprina \u0101das hidrolip\u012bdu sl\u0101ni, nodro\u0161inot intens\u012bvu baro\u0161anu un mirdzumu.<\/p>\n<p>Nakts laik\u0101 \u0101da lab\u0101k uzs\u016bc akt\u012bv\u0101s sast\u0101vda\u013cas, kas iek\u013cautas kr\u0113m\u0101, pal\u012bdzot tai atjaunoties un izl\u012bdzin\u0101ties \u0101tr\u0101k. K\u0101 rezult\u0101t\u0101 papla\u0161in\u0101t\u0101s poras un smalk\u0101s grumbas k\u013c\u016bst maz\u0101k paman\u0101mas.<\/p>\n<p>\u012apa\u0161\u012bbas:<br \/>\n\u2022 revitaliz\u0101cija;<br \/>\n\u2022 \u0101das elast\u012bbas un tvirtuma palielin\u0101\u0161ana;<br \/>\n\u2022 intens\u012bva mitrin\u0101\u0161ana;<br \/>\n\u2022 m\u012bkstin\u0101\u0161ana un izl\u012bdzin\u0101\u0161ana;<br \/>\n\u2022 nomierino\u0161a iedarb\u012bba;<br \/>\n\u2022 vesel\u012bgs un mirdzo\u0161s izskats.<\/p>\n<p>Lieto\u0161ana: uzkl\u0101t nelielu kr\u0113ma daudzumu uz sejas \u0101das. Lietot vakar\u0101.<\/p>\n<p>Piesardz\u012bbas pas\u0101kumi: iesp\u0113jama paaugstin\u0101ta individu\u0101l\u0101 jut\u012bba pret atsevi\u0161\u0137\u0101m sast\u0101vda\u013c\u0101m.<\/p>\n<p>Uzglab\u0101t temperat\u016br\u0101 no +5\u00b0C l\u012bdz +25\u00b0C.<\/p>\n<p>Der\u012bguma termi\u0146\u0161: 30 m\u0113ne\u0161i no izgatavo\u0161anas datuma.<\/p>\n","protected":false},"excerpt":{"rendered":"<p>\u0160\u012bs s\u0113rijas produkti pal\u012bdz barot un mitrin\u0101t \u0101du, atjaunojot t\u0101s jaun\u012bbu. Akt\u012bv\u0101s sast\u0101vda\u013cas: \u2022 Damaskas rozes ekstrakts aizsarg\u0101 \u0101du no stresa negat\u012bv\u0101s ietekmes un atjauno t\u0101s tvirtumu un elast\u012bbu. Ide\u0101li piem\u0113rots nobriedu\u0161ai, sausai un jut\u012bgai \u0101dai. \u2022 Keram\u012bdu mais\u012bjums (Ceramide NP, Ceramide AP, Ceramide EOP) stiprina \u0101das hidrolip\u012bdu sl\u0101ni, nodro\u0161inot intens\u012bvu baro\u0161anu un mirdzumu. Nakts [&#8230;]\n","protected":false},"featured_media":93098,"template":"","meta":[],"product_cat":[1323],"product_tag":[],"class_list":{"0":"post-62137","1":"product","2":"type-product","3":"status-publish","4":"has-post-thumbnail","6":"product_brand-elfa_ua","7":"product_cat-1323","9":"first","10":"instock","11":"taxable","12":"shipping-taxable","13":"product-type-simple"},"_links":{"self":[{"href":"https:\/\/e.kosmolat.eu\/lv\/wp-json\/wp\/v2\/product\/62137","targetHints":{"allow":["GET"]}}],"collection":[{"href":"https:\/\/e.kosmolat.eu\/lv\/wp-json\/wp\/v2\/product"}],"about":[{"href":"https:\/\/e.kosmolat.eu\/lv\/wp-json\/wp\/v2\/types\/product"}],"wp:featuredmedia":[{"embeddable":true,"href":"https:\/\/e.kosmolat.eu\/lv\/wp-json\/wp\/v2\/media\/93098"}],"wp:attachment":[{"href":"https:\/\/e.kosmolat.eu\/lv\/wp-json\/wp\/v2\/media?parent=62137"}],"wp:term":[{"taxonomy":"product_cat","embeddable":true,"href":"https:\/\/e.kosmolat.eu\/lv\/wp-json\/wp\/v2\/product_cat?post=62137"},{"taxonomy":"product_tag","embeddable":true,"href":"https:\/\/e.kosmolat.eu\/lv\/wp-json\/wp\/v2\/product_tag?post=62137"}],"curies":[{"name":"wp","href":"https:\/\/api.w.org\/{rel}","templated":true}]}}