{"id":62121,"date":"2025-01-31T05:03:17","date_gmt":"2025-01-31T05:03:17","guid":{"rendered":"https:\/\/e.kosmolat.eu\/product\/gp-damaskas-roze-keramidi-krems-adai-ap-ac-15-ml\/"},"modified":"2026-04-22T13:12:34","modified_gmt":"2026-04-22T13:12:34","slug":"gp-damaskas-roze-keramidi-krems-adai-ap-ac-15-ml","status":"publish","type":"product","link":"https:\/\/e.kosmolat.eu\/lv\/product\/gp-damaskas-roze-keramidi-krems-adai-ap-ac-15-ml\/","title":{"rendered":"GP Damaskas roze + keram\u012bdi Kr\u0113ms \u0101dai ap ac., 15 ml"},"content":{"rendered":"<p>\u0160\u012bs s\u0113rijas produkti pal\u012bdz barot un mitrin\u0101t \u0101du, atjaunojot t\u0101s jaun\u012bbu.<\/p>\n<p>Akt\u012bv\u0101s sast\u0101vda\u013cas:<br \/>\n\u2022 Damaskas rozes ekstrakts aizsarg\u0101 \u0101du no stresa negat\u012bv\u0101s ietekmes un atjauno t\u0101s tvirtumu un elast\u012bbu. Ide\u0101li piem\u0113rots nobriedu\u0161ai, sausai un jut\u012bgai \u0101dai.<br \/>\n\u2022 Keram\u012bdu mais\u012bjums (Ceramide NP, Ceramide AP, Ceramide EOP) stiprina \u0101das hidrolip\u012bdu sl\u0101ni, nodro\u0161inot intens\u012bvu baro\u0161anu un mirdzumu.<\/p>\n<p>Kr\u0113ms \u0101dai ap ac\u012bm satur sast\u0101vda\u013cas, kas pal\u012bdz uztur\u0113t optim\u0101lu mitruma l\u012bmeni, nov\u0113r\u0161ot sausumu un lob\u012b\u0161anos, atgrie\u017eot \u0101dai ap ac\u012bm gludumu un elast\u012bbu.<\/p>\n<p>\u012apa\u0161\u012bbas:<br \/>\n\u2022 revitaliz\u0101cija;<br \/>\n\u2022 \u0101das elast\u012bbas un tvirtuma palielin\u0101\u0161ana zon\u0101 ap ac\u012bm;<br \/>\n\u2022 intens\u012bva mitrin\u0101\u0161ana un baro\u0161ana;<br \/>\n\u2022 skaistas un koptas \u0101das nodro\u0161in\u0101\u0161ana;<br \/>\n\u2022 noveco\u0161an\u0101s paz\u012bmju samazin\u0101\u0161ana;<br \/>\n\u2022 nomierino\u0161a un atjaunojo\u0161a iedarb\u012bba;<br \/>\n\u2022 grumbu redzam\u012bbas samazin\u0101\u0161ana;<br \/>\n\u2022 tum\u0161o loku nov\u0113r\u0161ana.<\/p>\n<p>Lieto\u0161ana: uzkl\u0101t nelielu daudzumu kr\u0113ma uz \u0101das ap ac\u012bm no r\u012bta un vakar\u0101.<\/p>\n<p>Piesardz\u012bbas pas\u0101kumi: iesp\u0113jama paaugstin\u0101ta individu\u0101l\u0101 jut\u012bba pret atsevi\u0161\u0137\u0101m sast\u0101vda\u013c\u0101m.<\/p>\n<p>Uzglab\u0101t temperat\u016br\u0101 no +5\u00b0C l\u012bdz +25\u00b0C.<\/p>\n<p>Der\u012bguma termi\u0146\u0161: 30 m\u0113ne\u0161i no izgatavo\u0161anas datuma.<\/p>\n","protected":false},"excerpt":{"rendered":"<p>\u0160\u012bs s\u0113rijas produkti pal\u012bdz barot un mitrin\u0101t \u0101du, atjaunojot t\u0101s jaun\u012bbu. Akt\u012bv\u0101s sast\u0101vda\u013cas: \u2022 Damaskas rozes ekstrakts aizsarg\u0101 \u0101du no stresa negat\u012bv\u0101s ietekmes un atjauno t\u0101s tvirtumu un elast\u012bbu. Ide\u0101li piem\u0113rots nobriedu\u0161ai, sausai un jut\u012bgai \u0101dai. \u2022 Keram\u012bdu mais\u012bjums (Ceramide NP, Ceramide AP, Ceramide EOP) stiprina \u0101das hidrolip\u012bdu sl\u0101ni, nodro\u0161inot intens\u012bvu baro\u0161anu un mirdzumu. Kr\u0113ms [&#8230;]\n","protected":false},"featured_media":93090,"template":"","meta":[],"product_cat":[2182],"product_tag":[],"class_list":{"0":"post-62121","1":"product","2":"type-product","3":"status-publish","4":"has-post-thumbnail","6":"product_brand-elfa_ua","7":"product_cat-bez-kategorijas-ru","9":"first","10":"instock","11":"taxable","12":"shipping-taxable","13":"product-type-simple"},"_links":{"self":[{"href":"https:\/\/e.kosmolat.eu\/lv\/wp-json\/wp\/v2\/product\/62121","targetHints":{"allow":["GET"]}}],"collection":[{"href":"https:\/\/e.kosmolat.eu\/lv\/wp-json\/wp\/v2\/product"}],"about":[{"href":"https:\/\/e.kosmolat.eu\/lv\/wp-json\/wp\/v2\/types\/product"}],"wp:featuredmedia":[{"embeddable":true,"href":"https:\/\/e.kosmolat.eu\/lv\/wp-json\/wp\/v2\/media\/93090"}],"wp:attachment":[{"href":"https:\/\/e.kosmolat.eu\/lv\/wp-json\/wp\/v2\/media?parent=62121"}],"wp:term":[{"taxonomy":"product_cat","embeddable":true,"href":"https:\/\/e.kosmolat.eu\/lv\/wp-json\/wp\/v2\/product_cat?post=62121"},{"taxonomy":"product_tag","embeddable":true,"href":"https:\/\/e.kosmolat.eu\/lv\/wp-json\/wp\/v2\/product_tag?post=62121"}],"curies":[{"name":"wp","href":"https:\/\/api.w.org\/{rel}","templated":true}]}}