{"id":62113,"date":"2025-01-31T05:02:58","date_gmt":"2025-01-31T05:02:58","guid":{"rendered":"https:\/\/e.kosmolat.eu\/product\/gp-damaskas-roze-keramidi-sejas-mazg-emulsija-150-ml\/"},"modified":"2026-04-14T15:57:27","modified_gmt":"2026-04-14T15:57:27","slug":"gp-damaskas-roze-keramidi-sejas-mazg-emulsija-150-ml","status":"publish","type":"product","link":"https:\/\/e.kosmolat.eu\/lv\/product\/gp-damaskas-roze-keramidi-sejas-mazg-emulsija-150-ml\/","title":{"rendered":"GP Damaskas roze + keram\u012bdi Sejas mazg. emulsija, 150 ml"},"content":{"rendered":"<p>Emulsija apvieno \u016bdens un e\u013c\u013cas \u012bpa\u0161\u012bbas, radot efekt\u012bvu \u0101das kop\u0161anas l\u012bdzekli.<\/p>\n<p>Lieto\u0161ana: uzkl\u0101t emulsiju uz mitras sejas \u0101das ar viegl\u0101m, mas\u0113jo\u0161\u0101m ap\u013cveida kust\u012bb\u0101m. Noskalot ar \u016bdeni. Lietot 2 reizes dien\u0101. <\/p>\n<p>Piesardz\u012bbas pas\u0101kumi: iesp\u0113jama paaugstin\u0101ta individu\u0101l\u0101 jut\u012bba pret atsevi\u0161\u0137\u0101m sast\u0101vda\u013c\u0101m.<\/p>\n<p>Uzglab\u0101t temperat\u016br\u0101 no +5\u00b0C l\u012bdz +25\u00b0C.<\/p>\n<p>Der\u012bguma termi\u0146\u0161: 30 m\u0113ne\u0161i no izgatavo\u0161anas datuma.<\/p>\n","protected":false},"excerpt":{"rendered":"<p>Emulsija apvieno \u016bdens un e\u013c\u013cas \u012bpa\u0161\u012bbas, radot efekt\u012bvu \u0101das kop\u0161anas l\u012bdzekli. Lieto\u0161ana: uzkl\u0101t emulsiju uz mitras sejas \u0101das ar viegl\u0101m, mas\u0113jo\u0161\u0101m ap\u013cveida kust\u012bb\u0101m. Noskalot ar \u016bdeni. Lietot 2 reizes dien\u0101. Piesardz\u012bbas pas\u0101kumi: iesp\u0113jama paaugstin\u0101ta individu\u0101l\u0101 jut\u012bba pret atsevi\u0161\u0137\u0101m sast\u0101vda\u013c\u0101m. Uzglab\u0101t temperat\u016br\u0101 no +5\u00b0C l\u012bdz +25\u00b0C. Der\u012bguma termi\u0146\u0161: 30 m\u0113ne\u0161i no izgatavo\u0161anas datuma.<\/p>\n","protected":false},"featured_media":93086,"template":"","meta":[],"product_cat":[1572],"product_tag":[],"class_list":{"0":"post-62113","1":"product","2":"type-product","3":"status-publish","4":"has-post-thumbnail","6":"product_brand-elfa_ua","7":"product_cat-pienini-un-ellas","9":"first","10":"instock","11":"taxable","12":"shipping-taxable","13":"product-type-simple"},"_links":{"self":[{"href":"https:\/\/e.kosmolat.eu\/lv\/wp-json\/wp\/v2\/product\/62113","targetHints":{"allow":["GET"]}}],"collection":[{"href":"https:\/\/e.kosmolat.eu\/lv\/wp-json\/wp\/v2\/product"}],"about":[{"href":"https:\/\/e.kosmolat.eu\/lv\/wp-json\/wp\/v2\/types\/product"}],"wp:featuredmedia":[{"embeddable":true,"href":"https:\/\/e.kosmolat.eu\/lv\/wp-json\/wp\/v2\/media\/93086"}],"wp:attachment":[{"href":"https:\/\/e.kosmolat.eu\/lv\/wp-json\/wp\/v2\/media?parent=62113"}],"wp:term":[{"taxonomy":"product_cat","embeddable":true,"href":"https:\/\/e.kosmolat.eu\/lv\/wp-json\/wp\/v2\/product_cat?post=62113"},{"taxonomy":"product_tag","embeddable":true,"href":"https:\/\/e.kosmolat.eu\/lv\/wp-json\/wp\/v2\/product_tag?post=62113"}],"curies":[{"name":"wp","href":"https:\/\/api.w.org\/{rel}","templated":true}]}}