{"id":62105,"date":"2025-01-31T05:02:43","date_gmt":"2025-01-31T05:02:43","guid":{"rendered":"https:\/\/e.kosmolat.eu\/product\/gp-damaskas-roze-keramidi-dienas-sejas-krems-50-ml\/"},"modified":"2026-05-08T21:15:37","modified_gmt":"2026-05-08T21:15:37","slug":"gp-damaskas-roze-keramidi-dienas-sejas-krems-50-ml","status":"publish","type":"product","link":"https:\/\/e.kosmolat.eu\/lv\/product\/gp-damaskas-roze-keramidi-dienas-sejas-krems-50-ml\/","title":{"rendered":"GP Damaskas roze + keram\u012bdi Dienas sejas kr\u0113ms, 50 ml"},"content":{"rendered":"<p>\u0160\u012bs s\u0113rijas produkti pal\u012bdz barot un mitrin\u0101t \u0101du, atjaunojot t\u0101s jaun\u012bbu.<\/p>\n<p>Akt\u012bv\u0101s sast\u0101vda\u013cas:<br \/>\n\u2022 Damaskas rozes ekstrakts aizsarg\u0101 \u0101du no stresa negat\u012bv\u0101s ietekmes un atjauno t\u0101s tvirtumu un elast\u012bbu. Ide\u0101li piem\u0113rots nobriedu\u0161ai, sausai un jut\u012bgai \u0101dai.<br \/>\n\u2022 Keram\u012bdu mais\u012bjums (Ceramide NP, Ceramide AP, Ceramide EOP) stiprina \u0101das hidrolip\u012bdu sl\u0101ni, nodro\u0161inot intens\u012bvu baro\u0161anu un mirdzumu.<\/p>\n<p>Dienas kr\u0113ma lieto\u0161ana pal\u012bdz barot, mitrin\u0101t \u0101du un uzlabot t\u0101s st\u0101vokli. Kr\u0113ms atjauno \u0101du, paaugstina t\u0101s elast\u012bbu un pal\u012bdz nov\u0113rst savilkuma saj\u016btu.<\/p>\n<p>\u012apa\u0161\u012bbas:<br \/>\n\u2022 revitaliz\u0101cija;<br \/>\n\u2022 \u0101das atjauno\u0161ana;<br \/>\n\u2022 \u0101das elast\u012bbas un tonusa uzlabo\u0161ana;<br \/>\n\u2022 mitrin\u0101\u0161ana un baro\u0161ana;<br \/>\n\u2022 nomierino\u0161a iedarb\u012bba;<br \/>\n\u2022 \u0101das mirdzums un vesel\u012bgs izskats.<\/p>\n<p>Lieto\u0161ana: uzkl\u0101t nelielu kr\u0113ma daudzumu uz sejas \u0101das dienas laik\u0101.<\/p>\n<p>Piesardz\u012bbas pas\u0101kumi: iesp\u0113jama paaugstin\u0101ta individu\u0101l\u0101 jut\u012bba pret atsevi\u0161\u0137\u0101m sast\u0101vda\u013c\u0101m.<\/p>\n<p>Uzglab\u0101t temperat\u016br\u0101 no +5\u00b0C l\u012bdz +25\u00b0C.<\/p>\n<p>Der\u012bguma termi\u0146\u0161: 30 m\u0113ne\u0161i no izgatavo\u0161anas datuma.<\/p>\n","protected":false},"excerpt":{"rendered":"<p>\u0160\u012bs s\u0113rijas produkti pal\u012bdz barot un mitrin\u0101t \u0101du, atjaunojot t\u0101s jaun\u012bbu. Akt\u012bv\u0101s sast\u0101vda\u013cas: \u2022 Damaskas rozes ekstrakts aizsarg\u0101 \u0101du no stresa negat\u012bv\u0101s ietekmes un atjauno t\u0101s tvirtumu un elast\u012bbu. Ide\u0101li piem\u0113rots nobriedu\u0161ai, sausai un jut\u012bgai \u0101dai. \u2022 Keram\u012bdu mais\u012bjums (Ceramide NP, Ceramide AP, Ceramide EOP) stiprina \u0101das hidrolip\u012bdu sl\u0101ni, nodro\u0161inot intens\u012bvu baro\u0161anu un mirdzumu. Dienas [&#8230;]\n","protected":false},"featured_media":93082,"template":"","meta":[],"product_cat":[1320],"product_tag":[],"class_list":{"0":"post-62105","1":"product","2":"type-product","3":"status-publish","4":"has-post-thumbnail","6":"product_brand-elfa_ua","7":"product_cat-sejas-kremi","9":"first","10":"instock","11":"sale","12":"taxable","13":"shipping-taxable","14":"product-type-simple"},"_links":{"self":[{"href":"https:\/\/e.kosmolat.eu\/lv\/wp-json\/wp\/v2\/product\/62105","targetHints":{"allow":["GET"]}}],"collection":[{"href":"https:\/\/e.kosmolat.eu\/lv\/wp-json\/wp\/v2\/product"}],"about":[{"href":"https:\/\/e.kosmolat.eu\/lv\/wp-json\/wp\/v2\/types\/product"}],"wp:featuredmedia":[{"embeddable":true,"href":"https:\/\/e.kosmolat.eu\/lv\/wp-json\/wp\/v2\/media\/93082"}],"wp:attachment":[{"href":"https:\/\/e.kosmolat.eu\/lv\/wp-json\/wp\/v2\/media?parent=62105"}],"wp:term":[{"taxonomy":"product_cat","embeddable":true,"href":"https:\/\/e.kosmolat.eu\/lv\/wp-json\/wp\/v2\/product_cat?post=62105"},{"taxonomy":"product_tag","embeddable":true,"href":"https:\/\/e.kosmolat.eu\/lv\/wp-json\/wp\/v2\/product_tag?post=62105"}],"curies":[{"name":"wp","href":"https:\/\/api.w.org\/{rel}","templated":true}]}}