{"id":62097,"date":"2025-01-31T05:02:26","date_gmt":"2025-01-31T05:02:26","guid":{"rendered":"https:\/\/e.kosmolat.eu\/product\/gp-damaskas-roze-keramidi-sejas-serums-30-ml\/"},"modified":"2026-04-15T14:47:53","modified_gmt":"2026-04-15T14:47:53","slug":"gp-damaskas-roze-keramidi-sejas-serums-30-ml","status":"publish","type":"product","link":"https:\/\/e.kosmolat.eu\/lv\/product\/gp-damaskas-roze-keramidi-sejas-serums-30-ml\/","title":{"rendered":"GP Damaskas roze + keram\u012bdi Sejas serums, 30 ml"},"content":{"rendered":"<p>\u0160\u012bs s\u0113rijas produkti pal\u012bdz barot un mitrin\u0101t \u0101du, atjaunojot t\u0101s jaun\u012bbu.<\/p>\n<p>Akt\u012bv\u0101s sast\u0101vda\u013cas:<br \/>\n\u2022 Damaskas rozes ekstrakts aizsarg\u0101 \u0101du no stresa negat\u012bv\u0101s ietekmes un atjauno t\u0101s tvirtumu un elast\u012bbu. Ide\u0101li piem\u0113rots nobriedu\u0161ai, sausai un jut\u012bgai \u0101dai.<br \/>\n\u2022 Keram\u012bdu mais\u012bjums (Ceramide NP, Ceramide AP, Ceramide EOP) stiprina \u0101das hidrolip\u012bdu sl\u0101ni, nodro\u0161inot intens\u012bvu baro\u0161anu un mirdzumu.<\/p>\n<p>Sejas serums \u2014 efekt\u012bvs papildin\u0101jums j\u016bsu ikdienas \u0101das kop\u0161anas rut\u012bnai.<\/p>\n<p>\u012apa\u0161\u012bbas:<br \/>\n\u2022 revitaliz\u0101cija;<br \/>\n\u2022 \u0101das stingr\u012bbas un elast\u012bbas palielin\u0101\u0161ana;<br \/>\n\u2022 baro\u0161ana un mitrin\u0101\u0161ana;<br \/>\n\u2022 noveco\u0161an\u0101s paz\u012bmju samazin\u0101\u0161ana;<br \/>\n\u2022 nomierino\u0161a iedarb\u012bba;<br \/>\n\u2022 tekst\u016bras izl\u012bdzin\u0101\u0161ana un m\u012bkstin\u0101\u0161ana;<br \/>\n\u2022 \u0101das to\u0146a izl\u012bdzin\u0101\u0161ana;<br \/>\n\u2022 \u0101das mirdzums.<\/p>\n<p>Lieto\u0161ana: uzkl\u0101t nelielu seruma daudzumu uz sejas \u0101das. Lietot 2 reizes dien\u0101. <\/p>\n<p>Piesardz\u012bbas pas\u0101kumi: iesp\u0113jama paaugstin\u0101ta individu\u0101l\u0101 jut\u012bba pret atsevi\u0161\u0137\u0101m sast\u0101vda\u013c\u0101m.<\/p>\n<p>Uzglab\u0101t temperat\u016br\u0101 no +5\u00b0C l\u012bdz +25\u00b0C.<\/p>\n<p>Der\u012bguma termi\u0146\u0161: 30 m\u0113ne\u0161i no izgatavo\u0161anas datuma.<\/p>\n","protected":false},"excerpt":{"rendered":"<p>\u0160\u012bs s\u0113rijas produkti pal\u012bdz barot un mitrin\u0101t \u0101du, atjaunojot t\u0101s jaun\u012bbu. Akt\u012bv\u0101s sast\u0101vda\u013cas: \u2022 Damaskas rozes ekstrakts aizsarg\u0101 \u0101du no stresa negat\u012bv\u0101s ietekmes un atjauno t\u0101s tvirtumu un elast\u012bbu. Ide\u0101li piem\u0113rots nobriedu\u0161ai, sausai un jut\u012bgai \u0101dai. \u2022 Keram\u012bdu mais\u012bjums (Ceramide NP, Ceramide AP, Ceramide EOP) stiprina \u0101das hidrolip\u012bdu sl\u0101ni, nodro\u0161inot intens\u012bvu baro\u0161anu un mirdzumu. Sejas [&#8230;]\n","protected":false},"featured_media":93118,"template":"","meta":[],"product_cat":[1325],"product_tag":[],"class_list":{"0":"post-62097","1":"product","2":"type-product","3":"status-publish","4":"has-post-thumbnail","6":"product_brand-elfa_ua","7":"product_cat-serumi","9":"first","10":"instock","11":"taxable","12":"shipping-taxable","13":"product-type-simple"},"_links":{"self":[{"href":"https:\/\/e.kosmolat.eu\/lv\/wp-json\/wp\/v2\/product\/62097","targetHints":{"allow":["GET"]}}],"collection":[{"href":"https:\/\/e.kosmolat.eu\/lv\/wp-json\/wp\/v2\/product"}],"about":[{"href":"https:\/\/e.kosmolat.eu\/lv\/wp-json\/wp\/v2\/types\/product"}],"wp:featuredmedia":[{"embeddable":true,"href":"https:\/\/e.kosmolat.eu\/lv\/wp-json\/wp\/v2\/media\/93118"}],"wp:attachment":[{"href":"https:\/\/e.kosmolat.eu\/lv\/wp-json\/wp\/v2\/media?parent=62097"}],"wp:term":[{"taxonomy":"product_cat","embeddable":true,"href":"https:\/\/e.kosmolat.eu\/lv\/wp-json\/wp\/v2\/product_cat?post=62097"},{"taxonomy":"product_tag","embeddable":true,"href":"https:\/\/e.kosmolat.eu\/lv\/wp-json\/wp\/v2\/product_tag?post=62097"}],"curies":[{"name":"wp","href":"https:\/\/api.w.org\/{rel}","templated":true}]}}