{"id":61997,"date":"2025-01-29T05:07:38","date_gmt":"2025-01-29T05:07:38","guid":{"rendered":"https:\/\/e.kosmolat.eu\/product\/lollis-nagu-laka-tonis-128-12-ml\/"},"modified":"2025-09-20T05:27:37","modified_gmt":"2025-09-20T05:27:37","slug":"lollis-nagu-laka-tonis-128-12-ml","status":"publish","type":"product","link":"https:\/\/e.kosmolat.eu\/lv\/product\/lollis-nagu-laka-tonis-128-12-ml\/","title":{"rendered":"LOLLIS Nagu laka, tonis 128, 12 ml"},"content":{"rendered":"<p>Uzman\u012bbu: Uzliesmojo\u0161s \u0161\u0137idrums. Uzglab\u0101t b\u0113rniem nepieejam\u0101 viet\u0101. Sarg\u0101t no tie\u0161iem saules stariem.<\/p>\n","protected":false},"excerpt":{"rendered":"<p>Uzman\u012bbu: Uzliesmojo\u0161s \u0161\u0137idrums. Uzglab\u0101t b\u0113rniem nepieejam\u0101 viet\u0101. Sarg\u0101t no tie\u0161iem saules stariem.<\/p>\n","protected":false},"featured_media":92890,"template":"","meta":[],"product_cat":[1515],"product_tag":[],"class_list":{"0":"post-61997","1":"product","2":"type-product","3":"status-publish","4":"has-post-thumbnail","6":"product_brand-lollis_tr-merker","7":"product_cat-nagu-lakas","9":"first","10":"instock","11":"taxable","12":"shipping-taxable","13":"product-type-simple"},"_links":{"self":[{"href":"https:\/\/e.kosmolat.eu\/lv\/wp-json\/wp\/v2\/product\/61997","targetHints":{"allow":["GET"]}}],"collection":[{"href":"https:\/\/e.kosmolat.eu\/lv\/wp-json\/wp\/v2\/product"}],"about":[{"href":"https:\/\/e.kosmolat.eu\/lv\/wp-json\/wp\/v2\/types\/product"}],"wp:featuredmedia":[{"embeddable":true,"href":"https:\/\/e.kosmolat.eu\/lv\/wp-json\/wp\/v2\/media\/92890"}],"wp:attachment":[{"href":"https:\/\/e.kosmolat.eu\/lv\/wp-json\/wp\/v2\/media?parent=61997"}],"wp:term":[{"taxonomy":"product_cat","embeddable":true,"href":"https:\/\/e.kosmolat.eu\/lv\/wp-json\/wp\/v2\/product_cat?post=61997"},{"taxonomy":"product_tag","embeddable":true,"href":"https:\/\/e.kosmolat.eu\/lv\/wp-json\/wp\/v2\/product_tag?post=61997"}],"curies":[{"name":"wp","href":"https:\/\/api.w.org\/{rel}","templated":true}]}}