{"id":61921,"date":"2025-01-25T05:09:06","date_gmt":"2025-01-25T05:09:06","guid":{"rendered":"https:\/\/e.kosmolat.eu\/product\/lollis-tattoo-liner-waterproof-501-udensnotur-acu-zimulis-laineris-1-8-g\/"},"modified":"2026-04-14T06:12:59","modified_gmt":"2026-04-14T06:12:59","slug":"lollis-tattoo-liner-waterproof-501-udensnotur-acu-zimulis-laineris-1-8-g","status":"publish","type":"product","link":"https:\/\/e.kosmolat.eu\/lv\/product\/lollis-tattoo-liner-waterproof-501-udensnotur-acu-zimulis-laineris-1-8-g\/","title":{"rendered":"LOLLIS Tattoo Liner Waterproof 501 \u016adensnotur. acu z\u012bmulis-laineris, 1.8 g"},"content":{"rendered":"<p>Uzglab\u0101t v\u0113s\u0101 viet\u0101.<\/p>\n","protected":false},"excerpt":{"rendered":"<p>Uzglab\u0101t v\u0113s\u0101 viet\u0101.<\/p>\n","protected":false},"featured_media":93486,"template":"","meta":[],"product_cat":[1262],"product_tag":[],"class_list":{"0":"post-61921","1":"product","2":"type-product","3":"status-publish","4":"has-post-thumbnail","6":"product_brand-lollis_tr-merker","7":"product_cat-zimuli-laineri","9":"first","10":"instock","11":"taxable","12":"shipping-taxable","13":"product-type-simple"},"_links":{"self":[{"href":"https:\/\/e.kosmolat.eu\/lv\/wp-json\/wp\/v2\/product\/61921","targetHints":{"allow":["GET"]}}],"collection":[{"href":"https:\/\/e.kosmolat.eu\/lv\/wp-json\/wp\/v2\/product"}],"about":[{"href":"https:\/\/e.kosmolat.eu\/lv\/wp-json\/wp\/v2\/types\/product"}],"wp:featuredmedia":[{"embeddable":true,"href":"https:\/\/e.kosmolat.eu\/lv\/wp-json\/wp\/v2\/media\/93486"}],"wp:attachment":[{"href":"https:\/\/e.kosmolat.eu\/lv\/wp-json\/wp\/v2\/media?parent=61921"}],"wp:term":[{"taxonomy":"product_cat","embeddable":true,"href":"https:\/\/e.kosmolat.eu\/lv\/wp-json\/wp\/v2\/product_cat?post=61921"},{"taxonomy":"product_tag","embeddable":true,"href":"https:\/\/e.kosmolat.eu\/lv\/wp-json\/wp\/v2\/product_tag?post=61921"}],"curies":[{"name":"wp","href":"https:\/\/api.w.org\/{rel}","templated":true}]}}