{"id":61905,"date":"2025-01-25T05:08:32","date_gmt":"2025-01-25T05:08:32","guid":{"rendered":"https:\/\/e.kosmolat.eu\/product\/lollis-eyebrow-pencil-302-ucazu-zimulis-1-4-g\/"},"modified":"2026-04-22T07:22:50","modified_gmt":"2026-04-22T07:22:50","slug":"lollis-eyebrow-pencil-302-ucazu-zimulis-1-4-g","status":"publish","type":"product","link":"https:\/\/e.kosmolat.eu\/lv\/product\/lollis-eyebrow-pencil-302-ucazu-zimulis-1-4-g\/","title":{"rendered":"LOLLIS Eyebrow Pencil 302 Ucazu z\u012bmulis, 1.4 g"},"content":{"rendered":"<p>Uzglab\u0101t v\u0113s\u0101 viet\u0101.<\/p>\n","protected":false},"excerpt":{"rendered":"<p>Uzglab\u0101t v\u0113s\u0101 viet\u0101.<\/p>\n","protected":false},"featured_media":78330,"template":"","meta":[],"product_cat":[1999],"product_tag":[],"class_list":{"0":"post-61905","1":"product","2":"type-product","3":"status-publish","4":"has-post-thumbnail","6":"product_brand-lollis_tr-merker","7":"product_cat-bez-kategorijas","9":"first","10":"instock","11":"taxable","12":"shipping-taxable","13":"product-type-simple"},"_links":{"self":[{"href":"https:\/\/e.kosmolat.eu\/lv\/wp-json\/wp\/v2\/product\/61905","targetHints":{"allow":["GET"]}}],"collection":[{"href":"https:\/\/e.kosmolat.eu\/lv\/wp-json\/wp\/v2\/product"}],"about":[{"href":"https:\/\/e.kosmolat.eu\/lv\/wp-json\/wp\/v2\/types\/product"}],"wp:featuredmedia":[{"embeddable":true,"href":"https:\/\/e.kosmolat.eu\/lv\/wp-json\/wp\/v2\/media\/78330"}],"wp:attachment":[{"href":"https:\/\/e.kosmolat.eu\/lv\/wp-json\/wp\/v2\/media?parent=61905"}],"wp:term":[{"taxonomy":"product_cat","embeddable":true,"href":"https:\/\/e.kosmolat.eu\/lv\/wp-json\/wp\/v2\/product_cat?post=61905"},{"taxonomy":"product_tag","embeddable":true,"href":"https:\/\/e.kosmolat.eu\/lv\/wp-json\/wp\/v2\/product_tag?post=61905"}],"curies":[{"name":"wp","href":"https:\/\/api.w.org\/{rel}","templated":true}]}}