{"id":61889,"date":"2025-01-25T05:08:03","date_gmt":"2025-01-25T05:08:03","guid":{"rendered":"https:\/\/e.kosmolat.eu\/product\/lp-654-nude-matte-10-lacquer\/"},"modified":"2026-04-10T06:20:33","modified_gmt":"2026-04-10T06:20:33","slug":"lollis-nude-matte-10-mateta-nagu-laka-12-ml","status":"publish","type":"product","link":"https:\/\/e.kosmolat.eu\/lv\/product\/lollis-nude-matte-10-mateta-nagu-laka-12-ml\/","title":{"rendered":"LOLLIS Nude Matte 10 Mat\u0113ta nagu laka, 12 ml"},"content":{"rendered":"<p>Uzman\u012bbu: Uzliesmojo\u0161s \u0161\u0137idrums. Uzglab\u0101t b\u0113rniem nepieejam\u0101 viet\u0101. Sarg\u0101t no tie\u0161iem saules stariem.<\/p>\n","protected":false},"excerpt":{"rendered":"<p>Uzman\u012bbu: Uzliesmojo\u0161s \u0161\u0137idrums. Uzglab\u0101t b\u0113rniem nepieejam\u0101 viet\u0101. Sarg\u0101t no tie\u0161iem saules stariem.<\/p>\n","protected":false},"featured_media":92938,"template":"","meta":[],"product_cat":[1515],"product_tag":[],"class_list":{"0":"post-61889","1":"product","2":"type-product","3":"status-publish","4":"has-post-thumbnail","6":"product_brand-lollis_tr-merker","7":"product_cat-nagu-lakas","9":"first","10":"instock","11":"taxable","12":"shipping-taxable","13":"product-type-simple"},"_links":{"self":[{"href":"https:\/\/e.kosmolat.eu\/lv\/wp-json\/wp\/v2\/product\/61889","targetHints":{"allow":["GET"]}}],"collection":[{"href":"https:\/\/e.kosmolat.eu\/lv\/wp-json\/wp\/v2\/product"}],"about":[{"href":"https:\/\/e.kosmolat.eu\/lv\/wp-json\/wp\/v2\/types\/product"}],"wp:featuredmedia":[{"embeddable":true,"href":"https:\/\/e.kosmolat.eu\/lv\/wp-json\/wp\/v2\/media\/92938"}],"wp:attachment":[{"href":"https:\/\/e.kosmolat.eu\/lv\/wp-json\/wp\/v2\/media?parent=61889"}],"wp:term":[{"taxonomy":"product_cat","embeddable":true,"href":"https:\/\/e.kosmolat.eu\/lv\/wp-json\/wp\/v2\/product_cat?post=61889"},{"taxonomy":"product_tag","embeddable":true,"href":"https:\/\/e.kosmolat.eu\/lv\/wp-json\/wp\/v2\/product_tag?post=61889"}],"curies":[{"name":"wp","href":"https:\/\/api.w.org\/{rel}","templated":true}]}}