{"id":61785,"date":"2025-01-25T05:04:21","date_gmt":"2025-01-25T05:04:21","guid":{"rendered":"https:\/\/e.kosmolat.eu\/product\/lollis-waterproof-lipliner-207-udensnotur-lupu-zim-1-4-g\/"},"modified":"2026-03-27T06:49:12","modified_gmt":"2026-03-27T06:49:12","slug":"lollis-waterproof-lipliner-207-udensnotur-lupu-zim-1-4-g","status":"publish","type":"product","link":"https:\/\/e.kosmolat.eu\/lv\/product\/lollis-waterproof-lipliner-207-udensnotur-lupu-zim-1-4-g\/","title":{"rendered":"LOLLIS Waterproof Lipliner 207 \u016adensnotur. l\u016bpu z\u012bm., 1.4 g"},"content":{"rendered":"<p>Uzglab\u0101t v\u0113s\u0101 viet\u0101.<\/p>\n","protected":false},"excerpt":{"rendered":"<p>Uzglab\u0101t v\u0113s\u0101 viet\u0101.<\/p>\n","protected":false},"featured_media":93006,"template":"","meta":[],"product_cat":[1285],"product_tag":[],"class_list":{"0":"post-61785","1":"product","2":"type-product","3":"status-publish","4":"has-post-thumbnail","6":"product_brand-lollis_tr-merker","7":"product_cat-lupu-zimuli","9":"first","10":"instock","11":"taxable","12":"shipping-taxable","13":"product-type-simple"},"_links":{"self":[{"href":"https:\/\/e.kosmolat.eu\/lv\/wp-json\/wp\/v2\/product\/61785","targetHints":{"allow":["GET"]}}],"collection":[{"href":"https:\/\/e.kosmolat.eu\/lv\/wp-json\/wp\/v2\/product"}],"about":[{"href":"https:\/\/e.kosmolat.eu\/lv\/wp-json\/wp\/v2\/types\/product"}],"wp:featuredmedia":[{"embeddable":true,"href":"https:\/\/e.kosmolat.eu\/lv\/wp-json\/wp\/v2\/media\/93006"}],"wp:attachment":[{"href":"https:\/\/e.kosmolat.eu\/lv\/wp-json\/wp\/v2\/media?parent=61785"}],"wp:term":[{"taxonomy":"product_cat","embeddable":true,"href":"https:\/\/e.kosmolat.eu\/lv\/wp-json\/wp\/v2\/product_cat?post=61785"},{"taxonomy":"product_tag","embeddable":true,"href":"https:\/\/e.kosmolat.eu\/lv\/wp-json\/wp\/v2\/product_tag?post=61785"}],"curies":[{"name":"wp","href":"https:\/\/api.w.org\/{rel}","templated":true}]}}