{"id":61577,"date":"2025-01-24T05:03:04","date_gmt":"2025-01-24T05:03:04","guid":{"rendered":"https:\/\/e.kosmolat.eu\/product\/lollis-lip-care-lupu-balzams-zemene-4-g\/"},"modified":"2026-04-20T05:54:11","modified_gmt":"2026-04-20T05:54:11","slug":"lollis-lip-care-lupu-balzams-zemene-4-g","status":"publish","type":"product","link":"https:\/\/e.kosmolat.eu\/lv\/product\/lollis-lip-care-lupu-balzams-zemene-4-g\/","title":{"rendered":"LOLLIS Lip Care L\u016bpu balzams Zemene, 4 g"},"content":{"rendered":"<p>\u2022 Dabiski sp\u012bd\u012bgas, maigas un mitrin\u0101tas l\u016bpas.<br \/>\n\u2022 Lollis Strawberry Lip Care efekt\u012bv\u0101 formula ar \u0160\u012b sviestu un E vitam\u012bnu r\u016bp\u0113jas par j\u016bsu l\u016bp\u0101m, pie\u0161\u0137irot t\u0101m dabisku izskatu un nodro\u0161inot kop\u0161anu.<\/p>\n<p>Lieto\u0161ana: uzkl\u0101t uz saus\u0101m, t\u012br\u0101m l\u016bp\u0101m.<\/p>\n<p>Br\u012bdin\u0101jumi: Sarg\u0101t no tie\u0161iem saules stariem, karstuma un mitruma. Tikai \u0101r\u012bgai lieto\u0161anai. Sarg\u0101t no b\u0113rniem, kas jaun\u0101ki par 3 gadiem.<\/p>\n","protected":false},"excerpt":{"rendered":"<p>\u2022 Dabiski sp\u012bd\u012bgas, maigas un mitrin\u0101tas l\u016bpas. \u2022 Lollis Strawberry Lip Care efekt\u012bv\u0101 formula ar \u0160\u012b sviestu un E vitam\u012bnu r\u016bp\u0113jas par j\u016bsu l\u016bp\u0101m, pie\u0161\u0137irot t\u0101m dabisku izskatu un nodro\u0161inot kop\u0161anu. Lieto\u0161ana: uzkl\u0101t uz saus\u0101m, t\u012br\u0101m l\u016bp\u0101m. Br\u012bdin\u0101jumi: Sarg\u0101t no tie\u0161iem saules stariem, karstuma un mitruma. Tikai \u0101r\u012bgai lieto\u0161anai. Sarg\u0101t no b\u0113rniem, kas jaun\u0101ki par [&#8230;]\n","protected":false},"featured_media":99008,"template":"","meta":[],"product_cat":[1384],"product_tag":[],"class_list":{"0":"post-61577","1":"product","2":"type-product","3":"status-publish","4":"has-post-thumbnail","6":"product_brand-lollis_tr-merker","7":"product_cat-lupu-balzams","9":"first","10":"instock","11":"taxable","12":"shipping-taxable","13":"product-type-simple"},"_links":{"self":[{"href":"https:\/\/e.kosmolat.eu\/lv\/wp-json\/wp\/v2\/product\/61577","targetHints":{"allow":["GET"]}}],"collection":[{"href":"https:\/\/e.kosmolat.eu\/lv\/wp-json\/wp\/v2\/product"}],"about":[{"href":"https:\/\/e.kosmolat.eu\/lv\/wp-json\/wp\/v2\/types\/product"}],"wp:featuredmedia":[{"embeddable":true,"href":"https:\/\/e.kosmolat.eu\/lv\/wp-json\/wp\/v2\/media\/99008"}],"wp:attachment":[{"href":"https:\/\/e.kosmolat.eu\/lv\/wp-json\/wp\/v2\/media?parent=61577"}],"wp:term":[{"taxonomy":"product_cat","embeddable":true,"href":"https:\/\/e.kosmolat.eu\/lv\/wp-json\/wp\/v2\/product_cat?post=61577"},{"taxonomy":"product_tag","embeddable":true,"href":"https:\/\/e.kosmolat.eu\/lv\/wp-json\/wp\/v2\/product_tag?post=61577"}],"curies":[{"name":"wp","href":"https:\/\/api.w.org\/{rel}","templated":true}]}}