{"id":61260,"date":"2025-01-17T05:04:31","date_gmt":"2025-01-17T05:04:31","guid":{"rendered":"https:\/\/e.kosmolat.eu\/product\/white-day-mitras-salvetes-sensitive-kumelite-120-gab\/"},"modified":"2026-04-24T06:04:23","modified_gmt":"2026-04-24T06:04:23","slug":"white-day-mitras-salvetes-sensitive-kumelite-120-gab","status":"publish","type":"product","link":"https:\/\/e.kosmolat.eu\/lv\/product\/white-day-mitras-salvetes-sensitive-kumelite-120-gab\/","title":{"rendered":"White Day Mitr\u0101s salvetes Sensitive Kumel\u012bte, 120 gab."},"content":{"rendered":"<p>M\u012bkst\u0101s un biez\u0101s higi\u0113nisk\u0101s mitr\u0101s salvetes \u2014 nesatur alkoholu un parab\u0113nus \u2014 att\u012bra, m\u012bkstina un mitrina \u0101du.<\/p>\n<p>Lieto\u0161ana: atveriet v\u0101ci\u0146u, iz\u0146emiet salveti no iepakojuma un cie\u0161i aizveriet v\u0101ci\u0146u, lai saglab\u0101tu mitrumu p\u0113c lieto\u0161anas.<\/p>\n<p>Br\u012bdin\u0101jums: uzglab\u0101t v\u0113s\u0101, saus\u0101 viet\u0101. Sarg\u0101t no tie\u0161iem saules stariem. Izvair\u012bties no saskares ar ac\u012bm. Ja nok\u013c\u016bst ac\u012bs, noskalot ar lielu daudzumu \u016bdens.<\/p>\n<p>Uzman\u012bbu: nemest tualetes pod\u0101. Lai izvair\u012btos no nosmak\u0161anas, turiet visus plastmasas maisi\u0146us b\u0113rniem un m\u0101jdz\u012bvniekiem nepieejam\u0101 viet\u0101.<\/p>\n","protected":false},"excerpt":{"rendered":"<p>M\u012bkst\u0101s un biez\u0101s higi\u0113nisk\u0101s mitr\u0101s salvetes \u2014 nesatur alkoholu un parab\u0113nus \u2014 att\u012bra, m\u012bkstina un mitrina \u0101du. Lieto\u0161ana: atveriet v\u0101ci\u0146u, iz\u0146emiet salveti no iepakojuma un cie\u0161i aizveriet v\u0101ci\u0146u, lai saglab\u0101tu mitrumu p\u0113c lieto\u0161anas. Br\u012bdin\u0101jums: uzglab\u0101t v\u0113s\u0101, saus\u0101 viet\u0101. Sarg\u0101t no tie\u0161iem saules stariem. Izvair\u012bties no saskares ar ac\u012bm. Ja nok\u013c\u016bst ac\u012bs, noskalot ar lielu daudzumu [&#8230;]\n","protected":false},"featured_media":97217,"template":"","meta":[],"product_cat":[1807],"product_tag":[],"class_list":{"0":"post-61260","1":"product","2":"type-product","3":"status-publish","4":"has-post-thumbnail","6":"product_brand-salvor-wet-wiper-tr","7":"product_cat-1807","9":"first","10":"instock","11":"taxable","12":"shipping-taxable","13":"product-type-simple"},"_links":{"self":[{"href":"https:\/\/e.kosmolat.eu\/lv\/wp-json\/wp\/v2\/product\/61260","targetHints":{"allow":["GET"]}}],"collection":[{"href":"https:\/\/e.kosmolat.eu\/lv\/wp-json\/wp\/v2\/product"}],"about":[{"href":"https:\/\/e.kosmolat.eu\/lv\/wp-json\/wp\/v2\/types\/product"}],"wp:featuredmedia":[{"embeddable":true,"href":"https:\/\/e.kosmolat.eu\/lv\/wp-json\/wp\/v2\/media\/97217"}],"wp:attachment":[{"href":"https:\/\/e.kosmolat.eu\/lv\/wp-json\/wp\/v2\/media?parent=61260"}],"wp:term":[{"taxonomy":"product_cat","embeddable":true,"href":"https:\/\/e.kosmolat.eu\/lv\/wp-json\/wp\/v2\/product_cat?post=61260"},{"taxonomy":"product_tag","embeddable":true,"href":"https:\/\/e.kosmolat.eu\/lv\/wp-json\/wp\/v2\/product_tag?post=61260"}],"curies":[{"name":"wp","href":"https:\/\/api.w.org\/{rel}","templated":true}]}}