{"id":61236,"date":"2025-01-17T05:03:41","date_gmt":"2025-01-17T05:03:41","guid":{"rendered":"https:\/\/e.kosmolat.eu\/product\/white-day-mitras-salvetes-kosm-nonems-ar-hialuronsk-25-gab\/"},"modified":"2026-04-23T11:29:50","modified_gmt":"2026-04-23T11:29:50","slug":"white-day-mitras-salvetes-kosm-nonems-ar-hialuronsk-25-gab","status":"publish","type":"product","link":"https:\/\/e.kosmolat.eu\/lv\/product\/white-day-mitras-salvetes-kosm-nonems-ar-hialuronsk-25-gab\/","title":{"rendered":"White Day Mitr\u0101s salvetes kosm. no\u0146em\u0161. ar hialuronsk., 25 gab."},"content":{"rendered":"<p>Mitr\u0101s salvetes kosm\u0113tikas no\u0146em\u0161anai ar hialuronsk\u0101bi baro un stiprina \u0101das aizsargbarjeru, mitrinot to. T\u0101s efekt\u012bvi no\u0146em kosm\u0113tiku, pateicoties att\u012br\u012btam \u016bdenim un akt\u012bvaj\u0101m sast\u0101vda\u013c\u0101m, kas ieg\u016btas no cukurbiet\u0113m. Pateicoties glikolsk\u0101bei, t\u0101s nodro\u0161ina poru sa\u0161aurin\u0101\u0161anas efektu un efekt\u012bvi no\u0146em notur\u012bgu grimu. Piem\u0113rotas ikdienas lieto\u0161anai.<\/p>\n<p>Br\u012bdin\u0101jums: uzglab\u0101t v\u0113s\u0101, saus\u0101 viet\u0101. Sarg\u0101t no tie\u0161iem saules stariem. Izvair\u012bties no saskares ar ac\u012bm. Ja nok\u013c\u016bst ac\u012bs, noskalot ar lielu daudzumu \u016bdens.<\/p>\n<p>Uzman\u012bbu: nemest tualetes pod\u0101. Lai izvair\u012btos no nosmak\u0161anas, turiet visus plastmasas maisi\u0146us b\u0113rniem un m\u0101jdz\u012bvniekiem nepieejam\u0101 viet\u0101.<\/p>\n","protected":false},"excerpt":{"rendered":"<p>Mitr\u0101s salvetes kosm\u0113tikas no\u0146em\u0161anai ar hialuronsk\u0101bi baro un stiprina \u0101das aizsargbarjeru, mitrinot to. T\u0101s efekt\u012bvi no\u0146em kosm\u0113tiku, pateicoties att\u012br\u012btam \u016bdenim un akt\u012bvaj\u0101m sast\u0101vda\u013c\u0101m, kas ieg\u016btas no cukurbiet\u0113m. Pateicoties glikolsk\u0101bei, t\u0101s nodro\u0161ina poru sa\u0161aurin\u0101\u0161anas efektu un efekt\u012bvi no\u0146em notur\u012bgu grimu. Piem\u0113rotas ikdienas lieto\u0161anai. Br\u012bdin\u0101jums: uzglab\u0101t v\u0113s\u0101, saus\u0101 viet\u0101. Sarg\u0101t no tie\u0161iem saules stariem. Izvair\u012bties no saskares [&#8230;]\n","protected":false},"featured_media":78188,"template":"","meta":[],"product_cat":[1807],"product_tag":[],"class_list":{"0":"post-61236","1":"product","2":"type-product","3":"status-publish","4":"has-post-thumbnail","6":"product_brand-salvor-wet-wiper-tr","7":"product_cat-1807","9":"first","10":"instock","11":"taxable","12":"shipping-taxable","13":"product-type-simple"},"_links":{"self":[{"href":"https:\/\/e.kosmolat.eu\/lv\/wp-json\/wp\/v2\/product\/61236","targetHints":{"allow":["GET"]}}],"collection":[{"href":"https:\/\/e.kosmolat.eu\/lv\/wp-json\/wp\/v2\/product"}],"about":[{"href":"https:\/\/e.kosmolat.eu\/lv\/wp-json\/wp\/v2\/types\/product"}],"wp:featuredmedia":[{"embeddable":true,"href":"https:\/\/e.kosmolat.eu\/lv\/wp-json\/wp\/v2\/media\/78188"}],"wp:attachment":[{"href":"https:\/\/e.kosmolat.eu\/lv\/wp-json\/wp\/v2\/media?parent=61236"}],"wp:term":[{"taxonomy":"product_cat","embeddable":true,"href":"https:\/\/e.kosmolat.eu\/lv\/wp-json\/wp\/v2\/product_cat?post=61236"},{"taxonomy":"product_tag","embeddable":true,"href":"https:\/\/e.kosmolat.eu\/lv\/wp-json\/wp\/v2\/product_tag?post=61236"}],"curies":[{"name":"wp","href":"https:\/\/api.w.org\/{rel}","templated":true}]}}