{"id":61220,"date":"2025-01-17T05:03:10","date_gmt":"2025-01-17T05:03:10","guid":{"rendered":"https:\/\/e.kosmolat.eu\/product\/white-day-mitras-salvetes-ultra-sensitive-alveja-144-gab\/"},"modified":"2026-04-24T06:04:09","modified_gmt":"2026-04-24T06:04:09","slug":"white-day-mitras-salvetes-ultra-sensitive-alveja-144-gab","status":"publish","type":"product","link":"https:\/\/e.kosmolat.eu\/lv\/product\/white-day-mitras-salvetes-ultra-sensitive-alveja-144-gab\/","title":{"rendered":"White Day Mitr\u0101s salvetes Ultra Sensitive Alveja, 144 gab."},"content":{"rendered":"<p>Mitr\u0101s salvetes nodro\u0161ina roku, sejas un \u0137erme\u0146a \u0101das kop\u0161anu, pateicoties maigajai tekst\u016brai un formulai. Maig\u0101s higi\u0113nisk\u0101s salvetes aizsarg\u0101 \u0101du un nesatur alkoholu un kr\u0101svielas.<\/p>\n<p>Lieto\u0161ana: atveriet v\u0101ci\u0146u, iz\u0146emiet salveti no iepakojuma un cie\u0161i aizveriet v\u0101ci\u0146u, lai saglab\u0101tu mitrumu p\u0113c lieto\u0161anas.<\/p>\n<p>Uzglab\u0101t v\u0113s\u0101, saus\u0101 viet\u0101. Sarg\u0101t no tie\u0161iem saules stariem. Izvair\u012bties no saskares ar ac\u012bm. Ja nok\u013c\u016bst ac\u012bs, noskalot ar lielu daudzumu \u016bdens.<\/p>\n","protected":false},"excerpt":{"rendered":"<p>Mitr\u0101s salvetes nodro\u0161ina roku, sejas un \u0137erme\u0146a \u0101das kop\u0161anu, pateicoties maigajai tekst\u016brai un formulai. Maig\u0101s higi\u0113nisk\u0101s salvetes aizsarg\u0101 \u0101du un nesatur alkoholu un kr\u0101svielas. Lieto\u0161ana: atveriet v\u0101ci\u0146u, iz\u0146emiet salveti no iepakojuma un cie\u0161i aizveriet v\u0101ci\u0146u, lai saglab\u0101tu mitrumu p\u0113c lieto\u0161anas. Uzglab\u0101t v\u0113s\u0101, saus\u0101 viet\u0101. Sarg\u0101t no tie\u0161iem saules stariem. Izvair\u012bties no saskares ar ac\u012bm. Ja [&#8230;]\n","protected":false},"featured_media":98345,"template":"","meta":[],"product_cat":[1794],"product_tag":[],"class_list":{"0":"post-61220","1":"product","2":"type-product","3":"status-publish","4":"has-post-thumbnail","6":"product_brand-salvor-wet-wiper-tr","7":"product_cat-mitras-salvetes-berniem","9":"first","10":"instock","11":"taxable","12":"shipping-taxable","13":"product-type-simple"},"_links":{"self":[{"href":"https:\/\/e.kosmolat.eu\/lv\/wp-json\/wp\/v2\/product\/61220","targetHints":{"allow":["GET"]}}],"collection":[{"href":"https:\/\/e.kosmolat.eu\/lv\/wp-json\/wp\/v2\/product"}],"about":[{"href":"https:\/\/e.kosmolat.eu\/lv\/wp-json\/wp\/v2\/types\/product"}],"wp:featuredmedia":[{"embeddable":true,"href":"https:\/\/e.kosmolat.eu\/lv\/wp-json\/wp\/v2\/media\/98345"}],"wp:attachment":[{"href":"https:\/\/e.kosmolat.eu\/lv\/wp-json\/wp\/v2\/media?parent=61220"}],"wp:term":[{"taxonomy":"product_cat","embeddable":true,"href":"https:\/\/e.kosmolat.eu\/lv\/wp-json\/wp\/v2\/product_cat?post=61220"},{"taxonomy":"product_tag","embeddable":true,"href":"https:\/\/e.kosmolat.eu\/lv\/wp-json\/wp\/v2\/product_tag?post=61220"}],"curies":[{"name":"wp","href":"https:\/\/api.w.org\/{rel}","templated":true}]}}