{"id":61212,"date":"2025-01-17T05:02:54","date_gmt":"2025-01-17T05:02:54","guid":{"rendered":"https:\/\/e.kosmolat.eu\/product\/white-day-higien-mitras-salvetes-berniem-ultra-sensitive-72-gab\/"},"modified":"2026-04-24T06:03:57","modified_gmt":"2026-04-24T06:03:57","slug":"white-day-higien-mitras-salvetes-berniem-ultra-sensitive-72-gab","status":"publish","type":"product","link":"https:\/\/e.kosmolat.eu\/lv\/product\/white-day-higien-mitras-salvetes-berniem-ultra-sensitive-72-gab\/","title":{"rendered":"White Day Higi\u0113n. mitr\u0101s salvetes b\u0113rniem Ultra Sensitive, 72 gab."},"content":{"rendered":"<p>Mitr\u0101s higi\u0113nisk\u0101s salvetes att\u012bra un mitrina j\u016bsu mazu\u013ca \u0101du. L\u012bdzsvarots pH l\u012bmenis. Nesatur alkoholu un parab\u0113nus.<\/p>\n<p>Lieto\u0161ana: atl\u012bm\u0113jiet uzl\u012bmi, iz\u0146emiet salveti. P\u0113c lieto\u0161anas aizl\u012bm\u0113jiet iepakojumu, lai nov\u0113rstu iz\u017e\u016b\u0161anu.<\/p>\n<p>Uzglab\u0101t v\u0113s\u0101, saus\u0101 viet\u0101. Sarg\u0101t no tie\u0161iem saules stariem. Izvair\u012bties no saskares ar ac\u012bm. Ja nok\u013c\u016bst ac\u012bs, noskalot ar lielu daudzumu \u016bdens.<\/p>\n","protected":false},"excerpt":{"rendered":"<p>Mitr\u0101s higi\u0113nisk\u0101s salvetes att\u012bra un mitrina j\u016bsu mazu\u013ca \u0101du. L\u012bdzsvarots pH l\u012bmenis. Nesatur alkoholu un parab\u0113nus. Lieto\u0161ana: atl\u012bm\u0113jiet uzl\u012bmi, iz\u0146emiet salveti. P\u0113c lieto\u0161anas aizl\u012bm\u0113jiet iepakojumu, lai nov\u0113rstu iz\u017e\u016b\u0161anu. Uzglab\u0101t v\u0113s\u0101, saus\u0101 viet\u0101. Sarg\u0101t no tie\u0161iem saules stariem. Izvair\u012bties no saskares ar ac\u012bm. Ja nok\u013c\u016bst ac\u012bs, noskalot ar lielu daudzumu \u016bdens.<\/p>\n","protected":false},"featured_media":99775,"template":"","meta":[],"product_cat":[1794],"product_tag":[],"class_list":{"0":"post-61212","1":"product","2":"type-product","3":"status-publish","4":"has-post-thumbnail","6":"product_brand-salvor-wet-wiper-tr","7":"product_cat-mitras-salvetes-berniem","9":"first","10":"instock","11":"taxable","12":"shipping-taxable","13":"product-type-simple"},"_links":{"self":[{"href":"https:\/\/e.kosmolat.eu\/lv\/wp-json\/wp\/v2\/product\/61212","targetHints":{"allow":["GET"]}}],"collection":[{"href":"https:\/\/e.kosmolat.eu\/lv\/wp-json\/wp\/v2\/product"}],"about":[{"href":"https:\/\/e.kosmolat.eu\/lv\/wp-json\/wp\/v2\/types\/product"}],"wp:featuredmedia":[{"embeddable":true,"href":"https:\/\/e.kosmolat.eu\/lv\/wp-json\/wp\/v2\/media\/99775"}],"wp:attachment":[{"href":"https:\/\/e.kosmolat.eu\/lv\/wp-json\/wp\/v2\/media?parent=61212"}],"wp:term":[{"taxonomy":"product_cat","embeddable":true,"href":"https:\/\/e.kosmolat.eu\/lv\/wp-json\/wp\/v2\/product_cat?post=61212"},{"taxonomy":"product_tag","embeddable":true,"href":"https:\/\/e.kosmolat.eu\/lv\/wp-json\/wp\/v2\/product_tag?post=61212"}],"curies":[{"name":"wp","href":"https:\/\/api.w.org\/{rel}","templated":true}]}}