{"id":61204,"date":"2025-01-17T05:02:32","date_gmt":"2025-01-17T05:02:32","guid":{"rendered":"https:\/\/e.kosmolat.eu\/product\/white-day-mitras-salvetes-berniem-sensitive-120-gab\/"},"modified":"2026-04-23T07:48:29","modified_gmt":"2026-04-23T07:48:29","slug":"white-day-mitras-salvetes-berniem-sensitive-120-gab","status":"publish","type":"product","link":"https:\/\/e.kosmolat.eu\/lv\/product\/white-day-mitras-salvetes-berniem-sensitive-120-gab\/","title":{"rendered":"White Day Mitr\u0101s salvetes b\u0113rniem Sensitive, 120 gab."},"content":{"rendered":"<p>Pateicoties maigajai tekst\u016brai un formulai, kas izstr\u0101d\u0101ta \u012bpa\u0161i j\u016bsu mazulim, mitr\u0101s salvetes nodro\u0161ina roku, sejas un \u0137erme\u0146a \u0101das kop\u0161anu. Maig\u0101s higi\u0113nisk\u0101s salvetes aizsarg\u0101 \u0101du un nesatur alkoholu un kr\u0101svielas.<\/p>\n<p>Uzglab\u0101t v\u0113s\u0101, saus\u0101 viet\u0101. Sarg\u0101t no tie\u0161iem saules stariem.<\/p>\n<p>Izvair\u012bties no saskares ar ac\u012bm. Ja nok\u013c\u016bst ac\u012bs, noskalot ar lielu daudzumu \u016bdens.<\/p>\n","protected":false},"excerpt":{"rendered":"<p>Pateicoties maigajai tekst\u016brai un formulai, kas izstr\u0101d\u0101ta \u012bpa\u0161i j\u016bsu mazulim, mitr\u0101s salvetes nodro\u0161ina roku, sejas un \u0137erme\u0146a \u0101das kop\u0161anu. Maig\u0101s higi\u0113nisk\u0101s salvetes aizsarg\u0101 \u0101du un nesatur alkoholu un kr\u0101svielas. Uzglab\u0101t v\u0113s\u0101, saus\u0101 viet\u0101. Sarg\u0101t no tie\u0161iem saules stariem. Izvair\u012bties no saskares ar ac\u012bm. Ja nok\u013c\u016bst ac\u012bs, noskalot ar lielu daudzumu \u016bdens.<\/p>\n","protected":false},"featured_media":98365,"template":"","meta":[],"product_cat":[1794],"product_tag":[],"class_list":{"0":"post-61204","1":"product","2":"type-product","3":"status-publish","4":"has-post-thumbnail","6":"product_brand-salvor-wet-wiper-tr","7":"product_cat-mitras-salvetes-berniem","9":"first","10":"instock","11":"taxable","12":"shipping-taxable","13":"product-type-simple"},"_links":{"self":[{"href":"https:\/\/e.kosmolat.eu\/lv\/wp-json\/wp\/v2\/product\/61204","targetHints":{"allow":["GET"]}}],"collection":[{"href":"https:\/\/e.kosmolat.eu\/lv\/wp-json\/wp\/v2\/product"}],"about":[{"href":"https:\/\/e.kosmolat.eu\/lv\/wp-json\/wp\/v2\/types\/product"}],"wp:featuredmedia":[{"embeddable":true,"href":"https:\/\/e.kosmolat.eu\/lv\/wp-json\/wp\/v2\/media\/98365"}],"wp:attachment":[{"href":"https:\/\/e.kosmolat.eu\/lv\/wp-json\/wp\/v2\/media?parent=61204"}],"wp:term":[{"taxonomy":"product_cat","embeddable":true,"href":"https:\/\/e.kosmolat.eu\/lv\/wp-json\/wp\/v2\/product_cat?post=61204"},{"taxonomy":"product_tag","embeddable":true,"href":"https:\/\/e.kosmolat.eu\/lv\/wp-json\/wp\/v2\/product_tag?post=61204"}],"curies":[{"name":"wp","href":"https:\/\/api.w.org\/{rel}","templated":true}]}}