{"id":61196,"date":"2025-01-16T05:04:25","date_gmt":"2025-01-16T05:04:25","guid":{"rendered":"https:\/\/e.kosmolat.eu\/product\/gp-vannas-putas-verbena-un-salda-citrona-ella-500-ml\/"},"modified":"2026-04-14T09:12:43","modified_gmt":"2026-04-14T09:12:43","slug":"gp-vannas-putas-verbena-un-salda-citrona-ella-500-ml","status":"publish","type":"product","link":"https:\/\/e.kosmolat.eu\/lv\/product\/gp-vannas-putas-verbena-un-salda-citrona-ella-500-ml\/","title":{"rendered":"GP Vannas putas Verbena un sald\u0101 citrona e\u013cla, 500 ml"},"content":{"rendered":"<p>Dermatolo\u0123iski test\u0113ts. <\/p>\n<p>Lieto\u0161ana: ielejiet vannas putas zem teko\u0161a \u016bdens, lai izveidotu burbu\u013cus; p\u0113c vanno\u0161an\u0101s noskalojiet \u0137ermeni ar \u016bdeni.<\/p>\n<p>Uzglab\u0101t temperat\u016br\u0101 no +5\u00b0C l\u012bdz +25\u00b0C.<\/p>\n","protected":false},"excerpt":{"rendered":"<p>Dermatolo\u0123iski test\u0113ts. Lieto\u0161ana: ielejiet vannas putas zem teko\u0161a \u016bdens, lai izveidotu burbu\u013cus; p\u0113c vanno\u0161an\u0101s noskalojiet \u0137ermeni ar \u016bdeni. Uzglab\u0101t temperat\u016br\u0101 no +5\u00b0C l\u012bdz +25\u00b0C.<\/p>\n","protected":false},"featured_media":99864,"template":"","meta":[],"product_cat":[1797],"product_tag":[],"class_list":{"0":"post-61196","1":"product","2":"type-product","3":"status-publish","4":"has-post-thumbnail","6":"product_brand-elfa_ua","7":"product_cat-dusas-zelejas-ziepes-putas","9":"first","10":"instock","11":"taxable","12":"shipping-taxable","13":"product-type-simple"},"_links":{"self":[{"href":"https:\/\/e.kosmolat.eu\/lv\/wp-json\/wp\/v2\/product\/61196","targetHints":{"allow":["GET"]}}],"collection":[{"href":"https:\/\/e.kosmolat.eu\/lv\/wp-json\/wp\/v2\/product"}],"about":[{"href":"https:\/\/e.kosmolat.eu\/lv\/wp-json\/wp\/v2\/types\/product"}],"wp:featuredmedia":[{"embeddable":true,"href":"https:\/\/e.kosmolat.eu\/lv\/wp-json\/wp\/v2\/media\/99864"}],"wp:attachment":[{"href":"https:\/\/e.kosmolat.eu\/lv\/wp-json\/wp\/v2\/media?parent=61196"}],"wp:term":[{"taxonomy":"product_cat","embeddable":true,"href":"https:\/\/e.kosmolat.eu\/lv\/wp-json\/wp\/v2\/product_cat?post=61196"},{"taxonomy":"product_tag","embeddable":true,"href":"https:\/\/e.kosmolat.eu\/lv\/wp-json\/wp\/v2\/product_tag?post=61196"}],"curies":[{"name":"wp","href":"https:\/\/api.w.org\/{rel}","templated":true}]}}