{"id":61188,"date":"2025-01-16T05:04:05","date_gmt":"2025-01-16T05:04:05","guid":{"rendered":"https:\/\/e.kosmolat.eu\/product\/gp-kremveida-vannas-putas-damaskas-roze-un-si-sviests-500-ml\/"},"modified":"2026-03-19T08:40:18","modified_gmt":"2026-03-19T08:40:18","slug":"gp-kremveida-vannas-putas-damaskas-roze-un-si-sviests-500-ml","status":"publish","type":"product","link":"https:\/\/e.kosmolat.eu\/lv\/product\/gp-kremveida-vannas-putas-damaskas-roze-un-si-sviests-500-ml\/","title":{"rendered":"GP Kr\u0113mveida vannas putas Damaskas roze un \u0161\u012b sviests, 500 ml"},"content":{"rendered":"<p>Dermatolo\u0123iski test\u0113ts. <\/p>\n<p>Lieto\u0161ana: ielejiet vannas putas zem teko\u0161a \u016bdens, lai izveidotu burbu\u013cus; p\u0113c vanno\u0161an\u0101s noskalojiet \u0137ermeni ar \u016bdeni.<\/p>\n<p>Uzglab\u0101t temperat\u016br\u0101 no +5\u00b0C l\u012bdz +25\u00b0C.<\/p>\n","protected":false},"excerpt":{"rendered":"<p>Dermatolo\u0123iski test\u0113ts. Lieto\u0161ana: ielejiet vannas putas zem teko\u0161a \u016bdens, lai izveidotu burbu\u013cus; p\u0113c vanno\u0161an\u0101s noskalojiet \u0137ermeni ar \u016bdeni. Uzglab\u0101t temperat\u016br\u0101 no +5\u00b0C l\u012bdz +25\u00b0C.<\/p>\n","protected":false},"featured_media":100040,"template":"","meta":[],"product_cat":[1797],"product_tag":[],"class_list":{"0":"post-61188","1":"product","2":"type-product","3":"status-publish","4":"has-post-thumbnail","6":"product_brand-elfa_ua","7":"product_cat-dusas-zelejas-ziepes-putas","9":"first","10":"instock","11":"taxable","12":"shipping-taxable","13":"product-type-simple"},"_links":{"self":[{"href":"https:\/\/e.kosmolat.eu\/lv\/wp-json\/wp\/v2\/product\/61188","targetHints":{"allow":["GET"]}}],"collection":[{"href":"https:\/\/e.kosmolat.eu\/lv\/wp-json\/wp\/v2\/product"}],"about":[{"href":"https:\/\/e.kosmolat.eu\/lv\/wp-json\/wp\/v2\/types\/product"}],"wp:featuredmedia":[{"embeddable":true,"href":"https:\/\/e.kosmolat.eu\/lv\/wp-json\/wp\/v2\/media\/100040"}],"wp:attachment":[{"href":"https:\/\/e.kosmolat.eu\/lv\/wp-json\/wp\/v2\/media?parent=61188"}],"wp:term":[{"taxonomy":"product_cat","embeddable":true,"href":"https:\/\/e.kosmolat.eu\/lv\/wp-json\/wp\/v2\/product_cat?post=61188"},{"taxonomy":"product_tag","embeddable":true,"href":"https:\/\/e.kosmolat.eu\/lv\/wp-json\/wp\/v2\/product_tag?post=61188"}],"curies":[{"name":"wp","href":"https:\/\/api.w.org\/{rel}","templated":true}]}}