{"id":61180,"date":"2025-01-16T05:03:45","date_gmt":"2025-01-16T05:03:45","guid":{"rendered":"https:\/\/e.kosmolat.eu\/product\/salutare-juice-alveja-kosm-kr-zel-ar-alvejas-sulu-996-hialuronsk-un-d-pantenolu-200-ml\/"},"modified":"2026-04-22T05:57:14","modified_gmt":"2026-04-22T05:57:14","slug":"salutare-juice-alveja-kosm-kr-zel-ar-alvejas-sulu-996-hialuronsk-un-d-pantenolu-200-ml","status":"publish","type":"product","link":"https:\/\/e.kosmolat.eu\/lv\/product\/salutare-juice-alveja-kosm-kr-zel-ar-alvejas-sulu-996-hialuronsk-un-d-pantenolu-200-ml\/","title":{"rendered":"Salutare Juice Alveja Kosm. kr.-\u017eel. ar alvejas sulu 99,6%, hialuronsk. un D-pantenolu, 200 ml"},"content":{"rendered":"<p>Kosm\u0113tiskais kr\u0113ms-\u017eeleja\u2013 univers\u0101ls mitrino\u0161s l\u012bdzeklis sejas un \u0137erme\u0146a \u0101das kop\u0161anai. Akt\u012bvai formulai piem\u012bt nomierino\u0161s efekts un t\u0101 atjauno sausas \u0101das elast\u012bbu. Hialuronsk\u0101be dzi\u013ci iek\u013c\u016bst \u0101d\u0101, stimul\u0113 kolag\u0113na ra\u017eo\u0161anu un nov\u0113r\u0161 priek\u0161laic\u012bgu noveco\u0161anos, pal\u012bdzot saglab\u0101t \u0101das jaun\u012bbu. D-pantenols un dab\u012bgu augu ekstraktu komplekss \u2013 sun\u012b\u0161u un n\u0101tres \u2013 stimul\u0113 vielmai\u0146as procesus \u0101d\u0101 un pies\u0101tina to ar vitam\u012bniem. L\u012bdzekli var izmantot k\u0101 b\u0101zi grimam. Piem\u0113rots ikdienas lieto\u0161anai.<\/p>\n<p>Lieto\u0161ana: nelielu produkta daudzumu uzkl\u0101t uz t\u012bras \u0101das un maigi iemas\u0113t l\u012bdz piln\u012bb\u0101 uzs\u016bcas.<\/p>\n<p>Br\u012bdin\u0101jumi: nelietot, ja ir paaugstin\u0101ta jut\u012bba pret atsevi\u0161\u0137\u0101m sast\u0101vda\u013c\u0101m.<\/p>\n<p>Uzglab\u0101\u0161anas noteikumi: uzglab\u0101t temperat\u016br\u0101 no +5\u00b0C l\u012bdz +25\u00b0C, sarg\u0101jot no tie\u0161iem saules stariem, vismaz 0,5 m att\u0101lum\u0101 no apkures ier\u012bc\u0113m.<\/p>\n<p>Der\u012bguma termi\u0146\u0161: 36 m\u0113ne\u0161i no izgatavo\u0161anas datuma.<\/p>\n","protected":false},"excerpt":{"rendered":"<p>Kosm\u0113tiskais kr\u0113ms-\u017eeleja\u2013 univers\u0101ls mitrino\u0161s l\u012bdzeklis sejas un \u0137erme\u0146a \u0101das kop\u0161anai. Akt\u012bvai formulai piem\u012bt nomierino\u0161s efekts un t\u0101 atjauno sausas \u0101das elast\u012bbu. Hialuronsk\u0101be dzi\u013ci iek\u013c\u016bst \u0101d\u0101, stimul\u0113 kolag\u0113na ra\u017eo\u0161anu un nov\u0113r\u0161 priek\u0161laic\u012bgu noveco\u0161anos, pal\u012bdzot saglab\u0101t \u0101das jaun\u012bbu. D-pantenols un dab\u012bgu augu ekstraktu komplekss \u2013 sun\u012b\u0161u un n\u0101tres \u2013 stimul\u0113 vielmai\u0146as procesus \u0101d\u0101 un pies\u0101tina to ar [&#8230;]\n","protected":false},"featured_media":99714,"template":"","meta":[],"product_cat":[1320],"product_tag":[],"class_list":{"0":"post-61180","1":"product","2":"type-product","3":"status-publish","4":"has-post-thumbnail","6":"product_brand-green-pharm-cosmetic_ua","7":"product_cat-sejas-kremi","9":"first","10":"instock","11":"taxable","12":"shipping-taxable","13":"product-type-simple"},"_links":{"self":[{"href":"https:\/\/e.kosmolat.eu\/lv\/wp-json\/wp\/v2\/product\/61180","targetHints":{"allow":["GET"]}}],"collection":[{"href":"https:\/\/e.kosmolat.eu\/lv\/wp-json\/wp\/v2\/product"}],"about":[{"href":"https:\/\/e.kosmolat.eu\/lv\/wp-json\/wp\/v2\/types\/product"}],"wp:featuredmedia":[{"embeddable":true,"href":"https:\/\/e.kosmolat.eu\/lv\/wp-json\/wp\/v2\/media\/99714"}],"wp:attachment":[{"href":"https:\/\/e.kosmolat.eu\/lv\/wp-json\/wp\/v2\/media?parent=61180"}],"wp:term":[{"taxonomy":"product_cat","embeddable":true,"href":"https:\/\/e.kosmolat.eu\/lv\/wp-json\/wp\/v2\/product_cat?post=61180"},{"taxonomy":"product_tag","embeddable":true,"href":"https:\/\/e.kosmolat.eu\/lv\/wp-json\/wp\/v2\/product_tag?post=61180"}],"curies":[{"name":"wp","href":"https:\/\/api.w.org\/{rel}","templated":true}]}}