{"id":61172,"date":"2025-01-16T05:03:25","date_gmt":"2025-01-16T05:03:25","guid":{"rendered":"https:\/\/e.kosmolat.eu\/product\/salutare-juice-alveja-kosm-roku-krems-100-ml\/"},"modified":"2026-03-29T05:43:13","modified_gmt":"2026-03-29T05:43:13","slug":"i_salutare-juice-alveja-kosm-roku-krems-100-ml","status":"publish","type":"product","link":"https:\/\/e.kosmolat.eu\/lv\/product\/i_salutare-juice-alveja-kosm-roku-krems-100-ml\/","title":{"rendered":"I_Salutare Juice Alveja Kosm. roku kr\u0113ms, 100 ml"},"content":{"rendered":"<p>Kosm\u0113tiskais kr\u0113ms ar dab\u012bgu alvejas sulu ir ide\u0101ls l\u012bdzeklis roku un \u0137erme\u0146a sausas un dehidr\u0113tas \u0101das kop\u0161anai. Kr\u0113ma akt\u012bv\u0101 \u012bpa\u0161i mitrino\u0161\u0101 formula nodro\u0161ina nomierino\u0161u un atjaunojo\u0161u iedarb\u012bbu. Formula pal\u012bdz uztur\u0113t \u0101das mitruma l\u012bdzsvaru, veicina \u0101das turgora nostiprin\u0101\u0161anu, saglab\u0101jot t\u0101s jaun\u012bbu. Alvejas mitrino\u0161\u0101 darb\u012bba ir pastiprin\u0101ta ar karbam\u012bdu (ur\u012bnvielu), D-pantenolu un dab\u012bgu augu ekstraktu kompleksu \u2014 v\u012bnogu s\u0113klu, sun\u012b\u0161u, tauksaknes un n\u0101tru, kas stimul\u0113 vielmai\u0146as procesus \u0101d\u0101 un pies\u0101tina to ar vitam\u012bniem. Karbam\u012bds ir dab\u012bgs mitrumu saglab\u0101jo\u0161s komponents \u0101das raga sl\u0101n\u012b, kas pal\u012bdz nov\u0113rst t\u0101l\u0101ku mitruma zudumu, veidojot aizsargbarjeru uz \u0101das un lieliski mitrinot. Dab\u012bgas makad\u0101mijas un saldo mande\u013cu e\u013c\u013cas baro aug\u0161\u0113jo \u0101das sl\u0101ni, aizsarg\u0101jot to no iz\u017e\u016b\u0161anas, m\u012bkstina un nodro\u0161ina aizsardz\u012bbu pret negat\u012bvo apk\u0101rt\u0113j\u0101s vides ietekmi.<\/p>\n<p>Lieto\u0161ana: nelielu kr\u0113ma daudzumu uzkl\u0101t uz t\u012bras \u0101das un maigi iemas\u0113t l\u012bdz piln\u012bb\u0101 uzs\u016bcas.<\/p>\n<p>Br\u012bdin\u0101jumi: nelietot, ja ir paaugstin\u0101ta jut\u012bba pret atsevi\u0161\u0137\u0101m sast\u0101vda\u013c\u0101m.<\/p>\n<p>Uzglab\u0101\u0161anas noteikumi: uzglab\u0101t temperat\u016br\u0101 no +5\u00b0C l\u012bdz +25\u00b0C, sarg\u0101jot no tie\u0161iem saules stariem, vismaz 0,5 m att\u0101lum\u0101 no apkures ier\u012bc\u0113m.<\/p>\n<p>Der\u012bguma termi\u0146\u0161: 36 m\u0113ne\u0161i no izgatavo\u0161anas datuma.<\/p>\n","protected":false},"excerpt":{"rendered":"<p>Kosm\u0113tiskais kr\u0113ms ar dab\u012bgu alvejas sulu ir ide\u0101ls l\u012bdzeklis roku un \u0137erme\u0146a sausas un dehidr\u0113tas \u0101das kop\u0161anai. Kr\u0113ma akt\u012bv\u0101 \u012bpa\u0161i mitrino\u0161\u0101 formula nodro\u0161ina nomierino\u0161u un atjaunojo\u0161u iedarb\u012bbu. Formula pal\u012bdz uztur\u0113t \u0101das mitruma l\u012bdzsvaru, veicina \u0101das turgora nostiprin\u0101\u0161anu, saglab\u0101jot t\u0101s jaun\u012bbu. Alvejas mitrino\u0161\u0101 darb\u012bba ir pastiprin\u0101ta ar karbam\u012bdu (ur\u012bnvielu), D-pantenolu un dab\u012bgu augu ekstraktu kompleksu \u2014 [&#8230;]\n","protected":false},"featured_media":103027,"template":"","meta":[],"product_cat":[1999],"product_tag":[],"class_list":{"0":"post-61172","1":"product","2":"type-product","3":"status-publish","4":"has-post-thumbnail","6":"product_brand-green-pharm-cosmetic_ua","7":"product_cat-bez-kategorijas","9":"first","10":"outofstock","11":"taxable","12":"shipping-taxable","13":"product-type-simple"},"_links":{"self":[{"href":"https:\/\/e.kosmolat.eu\/lv\/wp-json\/wp\/v2\/product\/61172","targetHints":{"allow":["GET"]}}],"collection":[{"href":"https:\/\/e.kosmolat.eu\/lv\/wp-json\/wp\/v2\/product"}],"about":[{"href":"https:\/\/e.kosmolat.eu\/lv\/wp-json\/wp\/v2\/types\/product"}],"wp:featuredmedia":[{"embeddable":true,"href":"https:\/\/e.kosmolat.eu\/lv\/wp-json\/wp\/v2\/media\/103027"}],"wp:attachment":[{"href":"https:\/\/e.kosmolat.eu\/lv\/wp-json\/wp\/v2\/media?parent=61172"}],"wp:term":[{"taxonomy":"product_cat","embeddable":true,"href":"https:\/\/e.kosmolat.eu\/lv\/wp-json\/wp\/v2\/product_cat?post=61172"},{"taxonomy":"product_tag","embeddable":true,"href":"https:\/\/e.kosmolat.eu\/lv\/wp-json\/wp\/v2\/product_tag?post=61172"}],"curies":[{"name":"wp","href":"https:\/\/api.w.org\/{rel}","templated":true}]}}