{"id":61164,"date":"2025-01-16T05:03:06","date_gmt":"2025-01-16T05:03:06","guid":{"rendered":"https:\/\/e.kosmolat.eu\/product\/salutare-juice-alveja-kosm-krems-sejai-un-dekolte-zonai-100-ml\/"},"modified":"2026-04-20T10:49:09","modified_gmt":"2026-04-20T10:49:09","slug":"salutare-juice-alveja-kosm-krems-sejai-un-dekolte-zonai-100-ml","status":"publish","type":"product","link":"https:\/\/e.kosmolat.eu\/lv\/product\/salutare-juice-alveja-kosm-krems-sejai-un-dekolte-zonai-100-ml\/","title":{"rendered":"Salutare Juice Alveja Kosm. kr\u0113ms sejai un dekolt\u0113 zonai, 100 ml"},"content":{"rendered":"<p>Kosm\u0113tiskais kr\u0113ms ar dab\u012bgu alvejas sulu un hialuronsk\u0101bi \u2014 ide\u0101ls l\u012bdzeklis sausas sejas un dekolt\u0113 \u0101das mitrin\u0101\u0161anai un kop\u0161anai. Kr\u0113ma akt\u012bv\u0101 formula nodro\u0161ina mitrino\u0161u un nomierino\u0161u iedarb\u012bbu, k\u0101 ar\u012b atjauno \u0101das \u016bdens l\u012bdzsvaru. Zems molekul\u0101rais hialuronsk\u0101bes sast\u0101vs palielina \u0101das turgoru un stimul\u0113 kolag\u0113na ra\u017eo\u0161anu, nov\u0113r\u0161ot priek\u0161laic\u012bgu noveco\u0161anos un pagarinot \u0101das jaun\u012bbu. Dab\u012bgas izcelsmes polisahar\u012bds veido aizsarg\u0101jo\u0161u pl\u0113vi uz \u0101das, nov\u0113r\u0161ot transepiderm\u0101lo mitruma zudumu. D-pantenols un dab\u012bgo augu ekstraktu komplekss \u2014 sun\u012b\u0161u, kumel\u012b\u0161u un n\u0101tru \u2014 stimul\u0113 vielmai\u0146as procesus \u0101d\u0101 un pies\u0101tina to ar vitam\u012bniem. Dab\u012bgas makad\u0101mijas un saldo mande\u013cu e\u013c\u013cas baro aug\u0161\u0113jo \u0101das sl\u0101ni, aizsarg\u0101jot to no iz\u017e\u016b\u0161anas, m\u012bkstina un nodro\u0161ina aizsardz\u012bbu pret negat\u012bvo apk\u0101rt\u0113j\u0101s vides ietekmi.<\/p>\n<p>Lieto\u0161ana: nelielu kr\u0113ma daudzumu uzkl\u0101t uz t\u012bras \u0101das un maigi iemas\u0113t l\u012bdz piln\u012bb\u0101 uzs\u016bcas.<\/p>\n<p>Br\u012bdin\u0101jumi: nelietot, ja ir paaugstin\u0101ta jut\u012bba pret atsevi\u0161\u0137\u0101m sast\u0101vda\u013c\u0101m.<\/p>\n<p>Uzglab\u0101\u0161anas noteikumi: uzglab\u0101t temperat\u016br\u0101 no +5\u00b0C l\u012bdz +25\u00b0C, sarg\u0101jot no tie\u0161iem saules stariem, vismaz 0,5 m att\u0101lum\u0101 no apkures ier\u012bc\u0113m.<\/p>\n<p>Der\u012bguma termi\u0146\u0161: 36 m\u0113ne\u0161i no izgatavo\u0161anas datuma.<\/p>\n","protected":false},"excerpt":{"rendered":"<p>Kosm\u0113tiskais kr\u0113ms ar dab\u012bgu alvejas sulu un hialuronsk\u0101bi \u2014 ide\u0101ls l\u012bdzeklis sausas sejas un dekolt\u0113 \u0101das mitrin\u0101\u0161anai un kop\u0161anai. Kr\u0113ma akt\u012bv\u0101 formula nodro\u0161ina mitrino\u0161u un nomierino\u0161u iedarb\u012bbu, k\u0101 ar\u012b atjauno \u0101das \u016bdens l\u012bdzsvaru. Zems molekul\u0101rais hialuronsk\u0101bes sast\u0101vs palielina \u0101das turgoru un stimul\u0113 kolag\u0113na ra\u017eo\u0161anu, nov\u0113r\u0161ot priek\u0161laic\u012bgu noveco\u0161anos un pagarinot \u0101das jaun\u012bbu. Dab\u012bgas izcelsmes polisahar\u012bds veido [&#8230;]\n","protected":false},"featured_media":99710,"template":"","meta":[],"product_cat":[1320],"product_tag":[],"class_list":{"0":"post-61164","1":"product","2":"type-product","3":"status-publish","4":"has-post-thumbnail","6":"product_brand-green-pharm-cosmetic_ua","7":"product_cat-sejas-kremi","9":"first","10":"instock","11":"taxable","12":"shipping-taxable","13":"product-type-simple"},"_links":{"self":[{"href":"https:\/\/e.kosmolat.eu\/lv\/wp-json\/wp\/v2\/product\/61164","targetHints":{"allow":["GET"]}}],"collection":[{"href":"https:\/\/e.kosmolat.eu\/lv\/wp-json\/wp\/v2\/product"}],"about":[{"href":"https:\/\/e.kosmolat.eu\/lv\/wp-json\/wp\/v2\/types\/product"}],"wp:featuredmedia":[{"embeddable":true,"href":"https:\/\/e.kosmolat.eu\/lv\/wp-json\/wp\/v2\/media\/99710"}],"wp:attachment":[{"href":"https:\/\/e.kosmolat.eu\/lv\/wp-json\/wp\/v2\/media?parent=61164"}],"wp:term":[{"taxonomy":"product_cat","embeddable":true,"href":"https:\/\/e.kosmolat.eu\/lv\/wp-json\/wp\/v2\/product_cat?post=61164"},{"taxonomy":"product_tag","embeddable":true,"href":"https:\/\/e.kosmolat.eu\/lv\/wp-json\/wp\/v2\/product_tag?post=61164"}],"curies":[{"name":"wp","href":"https:\/\/api.w.org\/{rel}","templated":true}]}}