{"id":61156,"date":"2025-01-16T05:02:49","date_gmt":"2025-01-16T05:02:49","guid":{"rendered":"https:\/\/e.kosmolat.eu\/product\/salutare-juice-alveja-kosm-krems-kajam-un-kerm-100-ml\/"},"modified":"2026-03-21T10:41:26","modified_gmt":"2026-03-21T10:41:26","slug":"i_salutare-juice-alveja-kosm-krems-kajam-un-kerm-100-ml","status":"publish","type":"product","link":"https:\/\/e.kosmolat.eu\/lv\/product\/i_salutare-juice-alveja-kosm-krems-kajam-un-kerm-100-ml\/","title":{"rendered":"I_Salutare Juice Alveja Kosm. kr\u0113ms k\u0101j\u0101m un \u0137erm., 100 ml"},"content":{"rendered":"<p>Kosm\u0113tiskais kr\u0113ms k\u0101j\u0101m ar dab\u012bgu alvejas sulu ir ide\u0101ls l\u012bdzeklis sausas k\u0101ju un \u0137erme\u0146a \u0101das kop\u0161anai. Kr\u0113ma akt\u012bv\u0101 \u012bpa\u0161i mitrino\u0161\u0101 formula nodro\u0161ina ar\u012b atjaunojo\u0161u iedarb\u012bbu. Formula pal\u012bdz uztur\u0113t \u016bdens l\u012bdzsvaru \u0101d\u0101 un m\u012bkstina saciet\u0113ju\u0161\u0101s \u0101das vietas. Alvejas mitrino\u0161\u0101 darb\u012bba ir pastiprin\u0101ta ar karbam\u012bdu (ur\u012bnvielu), D-pantenolu un dab\u012bgu augu ekstraktu kompleksu no zirgkasta\u0146as, tauksaknes un n\u0101tres, kas stimul\u0113 vielmai\u0146as procesus \u0101d\u0101 un pies\u0101tina to ar vitam\u012bniem. Karbam\u012bds ir dab\u012bgs mitrumu saglab\u0101jo\u0161s komponents \u0101das raga sl\u0101n\u012b, kas pal\u012bdz normaliz\u0113t mitruma l\u012bmeni un kop\u0101 ar piensk\u0101bi nodro\u0161ina sp\u0113c\u012bgu nolobo\u0161u iedarb\u012bbu sausai k\u0101ju \u0101dai. <\/p>\n<p>Lieto\u0161ana: nelielu kr\u0113ma daudzumu uzkl\u0101t uz t\u012bras \u0101das un maigi iemas\u0113t l\u012bdz piln\u012bb\u0101 uzs\u016bcas.<\/p>\n<p>Br\u012bdin\u0101jumi: nelietot, ja ir paaugstin\u0101ta jut\u012bba pret atsevi\u0161\u0137\u0101m sast\u0101vda\u013c\u0101m.<\/p>\n<p>Uzglab\u0101\u0161anas noteikumi: uzglab\u0101t temperat\u016br\u0101 no +5\u00b0C l\u012bdz +25\u00b0C, sarg\u0101jot no tie\u0161iem saules stariem, vismaz 0,5 m att\u0101lum\u0101 no apkures ier\u012bc\u0113m.<\/p>\n<p>Der\u012bguma termi\u0146\u0161: 36 m\u0113ne\u0161i no izgatavo\u0161anas datuma.<\/p>\n","protected":false},"excerpt":{"rendered":"<p>Kosm\u0113tiskais kr\u0113ms k\u0101j\u0101m ar dab\u012bgu alvejas sulu ir ide\u0101ls l\u012bdzeklis sausas k\u0101ju un \u0137erme\u0146a \u0101das kop\u0161anai. Kr\u0113ma akt\u012bv\u0101 \u012bpa\u0161i mitrino\u0161\u0101 formula nodro\u0161ina ar\u012b atjaunojo\u0161u iedarb\u012bbu. Formula pal\u012bdz uztur\u0113t \u016bdens l\u012bdzsvaru \u0101d\u0101 un m\u012bkstina saciet\u0113ju\u0161\u0101s \u0101das vietas. Alvejas mitrino\u0161\u0101 darb\u012bba ir pastiprin\u0101ta ar karbam\u012bdu (ur\u012bnvielu), D-pantenolu un dab\u012bgu augu ekstraktu kompleksu no zirgkasta\u0146as, tauksaknes un n\u0101tres, [&#8230;]\n","protected":false},"featured_media":101362,"template":"","meta":[],"product_cat":[1761],"product_tag":[],"class_list":{"0":"post-61156","1":"product","2":"type-product","3":"status-publish","4":"has-post-thumbnail","6":"product_brand-green-pharm-cosmetic_ua","7":"product_cat-kaju-kopsanas-kosmetika","9":"first","10":"outofstock","11":"taxable","12":"shipping-taxable","13":"product-type-simple"},"_links":{"self":[{"href":"https:\/\/e.kosmolat.eu\/lv\/wp-json\/wp\/v2\/product\/61156","targetHints":{"allow":["GET"]}}],"collection":[{"href":"https:\/\/e.kosmolat.eu\/lv\/wp-json\/wp\/v2\/product"}],"about":[{"href":"https:\/\/e.kosmolat.eu\/lv\/wp-json\/wp\/v2\/types\/product"}],"wp:featuredmedia":[{"embeddable":true,"href":"https:\/\/e.kosmolat.eu\/lv\/wp-json\/wp\/v2\/media\/101362"}],"wp:attachment":[{"href":"https:\/\/e.kosmolat.eu\/lv\/wp-json\/wp\/v2\/media?parent=61156"}],"wp:term":[{"taxonomy":"product_cat","embeddable":true,"href":"https:\/\/e.kosmolat.eu\/lv\/wp-json\/wp\/v2\/product_cat?post=61156"},{"taxonomy":"product_tag","embeddable":true,"href":"https:\/\/e.kosmolat.eu\/lv\/wp-json\/wp\/v2\/product_tag?post=61156"}],"curies":[{"name":"wp","href":"https:\/\/api.w.org\/{rel}","templated":true}]}}