{"id":61148,"date":"2025-01-16T05:02:32","date_gmt":"2025-01-16T05:02:32","guid":{"rendered":"https:\/\/e.kosmolat.eu\/product\/salutare-juice-alveja-kosmetiskais-krems-apdegumiem-100-ml\/"},"modified":"2026-04-13T14:07:58","modified_gmt":"2026-04-13T14:07:58","slug":"salutare-juice-alveja-kosmetiskais-krems-apdegumiem-100-ml","status":"publish","type":"product","link":"https:\/\/e.kosmolat.eu\/lv\/product\/salutare-juice-alveja-kosmetiskais-krems-apdegumiem-100-ml\/","title":{"rendered":"Salutare Juice Alveja Kosm\u0113tiskais kr\u0113ms apdegumiem, 100 ml"},"content":{"rendered":"<p>Kosm\u0113tiskais kr\u0113ms apdegumiem ar dab\u012bgu alvejas sulu un D-pantenolu \u2013 efekt\u012bvs l\u012bdzeklis \u0101das atjauno\u0161anai p\u0113c saules un termiskiem apdegumiem. Akt\u012bv\u0101 atjaunojo\u0161\u0101 formula, bag\u0101tin\u0101ta ar dab\u012bgu augu ekstraktu kompleksu \u2013 tauksaknes, kumel\u012btes, sun\u012b\u0161u un n\u0101tres, sniedz nomierino\u0161u efektu un pal\u012bdz normaliz\u0113t \u016bdens l\u012bdzsvaru \u0101d\u0101, nov\u0113r\u0161ot dehidr\u0101ciju. Dabisk\u0101 saldo mande\u013cu e\u013c\u013ca baro aug\u0161\u0113jo \u0101das sl\u0101ni, aizsarg\u0101jot to no iz\u017e\u016b\u0161anas, m\u012bkstina un nodro\u0161ina aizsardz\u012bbu pret negat\u012bvo apk\u0101rt\u0113j\u0101s vides ietekmi. <\/p>\n<p>Lieto\u0161ana: nelielu kr\u0113ma daudzumu uzkl\u0101t uz t\u012bras \u0101das un maigi iemas\u0113t l\u012bdz piln\u012bb\u0101 uzs\u016bcas.<\/p>\n<p>Br\u012bdin\u0101jumi: nelietot, ja ir paaugstin\u0101ta jut\u012bba pret atsevi\u0161\u0137\u0101m sast\u0101vda\u013c\u0101m.<\/p>\n<p>Uzglab\u0101\u0161anas noteikumi: uzglab\u0101t temperat\u016br\u0101 no +5\u00b0C l\u012bdz +25\u00b0C, sarg\u0101jot no tie\u0161iem saules stariem, vismaz 0,5 m att\u0101lum\u0101 no apkures ier\u012bc\u0113m.<\/p>\n<p>Der\u012bguma termi\u0146\u0161: 36 m\u0113ne\u0161i no izgatavo\u0161anas datuma.<\/p>\n","protected":false},"excerpt":{"rendered":"<p>Kosm\u0113tiskais kr\u0113ms apdegumiem ar dab\u012bgu alvejas sulu un D-pantenolu \u2013 efekt\u012bvs l\u012bdzeklis \u0101das atjauno\u0161anai p\u0113c saules un termiskiem apdegumiem. Akt\u012bv\u0101 atjaunojo\u0161\u0101 formula, bag\u0101tin\u0101ta ar dab\u012bgu augu ekstraktu kompleksu \u2013 tauksaknes, kumel\u012btes, sun\u012b\u0161u un n\u0101tres, sniedz nomierino\u0161u efektu un pal\u012bdz normaliz\u0113t \u016bdens l\u012bdzsvaru \u0101d\u0101, nov\u0113r\u0161ot dehidr\u0101ciju. Dabisk\u0101 saldo mande\u013cu e\u013c\u013ca baro aug\u0161\u0113jo \u0101das sl\u0101ni, aizsarg\u0101jot to [&#8230;]\n","protected":false},"featured_media":100732,"template":"","meta":[],"product_cat":[1388],"product_tag":[],"class_list":{"0":"post-61148","1":"product","2":"type-product","3":"status-publish","4":"has-post-thumbnail","6":"product_brand-green-pharm-cosmetic_ua","7":"product_cat-kermena-kremi-pienini-sviesti","9":"first","10":"instock","11":"taxable","12":"shipping-taxable","13":"product-type-simple"},"_links":{"self":[{"href":"https:\/\/e.kosmolat.eu\/lv\/wp-json\/wp\/v2\/product\/61148","targetHints":{"allow":["GET"]}}],"collection":[{"href":"https:\/\/e.kosmolat.eu\/lv\/wp-json\/wp\/v2\/product"}],"about":[{"href":"https:\/\/e.kosmolat.eu\/lv\/wp-json\/wp\/v2\/types\/product"}],"wp:featuredmedia":[{"embeddable":true,"href":"https:\/\/e.kosmolat.eu\/lv\/wp-json\/wp\/v2\/media\/100732"}],"wp:attachment":[{"href":"https:\/\/e.kosmolat.eu\/lv\/wp-json\/wp\/v2\/media?parent=61148"}],"wp:term":[{"taxonomy":"product_cat","embeddable":true,"href":"https:\/\/e.kosmolat.eu\/lv\/wp-json\/wp\/v2\/product_cat?post=61148"},{"taxonomy":"product_tag","embeddable":true,"href":"https:\/\/e.kosmolat.eu\/lv\/wp-json\/wp\/v2\/product_tag?post=61148"}],"curies":[{"name":"wp","href":"https:\/\/api.w.org\/{rel}","templated":true}]}}