{"id":61139,"date":"2025-01-15T05:02:52","date_gmt":"2025-01-15T05:02:52","guid":{"rendered":"https:\/\/e.kosmolat.eu\/product\/the-lab-beauty-kosm-kaju-krems-ekstra-mitrinasana-100-ml\/"},"modified":"2026-04-14T16:40:23","modified_gmt":"2026-04-14T16:40:23","slug":"the-lab-beauty-kosm-kaju-krems-ekstra-mitrinasana-100-ml","status":"publish","type":"product","link":"https:\/\/e.kosmolat.eu\/lv\/product\/the-lab-beauty-kosm-kaju-krems-ekstra-mitrinasana-100-ml\/","title":{"rendered":"The Lab Beauty Kosm. k\u0101ju kr\u0113ms Ekstra mitrin\u0101\u0161ana, 100 ml"},"content":{"rendered":"<p>Kosm\u0113tiskais k\u0101ju kr\u0113ms ar avokado e\u013c\u013cu, karbam\u012bdu un piensk\u0101bi akt\u012bvi mitrina un baro sausu \u0101du, atjauno raupj\u0101s vietas, pie\u0161\u0137irot tai samtainumu. D-pantenols kombin\u0101cij\u0101 ar salvijas un kli\u0146\u0123er\u012b\u0161u ekstraktiem nomierina un pal\u012bdz uztur\u0113t koptu k\u0101ju un p\u0113du izskatu.<\/p>\n<p>Lieto\u0161ana: nelielu kr\u0113ma daudzumu uzkl\u0101jiet uz t\u012bras un sausas k\u0101ju un p\u0113du \u0101das, viegli iemas\u0113jiet, l\u012bdz tas piln\u012bb\u0101 ies\u016bcas. <\/p>\n<p>Piesardz\u012bbas pas\u0101kumi: nelietot, ja ir paaugstin\u0101ta jut\u012bba pret atsevi\u0161\u0137\u0101m sast\u0101vda\u013c\u0101m.<\/p>\n<p>Uzglab\u0101\u0161anas noteikumi: uzglab\u0101t ra\u017eot\u0101ja iepakojum\u0101 saus\u0101s telp\u0101s, prom no atkl\u0101t\u0101s uguns, saules gaismas un karstuma, temperat\u016br\u0101 no +5\u00b0C l\u012bdz +25\u00b0C un relat\u012bvaj\u0101 gaisa mitrum\u0101 ne vair\u0101k k\u0101 75%.<\/p>\n<p>Der\u012bguma termi\u0146\u0161: 36 m\u0113ne\u0161i no izgatavo\u0161anas datuma.<\/p>\n","protected":false},"excerpt":{"rendered":"<p>Kosm\u0113tiskais k\u0101ju kr\u0113ms ar avokado e\u013c\u013cu, karbam\u012bdu un piensk\u0101bi akt\u012bvi mitrina un baro sausu \u0101du, atjauno raupj\u0101s vietas, pie\u0161\u0137irot tai samtainumu. D-pantenols kombin\u0101cij\u0101 ar salvijas un kli\u0146\u0123er\u012b\u0161u ekstraktiem nomierina un pal\u012bdz uztur\u0113t koptu k\u0101ju un p\u0113du izskatu. Lieto\u0161ana: nelielu kr\u0113ma daudzumu uzkl\u0101jiet uz t\u012bras un sausas k\u0101ju un p\u0113du \u0101das, viegli iemas\u0113jiet, l\u012bdz tas piln\u012bb\u0101 [&#8230;]\n","protected":false},"featured_media":103888,"template":"","meta":[],"product_cat":[1761],"product_tag":[],"class_list":{"0":"post-61139","1":"product","2":"type-product","3":"status-publish","4":"has-post-thumbnail","6":"product_brand-green-pharm-cosmetic_ua","7":"product_cat-kaju-kopsanas-kosmetika","9":"first","10":"instock","11":"taxable","12":"shipping-taxable","13":"product-type-simple"},"_links":{"self":[{"href":"https:\/\/e.kosmolat.eu\/lv\/wp-json\/wp\/v2\/product\/61139","targetHints":{"allow":["GET"]}}],"collection":[{"href":"https:\/\/e.kosmolat.eu\/lv\/wp-json\/wp\/v2\/product"}],"about":[{"href":"https:\/\/e.kosmolat.eu\/lv\/wp-json\/wp\/v2\/types\/product"}],"wp:featuredmedia":[{"embeddable":true,"href":"https:\/\/e.kosmolat.eu\/lv\/wp-json\/wp\/v2\/media\/103888"}],"wp:attachment":[{"href":"https:\/\/e.kosmolat.eu\/lv\/wp-json\/wp\/v2\/media?parent=61139"}],"wp:term":[{"taxonomy":"product_cat","embeddable":true,"href":"https:\/\/e.kosmolat.eu\/lv\/wp-json\/wp\/v2\/product_cat?post=61139"},{"taxonomy":"product_tag","embeddable":true,"href":"https:\/\/e.kosmolat.eu\/lv\/wp-json\/wp\/v2\/product_tag?post=61139"}],"curies":[{"name":"wp","href":"https:\/\/api.w.org\/{rel}","templated":true}]}}