{"id":61131,"date":"2025-01-15T05:02:39","date_gmt":"2025-01-15T05:02:39","guid":{"rendered":"https:\/\/e.kosmolat.eu\/product\/the-lab-beauty-dienas-kr-univers-visiem-adas-t-spf-15-75-ml\/"},"modified":"2026-04-15T10:45:19","modified_gmt":"2026-04-15T10:45:19","slug":"i_the-lab-beauty-dienas-kr-univers-visiem-adas-t-spf-15-75-ml","status":"publish","type":"product","link":"https:\/\/e.kosmolat.eu\/lv\/product\/i_the-lab-beauty-dienas-kr-univers-visiem-adas-t-spf-15-75-ml\/","title":{"rendered":"I_The Lab Beauty Dienas kr. univers. visiem \u0101das t. SPF 15, 75 ml"},"content":{"rendered":"<p>Univers\u0101ls vissezonu dienas kr\u0113ms visiem \u0101das tipiem. L\u012bdzek\u013ca sast\u0101vda\u013cas mitrina, nomierina \u0101du un aizsarg\u0101 to pret negat\u012bvajiem \u0101r\u0113jiem faktoriem. Rudzupu\u0137es ekstrakts un ur\u012bnviela akt\u012bvi mitrina un atjauno \u0101das turgoru, piensk\u0101be izgaismo pigment\u0101cijas plankumus un sa\u0161aurina poras, padarot \u0101du svaig\u0101ku un mirdzo\u0161\u0101ku. Orhidejas ekstrakts un D-pantenols pa\u0101trina atjauno\u0161anos, nomierina un uzlabo \u0101das elast\u012bbu. Dienas kr\u0113mu var izmantot k\u0101 grima b\u0101zi.<\/p>\n<p>Lieto\u0161ana: uzkl\u0101t uz t\u012bras sausas \u0101das p\u0113c vajadz\u012bbas.<\/p>\n<p>Piesardz\u012bbas pas\u0101kumi: nelietot, ja ir paaugstin\u0101ta jut\u012bba pret atsevi\u0161\u0137\u0101m sast\u0101vda\u013c\u0101m.<\/p>\n<p>Uzglab\u0101\u0161anas noteikumi: uzglab\u0101t ra\u017eot\u0101ja iepakojum\u0101 saus\u0101s telp\u0101s, prom no atkl\u0101t\u0101s uguns, saules gaismas un karstuma, temperat\u016br\u0101 no +5\u00b0C l\u012bdz +25\u00b0C un relat\u012bvaj\u0101 gaisa mitrum\u0101 ne vair\u0101k k\u0101 75%.<\/p>\n<p>Der\u012bguma termi\u0146\u0161: 36 m\u0113ne\u0161i no izgatavo\u0161anas datuma.<\/p>\n","protected":false},"excerpt":{"rendered":"<p>Univers\u0101ls vissezonu dienas kr\u0113ms visiem \u0101das tipiem. L\u012bdzek\u013ca sast\u0101vda\u013cas mitrina, nomierina \u0101du un aizsarg\u0101 to pret negat\u012bvajiem \u0101r\u0113jiem faktoriem. Rudzupu\u0137es ekstrakts un ur\u012bnviela akt\u012bvi mitrina un atjauno \u0101das turgoru, piensk\u0101be izgaismo pigment\u0101cijas plankumus un sa\u0161aurina poras, padarot \u0101du svaig\u0101ku un mirdzo\u0161\u0101ku. Orhidejas ekstrakts un D-pantenols pa\u0101trina atjauno\u0161anos, nomierina un uzlabo \u0101das elast\u012bbu. Dienas kr\u0113mu var [&#8230;]\n","protected":false},"featured_media":102902,"template":"","meta":[],"product_cat":[1388],"product_tag":[],"class_list":{"0":"post-61131","1":"product","2":"type-product","3":"status-publish","4":"has-post-thumbnail","6":"product_brand-green-pharm-cosmetic_ua","7":"product_cat-kermena-kremi-pienini-sviesti","9":"first","10":"instock","11":"taxable","12":"shipping-taxable","13":"product-type-simple"},"_links":{"self":[{"href":"https:\/\/e.kosmolat.eu\/lv\/wp-json\/wp\/v2\/product\/61131","targetHints":{"allow":["GET"]}}],"collection":[{"href":"https:\/\/e.kosmolat.eu\/lv\/wp-json\/wp\/v2\/product"}],"about":[{"href":"https:\/\/e.kosmolat.eu\/lv\/wp-json\/wp\/v2\/types\/product"}],"wp:featuredmedia":[{"embeddable":true,"href":"https:\/\/e.kosmolat.eu\/lv\/wp-json\/wp\/v2\/media\/102902"}],"wp:attachment":[{"href":"https:\/\/e.kosmolat.eu\/lv\/wp-json\/wp\/v2\/media?parent=61131"}],"wp:term":[{"taxonomy":"product_cat","embeddable":true,"href":"https:\/\/e.kosmolat.eu\/lv\/wp-json\/wp\/v2\/product_cat?post=61131"},{"taxonomy":"product_tag","embeddable":true,"href":"https:\/\/e.kosmolat.eu\/lv\/wp-json\/wp\/v2\/product_tag?post=61131"}],"curies":[{"name":"wp","href":"https:\/\/api.w.org\/{rel}","templated":true}]}}