{"id":61123,"date":"2025-01-15T05:02:25","date_gmt":"2025-01-15T05:02:25","guid":{"rendered":"https:\/\/e.kosmolat.eu\/product\/the-lab-beauty-sejas-mazgasanas-zeleja-150-ml\/"},"modified":"2026-04-13T09:23:07","modified_gmt":"2026-04-13T09:23:07","slug":"i_the-lab-beauty-sejas-mazgasanas-zeleja-150-ml","status":"publish","type":"product","link":"https:\/\/e.kosmolat.eu\/lv\/product\/i_the-lab-beauty-sejas-mazgasanas-zeleja-150-ml\/","title":{"rendered":"I_The Lab Beauty Sejas mazg\u0101\u0161anas \u017eeleja, 150 ml"},"content":{"rendered":"<p>Sejas mazg\u0101\u0161anas \u017eeleja ar piensk\u0101bi, alantoinu un t\u0113jas koka \u0113terisko e\u013c\u013cu maigi att\u012bra \u0101du, neizraisot sausuma un savilkuma saj\u016btu p\u0113c lieto\u0161anas. Regul\u0101ri lietojot, tiek uzlabota tauku dziedzeru darb\u012bba, atjaunojas \u0101das dabisks pH l\u012bdzsvars, sa\u0161aurin\u0101s poras un tiek pie\u0161\u0137irts mat\u0113jo\u0161s efekts.<\/p>\n<p>Lieto\u0161ana: uzkl\u0101jiet nelielu \u017eelejas daudzumu uz sejas, ar mas\u0113jo\u0161\u0101m kust\u012bb\u0101m izveidojiet putas, noskalojiet ar siltu \u016bdeni.<\/p>\n<p>Piesardz\u012bbas pas\u0101kumi: izvair\u012bties no saskares ar ac\u012bm. Ja l\u012bdzeklis iek\u013c\u016bst ac\u012bs, noskalot ar \u016bdeni.<\/p>\n<p>Uzglab\u0101\u0161anas noteikumi: uzglab\u0101t ra\u017eot\u0101ja iepakojum\u0101 saus\u0101s telp\u0101s, prom no atkl\u0101t\u0101s uguns, saules gaismas un karstuma, temperat\u016br\u0101 no +5\u00b0C l\u012bdz +25\u00b0C un relat\u012bvaj\u0101 gaisa mitrum\u0101 ne vair\u0101k k\u0101 75%.<\/p>\n<p>Der\u012bguma termi\u0146\u0161: 36 m\u0113ne\u0161i no izgatavo\u0161anas datuma.<\/p>\n","protected":false},"excerpt":{"rendered":"<p>Sejas mazg\u0101\u0161anas \u017eeleja ar piensk\u0101bi, alantoinu un t\u0113jas koka \u0113terisko e\u013c\u013cu maigi att\u012bra \u0101du, neizraisot sausuma un savilkuma saj\u016btu p\u0113c lieto\u0161anas. Regul\u0101ri lietojot, tiek uzlabota tauku dziedzeru darb\u012bba, atjaunojas \u0101das dabisks pH l\u012bdzsvars, sa\u0161aurin\u0101s poras un tiek pie\u0161\u0137irts mat\u0113jo\u0161s efekts. Lieto\u0161ana: uzkl\u0101jiet nelielu \u017eelejas daudzumu uz sejas, ar mas\u0113jo\u0161\u0101m kust\u012bb\u0101m izveidojiet putas, noskalojiet ar siltu [&#8230;]\n","protected":false},"featured_media":102898,"template":"","meta":[],"product_cat":[1833],"product_tag":[],"class_list":{"0":"post-61123","1":"product","2":"type-product","3":"status-publish","4":"has-post-thumbnail","6":"product_brand-green-pharm-cosmetic_ua","7":"product_cat-putas-sejas-mazgasanai","9":"first","10":"instock","11":"taxable","12":"shipping-taxable","13":"product-type-simple"},"_links":{"self":[{"href":"https:\/\/e.kosmolat.eu\/lv\/wp-json\/wp\/v2\/product\/61123","targetHints":{"allow":["GET"]}}],"collection":[{"href":"https:\/\/e.kosmolat.eu\/lv\/wp-json\/wp\/v2\/product"}],"about":[{"href":"https:\/\/e.kosmolat.eu\/lv\/wp-json\/wp\/v2\/types\/product"}],"wp:featuredmedia":[{"embeddable":true,"href":"https:\/\/e.kosmolat.eu\/lv\/wp-json\/wp\/v2\/media\/102898"}],"wp:attachment":[{"href":"https:\/\/e.kosmolat.eu\/lv\/wp-json\/wp\/v2\/media?parent=61123"}],"wp:term":[{"taxonomy":"product_cat","embeddable":true,"href":"https:\/\/e.kosmolat.eu\/lv\/wp-json\/wp\/v2\/product_cat?post=61123"},{"taxonomy":"product_tag","embeddable":true,"href":"https:\/\/e.kosmolat.eu\/lv\/wp-json\/wp\/v2\/product_tag?post=61123"}],"curies":[{"name":"wp","href":"https:\/\/api.w.org\/{rel}","templated":true}]}}