{"id":61114,"date":"2025-01-14T05:03:43","date_gmt":"2025-01-14T05:03:43","guid":{"rendered":"https:\/\/e.kosmolat.eu\/product\/pantenols-intensivekrems-putas-alveja-hialuronskabe-150-ml\/"},"modified":"2026-03-26T09:54:54","modified_gmt":"2026-03-26T09:54:54","slug":"pantenols-intensivekrems-putas-alveja-hialuronskabe-150-ml","status":"publish","type":"product","link":"https:\/\/e.kosmolat.eu\/lv\/product\/pantenols-intensivekrems-putas-alveja-hialuronskabe-150-ml\/","title":{"rendered":"Pantenols-intensiveKr\u0113ms-putas Alveja+ hialuronsk\u0101be, 150 ml"},"content":{"rendered":"<p>Kosm\u0113tiskais l\u012bdzeklis putu veid\u0101 ir bag\u0101tin\u0101ts ar dekspantenolu, kas efekt\u012bvi atjauno \u0101du p\u0113c saules un ikdienas apdegumiem. Akt\u012bv\u0101 viela dekspantenols papildina pantot\u0113nsk\u0101bes defic\u012btu, tai piem\u012bt pretiekaisuma darb\u012bba, t\u0101 stimul\u0113 atjauno\u0161an\u0101s procesus, nomierina \u0101du, samazina piet\u016bkumu un nodro\u0161ina nepiecie\u0161amo mitrin\u0101\u0161anas l\u012bmeni.<\/p>\n<p>Lieto\u0161ana: uzkl\u0101t kr\u0113mu-putas uz \u0101das 3-4 reizes dien\u0101. Pirms lieto\u0161anas sakrat\u012bt.<\/p>\n<p>Piesardz\u012bbas pas\u0101kumi: nelietot kr\u0113mu-putas uz boj\u0101tas \u0101das, izvair\u012bties no iek\u013c\u016b\u0161anas ac\u012bs. Nelietot, ja ir paaugstin\u0101ta jut\u012bba pret atsevi\u0161\u0137iem sast\u0101vda\u013c\u0101m.<\/p>\n<p>Nav \u0101rstniecisks l\u012bdzeklis.<\/p>\n<p>Uzglab\u0101\u0161anas noteikumi: uzglab\u0101t ra\u017eot\u0101ja iepakojum\u0101 saus\u0101s telp\u0101s, prom no atkl\u0101t\u0101s uguns, saules gaismas un karstuma, temperat\u016br\u0101 no +5 \u00b0C l\u012bdz +25 \u00b0C un relat\u012bvaj\u0101 gaisa mitrum\u0101, kas nep\u0101rsniedz 75%. <\/p>\n<p>Der\u012bguma termi\u0146\u0161: 36 m\u0113ne\u0161i no ra\u017eo\u0161anas datuma.<\/p>\n","protected":false},"excerpt":{"rendered":"<p>Kosm\u0113tiskais l\u012bdzeklis putu veid\u0101 ir bag\u0101tin\u0101ts ar dekspantenolu, kas efekt\u012bvi atjauno \u0101du p\u0113c saules un ikdienas apdegumiem. Akt\u012bv\u0101 viela dekspantenols papildina pantot\u0113nsk\u0101bes defic\u012btu, tai piem\u012bt pretiekaisuma darb\u012bba, t\u0101 stimul\u0113 atjauno\u0161an\u0101s procesus, nomierina \u0101du, samazina piet\u016bkumu un nodro\u0161ina nepiecie\u0161amo mitrin\u0101\u0161anas l\u012bmeni. Lieto\u0161ana: uzkl\u0101t kr\u0113mu-putas uz \u0101das 3-4 reizes dien\u0101. Pirms lieto\u0161anas sakrat\u012bt. Piesardz\u012bbas pas\u0101kumi: nelietot kr\u0113mu-putas [&#8230;]\n","protected":false},"featured_media":100989,"template":"","meta":[],"product_cat":[1388],"product_tag":[],"class_list":{"0":"post-61114","1":"product","2":"type-product","3":"status-publish","4":"has-post-thumbnail","6":"product_brand-green-pharm-cosmetic_ua","7":"product_cat-kermena-kremi-pienini-sviesti","9":"first","10":"instock","11":"taxable","12":"shipping-taxable","13":"product-type-simple"},"_links":{"self":[{"href":"https:\/\/e.kosmolat.eu\/lv\/wp-json\/wp\/v2\/product\/61114","targetHints":{"allow":["GET"]}}],"collection":[{"href":"https:\/\/e.kosmolat.eu\/lv\/wp-json\/wp\/v2\/product"}],"about":[{"href":"https:\/\/e.kosmolat.eu\/lv\/wp-json\/wp\/v2\/types\/product"}],"wp:featuredmedia":[{"embeddable":true,"href":"https:\/\/e.kosmolat.eu\/lv\/wp-json\/wp\/v2\/media\/100989"}],"wp:attachment":[{"href":"https:\/\/e.kosmolat.eu\/lv\/wp-json\/wp\/v2\/media?parent=61114"}],"wp:term":[{"taxonomy":"product_cat","embeddable":true,"href":"https:\/\/e.kosmolat.eu\/lv\/wp-json\/wp\/v2\/product_cat?post=61114"},{"taxonomy":"product_tag","embeddable":true,"href":"https:\/\/e.kosmolat.eu\/lv\/wp-json\/wp\/v2\/product_tag?post=61114"}],"curies":[{"name":"wp","href":"https:\/\/api.w.org\/{rel}","templated":true}]}}