{"id":61106,"date":"2025-01-14T05:03:23","date_gmt":"2025-01-14T05:03:23","guid":{"rendered":"https:\/\/e.kosmolat.eu\/product\/the-lab-beauty-pantenols-intens-krems-putas-jutigas-adas-attiris-150-ml\/"},"modified":"2026-04-23T07:14:00","modified_gmt":"2026-04-23T07:14:00","slug":"the-lab-beauty-pantenols-intens-krems-putas-jutigas-adas-attiris-150-ml","status":"publish","type":"product","link":"https:\/\/e.kosmolat.eu\/lv\/product\/the-lab-beauty-pantenols-intens-krems-putas-jutigas-adas-attiris-150-ml\/","title":{"rendered":"The Lab Beauty Pantenols-Intens. Kr\u0113ms-putas jut\u012bgas \u0101das att\u012br\u012b\u0161., 150 ml"},"content":{"rendered":"<p>Maigas un delik\u0101tas putas sejas mazg\u0101\u0161anai ar nomierino\u0161u akt\u012bvo kompleksu, kas paredz\u0113tas jut\u012bgai un sausai \u0101dai, r\u016bp\u0113sies par j\u016bsu \u0101du, nekairinot un nesausinot to. Akt\u012bv\u0101s sast\u0101vda\u013cas \u2014 D-pantenols, bisabolols un dad\u017eu, kumel\u012b\u0161u, a\u013c\u0123u un p\u0113r\u013cu ekstrakti ar hialuronsk\u0101bi \u2014 nodro\u0161ina nomierino\u0161u un mitrino\u0161u iedarb\u012bbu.Piensk\u0101be maigi noloba raga sl\u0101\u0146a \u0161\u016bnas, izgaismo un regul\u0113 tauku dziedzeru darb\u012bbu.<\/p>\n<p>Lieto\u0161ana: uzkl\u0101t nelielu l\u012bdzek\u013ca daudzumu tie\u0161i uz sejas \u0101das, nospie\u017eot dozatoru, un viegli iemas\u0113t, izvairoties no acu zonas. R\u016bp\u012bgi noskalot ar \u016bdeni. <\/p>\n<p>Piesardz\u012bbas pas\u0101kumi: izvair\u012bties no saskares ar ac\u012bm. Ja l\u012bdzeklis iek\u013c\u016bst ac\u012bs, noskalot ar \u016bdeni.<\/p>\n<p>Uzglab\u0101\u0161anas noteikumi: uzglab\u0101t ra\u017eot\u0101ja iepakojum\u0101 saus\u0101s telp\u0101s, prom no atkl\u0101t\u0101s uguns, saules gaismas un karstuma, temperat\u016br\u0101 no +5\u00b0C l\u012bdz +25\u00b0C un relat\u012bvaj\u0101 gaisa mitrum\u0101 ne vair\u0101k k\u0101 75%.<\/p>\n<p>Der\u012bguma termi\u0146\u0161: 36 m\u0113ne\u0161i no izgatavo\u0161anas datuma.<\/p>\n","protected":false},"excerpt":{"rendered":"<p>Maigas un delik\u0101tas putas sejas mazg\u0101\u0161anai ar nomierino\u0161u akt\u012bvo kompleksu, kas paredz\u0113tas jut\u012bgai un sausai \u0101dai, r\u016bp\u0113sies par j\u016bsu \u0101du, nekairinot un nesausinot to. Akt\u012bv\u0101s sast\u0101vda\u013cas \u2014 D-pantenols, bisabolols un dad\u017eu, kumel\u012b\u0161u, a\u013c\u0123u un p\u0113r\u013cu ekstrakti ar hialuronsk\u0101bi \u2014 nodro\u0161ina nomierino\u0161u un mitrino\u0161u iedarb\u012bbu.Piensk\u0101be maigi noloba raga sl\u0101\u0146a \u0161\u016bnas, izgaismo un regul\u0113 tauku dziedzeru darb\u012bbu. [&#8230;]\n","protected":false},"featured_media":100204,"template":"","meta":[],"product_cat":[1833],"product_tag":[],"class_list":{"0":"post-61106","1":"product","2":"type-product","3":"status-publish","4":"has-post-thumbnail","6":"product_brand-green-pharm-cosmetic_ua","7":"product_cat-putas-sejas-mazgasanai","9":"first","10":"instock","11":"taxable","12":"shipping-taxable","13":"product-type-simple"},"_links":{"self":[{"href":"https:\/\/e.kosmolat.eu\/lv\/wp-json\/wp\/v2\/product\/61106","targetHints":{"allow":["GET"]}}],"collection":[{"href":"https:\/\/e.kosmolat.eu\/lv\/wp-json\/wp\/v2\/product"}],"about":[{"href":"https:\/\/e.kosmolat.eu\/lv\/wp-json\/wp\/v2\/types\/product"}],"wp:featuredmedia":[{"embeddable":true,"href":"https:\/\/e.kosmolat.eu\/lv\/wp-json\/wp\/v2\/media\/100204"}],"wp:attachment":[{"href":"https:\/\/e.kosmolat.eu\/lv\/wp-json\/wp\/v2\/media?parent=61106"}],"wp:term":[{"taxonomy":"product_cat","embeddable":true,"href":"https:\/\/e.kosmolat.eu\/lv\/wp-json\/wp\/v2\/product_cat?post=61106"},{"taxonomy":"product_tag","embeddable":true,"href":"https:\/\/e.kosmolat.eu\/lv\/wp-json\/wp\/v2\/product_tag?post=61106"}],"curies":[{"name":"wp","href":"https:\/\/api.w.org\/{rel}","templated":true}]}}