{"id":61098,"date":"2025-01-14T05:03:04","date_gmt":"2025-01-14T05:03:04","guid":{"rendered":"https:\/\/e.kosmolat.eu\/product\/pantenols-intensive-krems-75-ml\/"},"modified":"2026-04-20T06:17:39","modified_gmt":"2026-04-20T06:17:39","slug":"pantenols-intensive-krems-75-ml","status":"publish","type":"product","link":"https:\/\/e.kosmolat.eu\/lv\/product\/pantenols-intensive-krems-75-ml\/","title":{"rendered":"Pantenols-intensive Kr\u0113ms, 75 ml"},"content":{"rendered":"<p>Kosm\u0113tiskais kr\u0113ms ir bag\u0101tin\u0101ts ar dekspantenolu, dab\u012bgu alvejas sulu, alanto\u012bnu un vitam\u012bnu kompleksu A, E un F, kas pal\u012bdz atjaunot \u0101das mitrumu p\u0113c saules un sadz\u012bves apdegumiem. Akt\u012bvai vielai dekspantenolam piem\u012bt pretiekaisuma iedarb\u012bba, t\u0101 stimul\u0113 atjauno\u0161an\u0101s procesus un, kombin\u0101cij\u0101 ar alvejas sulu un alanto\u012bnu, nomierina \u0101du un samazina piet\u016bkumu. Dab\u012bg\u0101s makadamijas un saldo mande\u013cu e\u013c\u013cas baro \u0101das lip\u012bdu sl\u0101ni, m\u012bkstina to un nodro\u0161ina aizsardz\u012bbu pret \u0101r\u0113j\u0101s vides ietekmi.<\/p>\n<p>Lieto\u0161ana: nelielu kr\u0113ma daudzumu uzkl\u0101t uz t\u012bras \u0101das, vienm\u0113r\u012bgi sadalot ar viegl\u0101m kust\u012bb\u0101m. Ja nepiecie\u0161ams, atk\u0101rtot. Satur A vitam\u012bnu. L\u016bgums pirms lieto\u0161anas p\u0101rdom\u0101t savu dienas devu.<\/p>\n<p>Piesardz\u012bbas pas\u0101kumi: nelietot, ja ir paaugstin\u0101ta jut\u012bba pret atsevi\u0161\u0137\u0101m sast\u0101vda\u013c\u0101m.<\/p>\n<p>Nav \u0101rstniecisks l\u012bdzeklis.<\/p>\n<p>Uzglab\u0101\u0161anas noteikumi: uzglab\u0101t ra\u017eot\u0101ja iepakojum\u0101 saus\u0101s telp\u0101s, prom no atkl\u0101t\u0101s uguns, saules gaismas un karstuma, temperat\u016br\u0101 no +5 \u00b0C l\u012bdz +25 \u00b0C un relat\u012bvaj\u0101 gaisa mitrum\u0101, kas nep\u0101rsniedz 75%. <\/p>\n<p>Der\u012bguma termi\u0146\u0161: 36 m\u0113ne\u0161i no ra\u017eo\u0161anas datuma.<\/p>\n","protected":false},"excerpt":{"rendered":"<p>Kosm\u0113tiskais kr\u0113ms ir bag\u0101tin\u0101ts ar dekspantenolu, dab\u012bgu alvejas sulu, alanto\u012bnu un vitam\u012bnu kompleksu A, E un F, kas pal\u012bdz atjaunot \u0101das mitrumu p\u0113c saules un sadz\u012bves apdegumiem. Akt\u012bvai vielai dekspantenolam piem\u012bt pretiekaisuma iedarb\u012bba, t\u0101 stimul\u0113 atjauno\u0161an\u0101s procesus un, kombin\u0101cij\u0101 ar alvejas sulu un alanto\u012bnu, nomierina \u0101du un samazina piet\u016bkumu. Dab\u012bg\u0101s makadamijas un saldo mande\u013cu e\u013c\u013cas [&#8230;]\n","protected":false},"featured_media":99562,"template":"","meta":[],"product_cat":[1388],"product_tag":[],"class_list":{"0":"post-61098","1":"product","2":"type-product","3":"status-publish","4":"has-post-thumbnail","6":"product_brand-green-pharm-cosmetic_ua","7":"product_cat-kermena-kremi-pienini-sviesti","9":"first","10":"outofstock","11":"taxable","12":"shipping-taxable","13":"product-type-simple"},"_links":{"self":[{"href":"https:\/\/e.kosmolat.eu\/lv\/wp-json\/wp\/v2\/product\/61098","targetHints":{"allow":["GET"]}}],"collection":[{"href":"https:\/\/e.kosmolat.eu\/lv\/wp-json\/wp\/v2\/product"}],"about":[{"href":"https:\/\/e.kosmolat.eu\/lv\/wp-json\/wp\/v2\/types\/product"}],"wp:featuredmedia":[{"embeddable":true,"href":"https:\/\/e.kosmolat.eu\/lv\/wp-json\/wp\/v2\/media\/99562"}],"wp:attachment":[{"href":"https:\/\/e.kosmolat.eu\/lv\/wp-json\/wp\/v2\/media?parent=61098"}],"wp:term":[{"taxonomy":"product_cat","embeddable":true,"href":"https:\/\/e.kosmolat.eu\/lv\/wp-json\/wp\/v2\/product_cat?post=61098"},{"taxonomy":"product_tag","embeddable":true,"href":"https:\/\/e.kosmolat.eu\/lv\/wp-json\/wp\/v2\/product_tag?post=61098"}],"curies":[{"name":"wp","href":"https:\/\/api.w.org\/{rel}","templated":true}]}}