{"id":60896,"date":"2025-01-08T05:04:57","date_gmt":"2025-01-08T05:04:57","guid":{"rendered":"https:\/\/e.kosmolat.eu\/product\/eci-prof-shine-care-matu-serums-125-ml\/"},"modified":"2026-04-22T09:48:26","modified_gmt":"2026-04-22T09:48:26","slug":"eci-prof-shine-care-matu-serums-125-ml","status":"publish","type":"product","link":"https:\/\/e.kosmolat.eu\/lv\/product\/eci-prof-shine-care-matu-serums-125-ml\/","title":{"rendered":"ECI Prof. Shine &#038; Care Matu serums, 125 ml"},"content":{"rendered":"<p>Matu serums atdz\u012bvina boj\u0101tus matu galus, nov\u0113r\u0161 to elektriz\u0113\u0161anos, pie\u0161\u0137ir apjomu un baro matus no iek\u0161puses.<\/p>\n<p>Lieto\u0161ana: uzkl\u0101jiet da\u017eus seruma pilienus uz plaukstas un iemas\u0113jiet to matu galos. Var lietot gan uz sausiem, gan mitriem matiem. <\/p>\n<p>Piesardz\u012bbas pas\u0101kumi: tikai \u0101r\u012bgai lieto\u0161anai. Izvairieties no saskares ar ac\u012bm. Ja nok\u013c\u016bst ac\u012bs, r\u016bp\u012bgi izskalojiet t\u0101s ar lielu daudzumu \u016bdens. Uzglab\u0101jiet b\u0113rniem nepieejam\u0101 viet\u0101, istabas temperat\u016br\u0101. Nav piem\u0113rots b\u0113rniem l\u012bdz 3 gadu vecumam.<\/p>\n","protected":false},"excerpt":{"rendered":"<p>Matu serums atdz\u012bvina boj\u0101tus matu galus, nov\u0113r\u0161 to elektriz\u0113\u0161anos, pie\u0161\u0137ir apjomu un baro matus no iek\u0161puses. Lieto\u0161ana: uzkl\u0101jiet da\u017eus seruma pilienus uz plaukstas un iemas\u0113jiet to matu galos. Var lietot gan uz sausiem, gan mitriem matiem. Piesardz\u012bbas pas\u0101kumi: tikai \u0101r\u012bgai lieto\u0161anai. Izvairieties no saskares ar ac\u012bm. Ja nok\u013c\u016bst ac\u012bs, r\u016bp\u012bgi izskalojiet t\u0101s ar lielu daudzumu [&#8230;]\n","protected":false},"featured_media":102559,"template":"","meta":[],"product_cat":[2181],"product_tag":[],"class_list":{"0":"post-60896","1":"product","2":"type-product","3":"status-publish","4":"has-post-thumbnail","6":"product_brand-sora_tr","7":"product_cat-bez-kategorijas-lt","9":"first","10":"instock","11":"taxable","12":"shipping-taxable","13":"product-type-simple"},"_links":{"self":[{"href":"https:\/\/e.kosmolat.eu\/lv\/wp-json\/wp\/v2\/product\/60896","targetHints":{"allow":["GET"]}}],"collection":[{"href":"https:\/\/e.kosmolat.eu\/lv\/wp-json\/wp\/v2\/product"}],"about":[{"href":"https:\/\/e.kosmolat.eu\/lv\/wp-json\/wp\/v2\/types\/product"}],"wp:featuredmedia":[{"embeddable":true,"href":"https:\/\/e.kosmolat.eu\/lv\/wp-json\/wp\/v2\/media\/102559"}],"wp:attachment":[{"href":"https:\/\/e.kosmolat.eu\/lv\/wp-json\/wp\/v2\/media?parent=60896"}],"wp:term":[{"taxonomy":"product_cat","embeddable":true,"href":"https:\/\/e.kosmolat.eu\/lv\/wp-json\/wp\/v2\/product_cat?post=60896"},{"taxonomy":"product_tag","embeddable":true,"href":"https:\/\/e.kosmolat.eu\/lv\/wp-json\/wp\/v2\/product_tag?post=60896"}],"curies":[{"name":"wp","href":"https:\/\/api.w.org\/{rel}","templated":true}]}}