{"id":60880,"date":"2025-01-08T05:04:13","date_gmt":"2025-01-08T05:04:13","guid":{"rendered":"https:\/\/e.kosmolat.eu\/product\/wow-sejas-skrubis-ar-zemenes-ekstraktu-500-ml\/"},"modified":"2025-08-21T11:53:49","modified_gmt":"2025-08-21T11:53:49","slug":"wow-sejas-skrubis-ar-zemenes-ekstraktu-500-ml","status":"publish","type":"product","link":"https:\/\/e.kosmolat.eu\/lv\/product\/wow-sejas-skrubis-ar-zemenes-ekstraktu-500-ml\/","title":{"rendered":"WOW Sejas skrubis ar zemenes ekstraktu, 500 ml"},"content":{"rendered":"<p>Satur multivitam\u012bnu kompleksu. Piem\u0113rots visiem \u0101das tipiem. Sejas skrubis ar maigu formulu no\u0146em atmiru\u0161\u0101s \u0101das \u0161\u016bnas un atst\u0101j \u0101du svaigu, maigu un t\u012bru. Tas ir bag\u0101tin\u0101ts ar 100% apriko\u017eu kauli\u0146iem.<\/p>\n<p>Lieto\u0161ana: uzman\u012bgi uzkl\u0101jiet skrubi uz mitras vai sausas \u0101das, maigi iemas\u0113jot ar ap\u013cveida kust\u012bb\u0101m vienu min\u016bti. R\u016bp\u012bgi noskalojiet ar \u016bdeni.<\/p>\n<p>Piesardz\u012bbas pas\u0101kumi: tikai \u0101r\u012bgai lieto\u0161anai. Izvairieties no saskares ar ac\u012bm. Ja nok\u013c\u016bst ac\u012bs, r\u016bp\u012bgi izskalojiet t\u0101s ar lielu daudzumu \u016bdens. Uzglab\u0101jiet b\u0113rniem nepieejam\u0101 viet\u0101, istabas temperat\u016br\u0101. Nav piem\u0113rots b\u0113rniem l\u012bdz 3 gadu vecumam.<\/p>\n","protected":false},"excerpt":{"rendered":"<p>Satur multivitam\u012bnu kompleksu. Piem\u0113rots visiem \u0101das tipiem. Sejas skrubis ar maigu formulu no\u0146em atmiru\u0161\u0101s \u0101das \u0161\u016bnas un atst\u0101j \u0101du svaigu, maigu un t\u012bru. Tas ir bag\u0101tin\u0101ts ar 100% apriko\u017eu kauli\u0146iem. Lieto\u0161ana: uzman\u012bgi uzkl\u0101jiet skrubi uz mitras vai sausas \u0101das, maigi iemas\u0113jot ar ap\u013cveida kust\u012bb\u0101m vienu min\u016bti. R\u016bp\u012bgi noskalojiet ar \u016bdeni. Piesardz\u012bbas pas\u0101kumi: tikai \u0101r\u012bgai lieto\u0161anai. [&#8230;]\n","protected":false},"featured_media":0,"template":"","meta":[],"product_cat":[1999],"product_tag":[],"class_list":{"0":"post-60880","1":"product","2":"type-product","3":"status-publish","5":"product_brand-sora_tr","6":"product_cat-bez-kategorijas","8":"first","9":"outofstock","10":"taxable","11":"shipping-taxable","12":"product-type-simple"},"_links":{"self":[{"href":"https:\/\/e.kosmolat.eu\/lv\/wp-json\/wp\/v2\/product\/60880","targetHints":{"allow":["GET"]}}],"collection":[{"href":"https:\/\/e.kosmolat.eu\/lv\/wp-json\/wp\/v2\/product"}],"about":[{"href":"https:\/\/e.kosmolat.eu\/lv\/wp-json\/wp\/v2\/types\/product"}],"wp:attachment":[{"href":"https:\/\/e.kosmolat.eu\/lv\/wp-json\/wp\/v2\/media?parent=60880"}],"wp:term":[{"taxonomy":"product_cat","embeddable":true,"href":"https:\/\/e.kosmolat.eu\/lv\/wp-json\/wp\/v2\/product_cat?post=60880"},{"taxonomy":"product_tag","embeddable":true,"href":"https:\/\/e.kosmolat.eu\/lv\/wp-json\/wp\/v2\/product_tag?post=60880"}],"curies":[{"name":"wp","href":"https:\/\/api.w.org\/{rel}","templated":true}]}}