{"id":60844,"date":"2025-01-07T07:20:31","date_gmt":"2025-01-07T07:20:31","guid":{"rendered":"https:\/\/e.kosmolat.eu\/product\/eci-barber-series-ultra-strong-matu-zeleja-300-ml\/"},"modified":"2025-08-04T11:11:31","modified_gmt":"2025-08-04T11:11:31","slug":"eci-barber-series-ultra-strong-matu-zeleja-300-ml","status":"publish","type":"product","link":"https:\/\/e.kosmolat.eu\/lv\/product\/eci-barber-series-ultra-strong-matu-zeleja-300-ml\/","title":{"rendered":"ECI Barber Series Ultra Strong Matu \u017eeleja, 300 ml"},"content":{"rendered":"<p>Matu \u017eeleja ar ultra stipru fiks\u0101ciju, kas pie\u0161\u0137irs izteiksm\u012bgu izskatu j\u016bsu matiem.<\/p>\n<p>Lieto\u0161ana: pa\u0146emiet nelielu \u017eelejas daudzumu ar pirkstiem un uzkl\u0101jiet to uz matiem.  <\/p>\n<p>Piesardz\u012bbas pas\u0101kumi: tikai \u0101r\u012bgai lieto\u0161anai. Izvairieties no saskares ar ac\u012bm. Ja nok\u013c\u016bst ac\u012bs, r\u016bp\u012bgi izskalojiet t\u0101s ar lielu daudzumu \u016bdens. Uzglab\u0101jiet b\u0113rniem nepieejam\u0101 viet\u0101, istabas temperat\u016br\u0101. Nav piem\u0113rots b\u0113rniem l\u012bdz 3 gadu vecumam.<\/p>\n","protected":false},"excerpt":{"rendered":"<p>Matu \u017eeleja ar ultra stipru fiks\u0101ciju, kas pie\u0161\u0137irs izteiksm\u012bgu izskatu j\u016bsu matiem. Lieto\u0161ana: pa\u0146emiet nelielu \u017eelejas daudzumu ar pirkstiem un uzkl\u0101jiet to uz matiem. Piesardz\u012bbas pas\u0101kumi: tikai \u0101r\u012bgai lieto\u0161anai. Izvairieties no saskares ar ac\u012bm. Ja nok\u013c\u016bst ac\u012bs, r\u016bp\u012bgi izskalojiet t\u0101s ar lielu daudzumu \u016bdens. Uzglab\u0101jiet b\u0113rniem nepieejam\u0101 viet\u0101, istabas temperat\u016br\u0101. Nav piem\u0113rots b\u0113rniem l\u012bdz 3 [&#8230;]\n","protected":false},"featured_media":60988,"template":"","meta":[],"product_cat":[1688],"product_tag":[],"class_list":{"0":"post-60844","1":"product","2":"type-product","3":"status-publish","4":"has-post-thumbnail","6":"product_brand-sora_tr","7":"product_cat-plauku-prieziura-vyrams-2","9":"first","10":"outofstock","11":"taxable","12":"shipping-taxable","13":"product-type-simple"},"_links":{"self":[{"href":"https:\/\/e.kosmolat.eu\/lv\/wp-json\/wp\/v2\/product\/60844","targetHints":{"allow":["GET"]}}],"collection":[{"href":"https:\/\/e.kosmolat.eu\/lv\/wp-json\/wp\/v2\/product"}],"about":[{"href":"https:\/\/e.kosmolat.eu\/lv\/wp-json\/wp\/v2\/types\/product"}],"wp:featuredmedia":[{"embeddable":true,"href":"https:\/\/e.kosmolat.eu\/lv\/wp-json\/wp\/v2\/media\/60988"}],"wp:attachment":[{"href":"https:\/\/e.kosmolat.eu\/lv\/wp-json\/wp\/v2\/media?parent=60844"}],"wp:term":[{"taxonomy":"product_cat","embeddable":true,"href":"https:\/\/e.kosmolat.eu\/lv\/wp-json\/wp\/v2\/product_cat?post=60844"},{"taxonomy":"product_tag","embeddable":true,"href":"https:\/\/e.kosmolat.eu\/lv\/wp-json\/wp\/v2\/product_tag?post=60844"}],"curies":[{"name":"wp","href":"https:\/\/api.w.org\/{rel}","templated":true}]}}