{"id":60828,"date":"2025-01-07T05:02:32","date_gmt":"2025-01-07T05:02:32","guid":{"rendered":"https:\/\/e.kosmolat.eu\/product\/pharma-bio-lab-kiploku-samp-matu-stiprinas-un-augs-200-ml\/"},"modified":"2026-03-30T16:54:20","modified_gmt":"2026-03-30T16:54:20","slug":"pharma-bio-lab-kiploku-samp-matu-stiprinas-un-augs-200-ml","status":"publish","type":"product","link":"https:\/\/e.kosmolat.eu\/lv\/product\/pharma-bio-lab-kiploku-samp-matu-stiprinas-un-augs-200-ml\/","title":{"rendered":"Pharma Bio Lab. \u0136iploku \u0161amp. matu stiprin\u0101\u0161.un aug\u0161., 200 ml"},"content":{"rendered":"<p>\u0160amp\u016bns \u012bpa\u0161i izstr\u0101d\u0101ts Pharma BIO Laboratory ekspertu vad\u012bb\u0101, lai saudz\u012bgi att\u012br\u012btu galvas \u0101du un matus. Formula satur \u0101rstniec\u012bbas augu mais\u012bjumu un ir papildin\u0101ta ar kompleksu CAPAUXEIN (Francija), kas stimul\u0113 matu aug\u0161anu, stiprina matu strukt\u016bru un pie\u0161\u0137ir vitalit\u0101ti, ja to regul\u0101ri lieto kop\u0101 ar \u0137iploku balzamu-masku un dad\u017eu bio-serumu 2 in 1 no Pharma BIO Laboratory.<\/p>\n<p>Lieto\u0161ana: uzkl\u0101jiet nelielu \u0161amp\u016bna daudzumu uz mitriem matiem, r\u016bp\u012bgi saputojiet, atst\u0101jiet uz 1\u20132 min\u016bt\u0113m. Noskalojiet ar \u016bdeni.<br \/>\nPiesardz\u012bbas pas\u0101kumi: tikai \u0101r\u012bgai lieto\u0161anai. Ja iek\u013c\u016bst ac\u012bs, r\u016bp\u012bgi izskalojiet t\u0101s ar \u016bdeni, ja nepiecie\u0161ams, konsult\u0113jieties ar \u0101rstu.<\/p>\n<p>Br\u012bdin\u0101jums: iesp\u0113jama individu\u0101la paaugstin\u0101ta jut\u012bba pret atsevi\u0161\u0137\u0101m sast\u0101vda\u013c\u0101m. <\/p>\n<p>Der\u012bguma termi\u0146\u0161: 24 m\u0113ne\u0161i no izgatavo\u0161anas datuma.<\/p>\n<p>Uzglab\u0101t temperat\u016br\u0101 no +5 \u00b0C l\u012bdz +25\u00b0C, sarg\u0101jot no tie\u0161iem saules stariem. Uzglab\u0101t vismaz 0,5 m att\u0101lum\u0101 no apkures ier\u012bc\u0113m.<\/p>\n","protected":false},"excerpt":{"rendered":"<p>\u0160amp\u016bns \u012bpa\u0161i izstr\u0101d\u0101ts Pharma BIO Laboratory ekspertu vad\u012bb\u0101, lai saudz\u012bgi att\u012br\u012btu galvas \u0101du un matus. Formula satur \u0101rstniec\u012bbas augu mais\u012bjumu un ir papildin\u0101ta ar kompleksu CAPAUXEIN (Francija), kas stimul\u0113 matu aug\u0161anu, stiprina matu strukt\u016bru un pie\u0161\u0137ir vitalit\u0101ti, ja to regul\u0101ri lieto kop\u0101 ar \u0137iploku balzamu-masku un dad\u017eu bio-serumu 2 in 1 no Pharma BIO Laboratory. [&#8230;]\n","protected":false},"featured_media":93066,"template":"","meta":[],"product_cat":[1248],"product_tag":[],"class_list":{"0":"post-60828","1":"product","2":"type-product","3":"status-publish","4":"has-post-thumbnail","6":"product_brand-aljans-krasoti_ua","7":"product_cat-sampuni","9":"first","10":"instock","11":"taxable","12":"shipping-taxable","13":"product-type-simple"},"_links":{"self":[{"href":"https:\/\/e.kosmolat.eu\/lv\/wp-json\/wp\/v2\/product\/60828","targetHints":{"allow":["GET"]}}],"collection":[{"href":"https:\/\/e.kosmolat.eu\/lv\/wp-json\/wp\/v2\/product"}],"about":[{"href":"https:\/\/e.kosmolat.eu\/lv\/wp-json\/wp\/v2\/types\/product"}],"wp:featuredmedia":[{"embeddable":true,"href":"https:\/\/e.kosmolat.eu\/lv\/wp-json\/wp\/v2\/media\/93066"}],"wp:attachment":[{"href":"https:\/\/e.kosmolat.eu\/lv\/wp-json\/wp\/v2\/media?parent=60828"}],"wp:term":[{"taxonomy":"product_cat","embeddable":true,"href":"https:\/\/e.kosmolat.eu\/lv\/wp-json\/wp\/v2\/product_cat?post=60828"},{"taxonomy":"product_tag","embeddable":true,"href":"https:\/\/e.kosmolat.eu\/lv\/wp-json\/wp\/v2\/product_tag?post=60828"}],"curies":[{"name":"wp","href":"https:\/\/api.w.org\/{rel}","templated":true}]}}