{"id":60778,"date":"2025-01-04T05:03:58","date_gmt":"2025-01-04T05:03:58","guid":{"rendered":"https:\/\/e.kosmolat.eu\/product\/iq-cosm-juras-sals-vannam-ar-ar-granatab-ekstr-un-vinogu-seklu-ellu-500-g\/"},"modified":"2026-03-31T13:56:02","modified_gmt":"2026-03-31T13:56:02","slug":"iq-cosm-juras-sals-vannam-ar-ar-granatab-ekstr-un-vinogu-seklu-ellu-500-g","status":"publish","type":"product","link":"https:\/\/e.kosmolat.eu\/lv\/product\/iq-cosm-juras-sals-vannam-ar-ar-granatab-ekstr-un-vinogu-seklu-ellu-500-g\/","title":{"rendered":"IQ-cosm. J\u016bras s\u0101ls vann\u0101m ar ar gran\u0101t\u0101b. ekstr. un v\u012bnogu s\u0113klu e\u013clu, 500 g"},"content":{"rendered":"<p>Vannas ar j\u016bras s\u0101li uzlabo vesel\u012bbu, mazina musku\u013cu sasprindzin\u0101jumu un hipertonusu. J\u016bras s\u0101ls satur mikro- un makroelementus, kas nepiecie\u0161ami vesel\u012bbai. Jods pozit\u012bvi ietekm\u0113 endokr\u012bno un nervu sist\u0113mu darb\u012bbu. K\u0101lijs, n\u0101trijs un magnijs pal\u012bdz regul\u0113t \u0161\u016bnu baro\u0161anu un att\u012br\u012b\u0161anu, veido \u0161\u016bnu apvalkus un p\u0101rvada nervu impulsus.<\/p>\n<p>Lieto\u0161ana: iz\u0161\u0137\u012bdin\u0101t 100-150 g (4-5 \u0113d.k.) s\u0101ls vann\u0101 ar siltu \u016bdeni (+37 \u00b0C). Lai ieg\u016btu izteikt\u0101ku efektu, ieteicams pievienot l\u012bdz 250 g s\u0101ls vienai vannai. Vannoties 15-20 min\u016btes. P\u0113c s\u0101ls vannas ieteicams nomazg\u0101ties du\u0161\u0101 bez ziep\u0113m un atp\u016bsties 30 min\u016btes.<\/p>\n<p>Piesardz\u012bbas pas\u0101kumi: nelietot p\u0101rtik\u0101. Ja s\u0101ls nok\u013c\u016bst ac\u012bs \u2014 izskalojiet t\u0101s ar \u016bdeni. Iesp\u0113jama paaugstin\u0101ta individu\u0101l\u0101 jut\u012bba pret atsevi\u0161\u0137\u0101m sast\u0101vda\u013c\u0101m. <\/p>\n<p>Uzglab\u0101\u0161anas noteikumi: uzglab\u0101t saus\u0101, b\u0113rniem nepieejam\u0101 viet\u0101, temperat\u016br\u0101 < 30 \u00b0C.\n\nDer\u012bguma termi\u0146\u0161: 30 m\u0113ne\u0161i.\n<\/p>\n","protected":false},"excerpt":{"rendered":"<p>Vannas ar j\u016bras s\u0101li uzlabo vesel\u012bbu, mazina musku\u013cu sasprindzin\u0101jumu un hipertonusu. J\u016bras s\u0101ls satur mikro- un makroelementus, kas nepiecie\u0161ami vesel\u012bbai. Jods pozit\u012bvi ietekm\u0113 endokr\u012bno un nervu sist\u0113mu darb\u012bbu. K\u0101lijs, n\u0101trijs un magnijs pal\u012bdz regul\u0113t \u0161\u016bnu baro\u0161anu un att\u012br\u012b\u0161anu, veido \u0161\u016bnu apvalkus un p\u0101rvada nervu impulsus. Lieto\u0161ana: iz\u0161\u0137\u012bdin\u0101t 100-150 g (4-5 \u0113d.k.) s\u0101ls vann\u0101 ar siltu [&#8230;]\n","protected":false},"featured_media":99896,"template":"","meta":[],"product_cat":[1999],"product_tag":[],"class_list":{"0":"post-60778","1":"product","2":"type-product","3":"status-publish","4":"has-post-thumbnail","6":"product_brand-karapuz_ua","7":"product_cat-bez-kategorijas","9":"first","10":"instock","11":"taxable","12":"shipping-taxable","13":"product-type-simple"},"_links":{"self":[{"href":"https:\/\/e.kosmolat.eu\/lv\/wp-json\/wp\/v2\/product\/60778","targetHints":{"allow":["GET"]}}],"collection":[{"href":"https:\/\/e.kosmolat.eu\/lv\/wp-json\/wp\/v2\/product"}],"about":[{"href":"https:\/\/e.kosmolat.eu\/lv\/wp-json\/wp\/v2\/types\/product"}],"wp:featuredmedia":[{"embeddable":true,"href":"https:\/\/e.kosmolat.eu\/lv\/wp-json\/wp\/v2\/media\/99896"}],"wp:attachment":[{"href":"https:\/\/e.kosmolat.eu\/lv\/wp-json\/wp\/v2\/media?parent=60778"}],"wp:term":[{"taxonomy":"product_cat","embeddable":true,"href":"https:\/\/e.kosmolat.eu\/lv\/wp-json\/wp\/v2\/product_cat?post=60778"},{"taxonomy":"product_tag","embeddable":true,"href":"https:\/\/e.kosmolat.eu\/lv\/wp-json\/wp\/v2\/product_tag?post=60778"}],"curies":[{"name":"wp","href":"https:\/\/api.w.org\/{rel}","templated":true}]}}