{"id":60746,"date":"2025-01-04T05:02:44","date_gmt":"2025-01-04T05:02:44","guid":{"rendered":"https:\/\/e.kosmolat.eu\/product\/oblepikha-roku-balz-ar-smiltserkski-un-kirbi-atjaun-un-baroj-275-ml\/"},"modified":"2026-04-23T11:30:36","modified_gmt":"2026-04-23T11:30:36","slug":"oblepikha-roku-balz-ar-smiltserkski-un-kirbi-atjaun-un-baroj-275-ml","status":"publish","type":"product","link":"https:\/\/e.kosmolat.eu\/lv\/product\/oblepikha-roku-balz-ar-smiltserkski-un-kirbi-atjaun-un-baroj-275-ml\/","title":{"rendered":"Oblepikha Roku balz. ar smilts\u0113rk\u0161ki un \u0137irbi Atjaun. un baroj., 275 ml"},"content":{"rendered":"<p>Maigais balzams vienm\u0113r\u012bgi izkl\u0101jas un \u0101tri ies\u016bcas, sniedzot roku \u0101dai maiguma un komforta saj\u016btu. Smilts\u0113rk\u0161\u0137is baro un kopj roku \u0101du. \u0136irbis nodro\u0161ina vitaminiz\u0113jo\u0161u un nomierino\u0161u iedarb\u012bbu, nov\u0113r\u0161ot \u0101das iz\u017e\u016b\u0161anu.<\/p>\n<p>Lieto\u0161ana: uzkl\u0101t uz t\u012bras, sausas roku \u0101das.<\/p>\n<p>Piesardz\u012bbas pas\u0101kumi: tikai \u0101r\u012bgai lieto\u0161anai. Ja iek\u013c\u016bst ac\u012bs, r\u016bp\u012bgi izskalojiet t\u0101s ar \u016bdeni, ja nepiecie\u0161ams, konsult\u0113jieties ar \u0101rstu.<\/p>\n<p>Br\u012bdin\u0101jums: iesp\u0113jama individu\u0101la paaugstin\u0101ta jut\u012bba pret atsevi\u0161\u0137\u0101m sast\u0101vda\u013c\u0101m. Satur A vitam\u012bnu. L\u016bgums pirms lieto\u0161anas p\u0101rdom\u0101t savu dienas devu.<\/p>\n<p>Der\u012bguma termi\u0146\u0161: 24 m\u0113ne\u0161i no izgatavo\u0161anas datuma.<\/p>\n<p>Uzglab\u0101t temperat\u016br\u0101 no +5 \u00b0C l\u012bdz +25\u00b0C, sarg\u0101jot no tie\u0161iem saules stariem. Uzglab\u0101t vismaz 0,5 m att\u0101lum\u0101 no apkures ier\u012bc\u0113m.<\/p>\n","protected":false},"excerpt":{"rendered":"<p>Maigais balzams vienm\u0113r\u012bgi izkl\u0101jas un \u0101tri ies\u016bcas, sniedzot roku \u0101dai maiguma un komforta saj\u016btu. Smilts\u0113rk\u0161\u0137is baro un kopj roku \u0101du. \u0136irbis nodro\u0161ina vitaminiz\u0113jo\u0161u un nomierino\u0161u iedarb\u012bbu, nov\u0113r\u0161ot \u0101das iz\u017e\u016b\u0161anu. Lieto\u0161ana: uzkl\u0101t uz t\u012bras, sausas roku \u0101das. Piesardz\u012bbas pas\u0101kumi: tikai \u0101r\u012bgai lieto\u0161anai. Ja iek\u013c\u016bst ac\u012bs, r\u016bp\u012bgi izskalojiet t\u0101s ar \u016bdeni, ja nepiecie\u0161ams, konsult\u0113jieties ar \u0101rstu. Br\u012bdin\u0101jums: [&#8230;]\n","protected":false},"featured_media":93058,"template":"","meta":[],"product_cat":[1305],"product_tag":[],"class_list":{"0":"post-60746","1":"product","2":"type-product","3":"status-publish","4":"has-post-thumbnail","6":"product_brand-aljans-krasoti_ua","7":"product_cat-1305","9":"first","10":"instock","11":"taxable","12":"shipping-taxable","13":"product-type-simple"},"_links":{"self":[{"href":"https:\/\/e.kosmolat.eu\/lv\/wp-json\/wp\/v2\/product\/60746","targetHints":{"allow":["GET"]}}],"collection":[{"href":"https:\/\/e.kosmolat.eu\/lv\/wp-json\/wp\/v2\/product"}],"about":[{"href":"https:\/\/e.kosmolat.eu\/lv\/wp-json\/wp\/v2\/types\/product"}],"wp:featuredmedia":[{"embeddable":true,"href":"https:\/\/e.kosmolat.eu\/lv\/wp-json\/wp\/v2\/media\/93058"}],"wp:attachment":[{"href":"https:\/\/e.kosmolat.eu\/lv\/wp-json\/wp\/v2\/media?parent=60746"}],"wp:term":[{"taxonomy":"product_cat","embeddable":true,"href":"https:\/\/e.kosmolat.eu\/lv\/wp-json\/wp\/v2\/product_cat?post=60746"},{"taxonomy":"product_tag","embeddable":true,"href":"https:\/\/e.kosmolat.eu\/lv\/wp-json\/wp\/v2\/product_tag?post=60746"}],"curies":[{"name":"wp","href":"https:\/\/api.w.org\/{rel}","templated":true}]}}